{"id":939,"date":"2020-02-04T23:15:39","date_gmt":"2020-02-05T04:15:39","guid":{"rendered":"https:\/\/sunsetchiropractor.com\/condiciones\/sindrome-del-tunel-carpiano\/"},"modified":"2023-03-25T10:30:01","modified_gmt":"2023-03-25T14:30:01","slug":"sindrome-del-tunel-carpiano","status":"publish","type":"page","link":"https:\/\/sunsetchiropractor.com\/es\/condiciones\/sindrome-del-tunel-carpiano\/","title":{"rendered":"S\u00edndrome del T\u00fanel Carpiano"},"content":{"rendered":"<section class=\"wpb-content-wrapper\"><p>[vc_row row_type=\u00bbrow\u00bb use_row_as_full_screen_section=\u00bbno\u00bb type=\u00bbfull_width\u00bb angled_section=\u00bbno\u00bb text_align=\u00bbcenter\u00bb background_image=\u00bb574&#8243; background_image_as_pattern=\u00bbwithout_pattern\u00bb css=\u00bb.vc_custom_1673440377612{background-image: url(https:\/\/sunsetchiropractor.com\/wp-content\/uploads\/2022\/08\/sunset-chiropractor-34.jpg?id=8057) !important;background-position: center !important;background-repeat: no-repeat !important;background-size: contain !important;}\u00bb z_index=\u00bb\u00bb woodmart_css_id=\u00bb63beac74cf20f\u00bb responsive_spacing=\u00bbeyJwYXJhbV90eXBlIjoid29vZG1hcnRfcmVzcG9uc2l2ZV9zcGFjaW5nIiwic2VsZWN0b3JfaWQiOiI2M2JlYWM3NGNmMjBmIiwic2hvcnRjb2RlIjoidmNfcm93IiwiZGF0YSI6eyJ0YWJsZXQiOnt9LCJtb2JpbGUiOnt9fX0=\u00bb mobile_bg_img_hidden=\u00bbno\u00bb tablet_bg_img_hidden=\u00bbno\u00bb woodmart_parallax=\u00bb0&#8243; woodmart_gradient_switch=\u00bbno\u00bb woodmart_box_shadow=\u00bbno\u00bb wd_z_index=\u00bbno\u00bb woodmart_disable_overflow=\u00bb0&#8243; row_reverse_mobile=\u00bb0&#8243; row_reverse_tablet=\u00bb0&#8243; el_class=\u00bbocultar-sunset-mobile\u00bb][vc_column][vc_empty_space height=\u00bb10px\u00bb][vc_empty_space height=\u00bb10px\u00bb][vc_empty_space height=\u00bb10px\u00bb][vc_row_inner row_type=\u00bbrow\u00bb type=\u00bbgrid\u00bb text_align=\u00bbleft\u00bb css_animation=\u00bb\u00bb][vc_column_inner width=\u00bb1\/4&#8243;][\/vc_column_inner][vc_column_inner width=\u00bb1\/4&#8243;]\n\t\t<div id=\"wd-641d9e06b06e4\" class=\"title-wrapper wd-wpb wd-set-mb reset-last-child  wd-rs-641d9e06b06e4 wd-title-color-white wd-title-style-default text-center  wd-underline-colored\">\n\t\t\t\n\t\t\t<div class=\"liner-continer\">\n\t\t\t\t<h1 class=\"woodmart-title-container title  wd-font-weight-500 wd-fontsize-l\" >Cuidado Intensivo de la Columna<\/h1>\n\t\t\t\t\t\t\t<\/div>\n\t\t\t\n\t\t\t\n\t\t\t\n\t\t<\/div>\n\t\t\n\t\t[\/vc_column_inner][vc_column_inner width=\u00bb1\/4&#8243;][vc_empty_space height=\u00bb10px\u00bb][vc_empty_space height=\u00bb10px\u00bb][vc_empty_space height=\u00bb10px\u00bb][vc_single_image image=\u00bb11080&#8243; img_size=\u00bbfull\u00bb onclick=\u00bbcustom_link\u00bb qode_css_animation=\u00bb\u00bb link=\u00bbhttps:\/\/sunsetchiropractor.com\/es\/cuidado-intensivo-de-la-columna-vertebral\/\u00bb parallax_scroll=\u00bbno\u00bb woodmart_inline=\u00bbno\u00bb][\/vc_column_inner][vc_column_inner width=\u00bb1\/4&#8243;][\/vc_column_inner][\/vc_row_inner][vc_empty_space height=\u00bb10px\u00bb][vc_empty_space height=\u00bb10px\u00bb][vc_empty_space height=\u00bb10px\u00bb][\/vc_column][\/vc_row][vc_row css=\u00bb.vc_custom_1673440324433{background-image: url(https:\/\/sunsetchiropractor.com\/wp-content\/uploads\/2022\/08\/sunset-chiropractor-333.jpg?id=8082) !important;background-position: center !important;background-repeat: no-repeat !important;background-size: cover !important;}\u00bb woodmart_css_id=\u00bb63beac36d800c\u00bb responsive_spacing=\u00bbeyJwYXJhbV90eXBlIjoid29vZG1hcnRfcmVzcG9uc2l2ZV9zcGFjaW5nIiwic2VsZWN0b3JfaWQiOiI2M2JlYWMzNmQ4MDBjIiwic2hvcnRjb2RlIjoidmNfcm93IiwiZGF0YSI6eyJ0YWJsZXQiOnt9LCJtb2JpbGUiOnt9fX0=\u00bb mobile_bg_img_hidden=\u00bbno\u00bb tablet_bg_img_hidden=\u00bbno\u00bb woodmart_parallax=\u00bb0&#8243; woodmart_gradient_switch=\u00bbno\u00bb woodmart_box_shadow=\u00bbno\u00bb wd_z_index=\u00bbno\u00bb woodmart_disable_overflow=\u00bb0&#8243; row_reverse_mobile=\u00bb0&#8243; row_reverse_tablet=\u00bb0&#8243; el_class=\u00bbocultar-destok\u00bb][vc_column]\n\t\t<div id=\"wd-641d9e06b06e4\" class=\"title-wrapper wd-wpb wd-set-mb reset-last-child  wd-rs-641d9e06b06e4 wd-title-color-white wd-title-style-default text-center  wd-underline-colored\">\n\t\t\t\n\t\t\t<div class=\"liner-continer\">\n\t\t\t\t<h1 class=\"woodmart-title-container title  wd-font-weight-500 wd-fontsize-l\" >Cuidado Intensivo de la Columna<\/h1>\n\t\t\t\t\t\t\t<\/div>\n\t\t\t\n\t\t\t\n\t\t\t\n\t\t<\/div>\n\t\t\n\t\t[vc_single_image image=\u00bb8052&#8243; img_size=\u00bbfull\u00bb onclick=\u00bbcustom_link\u00bb qode_css_animation=\u00bb\u00bb link=\u00bbhttps:\/\/sunsetchiropractor.com\/es\/cuidado-intensivo-de-la-columna-vertebral\/\u00bb][\/vc_column][\/vc_row][vc_row row_type=\u00bbrow\u00bb use_row_as_full_screen_section=\u00bbno\u00bb type=\u00bbfull_width\u00bb angled_section=\u00bbno\u00bb text_align=\u00bbleft\u00bb background_image_as_pattern=\u00bbwithout_pattern\u00bb][vc_column][vc_column_text woodmart_inline=\u00bbno\u00bb text_larger=\u00bbno\u00bb]<\/p>\n<h2><\/h2>\n<h2><strong>S\u00edntomas<\/strong><\/h2>\n<p>&nbsp;<\/p>\n<div id=\"attachment_3252\" style=\"width: 310px\" class=\"wp-caption alignright\"><a href=\"https:\/\/sunsetchiropractor.com\/wp-content\/uploads\/2021\/02\/tunel-carpianol-1.jpg\"><img loading=\"lazy\" decoding=\"async\" aria-describedby=\"caption-attachment-3252\" class=\"size-full wp-image-3252\" src=\"https:\/\/sunsetchiropractor.com\/wp-content\/uploads\/2021\/02\/tunel-carpianol-1.jpg\" alt=\"T\u00fanel Carpianol \u2013 S\u00edntomas\" width=\"300\" height=\"197\" srcset=\"https:\/\/sunsetchiropractor.com\/wp-content\/uploads\/2021\/02\/tunel-carpianol-1.jpg 300w, https:\/\/sunsetchiropractor.com\/wp-content\/uploads\/2021\/02\/tunel-carpianol-1-150x99.jpg 150w\" sizes=\"auto, (max-width: 300px) 100vw, 300px\" \/><\/a><p id=\"caption-attachment-3252\" class=\"wp-caption-text\">T\u00fanel Carpianol \u2013 S\u00edntomas<\/p><\/div>\n<p>Los s\u00edntomas son ardor frecuente, hormigueo o entumecimiento en la mano y los dedos. El s\u00edndrome del t\u00fanel carpiano ocurre cuando el nervio mediano que atraviesa la mu\u00f1eca se presiona o se aprieta.<\/p>\n<p>Los s\u00edntomas del s\u00edndrome del t\u00fanel carpiano pueden incluir:<\/p>\n<p>-Entumecimiento o sensaci\u00f3n de \u00abpins y agujas\u00bb en los dedos<br \/>\n-Dolor y\/o entumecimiento que es peor por la noche o interrumpe el sue\u00f1o<br \/>\n-Quemar u hormiguear en el pulgar, \u00edndice y dedos medios, o dolor que se mueve hacia el brazo hasta el codo<br \/>\n-Debilidad de la mano<br \/>\n-Dificultad para agarrar objetos con las manos o soltar objetos<br \/>\n-Dificultad para manipular objetos peque\u00f1os<br \/>\n-Dificultad para hacer un pu\u00f1o<br \/>\n-Sensaci\u00f3n hinchada en los dedos<\/p>\n<p><strong>Sin embargo, estos mismos s\u00edntomas ocurren en muchas condiciones, lo que conduce a un alto n\u00famero (m\u00e1s de 50) de casos mal diagnosticados de s\u00edndrome del t\u00fanel carpiano.<\/strong><\/p>\n<h2><strong>Causas del t\u00fanel carpal<\/strong><\/h2>\n<p>&nbsp;<\/p>\n<div id=\"attachment_3254\" style=\"width: 310px\" class=\"wp-caption alignleft\"><a href=\"https:\/\/sunsetchiropractor.com\/wp-content\/uploads\/2021\/02\/tunel-carpianol-2-300x223.jpg\"><img loading=\"lazy\" decoding=\"async\" aria-describedby=\"caption-attachment-3254\" class=\"size-medium wp-image-3254\" src=\"https:\/\/sunsetchiropractor.com\/wp-content\/uploads\/2021\/02\/tunel-carpianol-2-300x223.jpg\" alt=\"T\u00fanel Carpianol \u2013 S\u00edntomas\" width=\"300\" height=\"223\" srcset=\"https:\/\/sunsetchiropractor.com\/wp-content\/uploads\/2021\/02\/tunel-carpianol-2-300x223.jpg 300w, https:\/\/sunsetchiropractor.com\/wp-content\/uploads\/2021\/02\/tunel-carpianol-2-430x320.jpg 430w, https:\/\/sunsetchiropractor.com\/wp-content\/uploads\/2021\/02\/tunel-carpianol-2-150x112.jpg 150w, https:\/\/sunsetchiropractor.com\/wp-content\/uploads\/2021\/02\/tunel-carpianol-2.jpg 552w\" sizes=\"auto, (max-width: 300px) 100vw, 300px\" \/><\/a><p id=\"caption-attachment-3254\" class=\"wp-caption-text\">T\u00fanel Carpianol \u2013 S\u00edntomas<\/p><\/div>\n<p>A menudo, el problema radica en el cuello, el hombro, el codo y la mu\u00f1eca, en lugar de solo en la mu\u00f1eca. Una p\u00e9rdida en la curva natural del cuello conduce a la presi\u00f3n en las ra\u00edces nerviosas que conducen al hombro, el brazo y la mano, causando dolor o entumecimiento en esas \u00e1reas.<\/p>\n<p>El Dr. Alfonso dise\u00f1a su programa de tratamiento abordando todas las \u00e1reas que el nervio puede estar atrapado, lo que conduce a una mejor oportunidad de recuperaci\u00f3n.<\/p>\n<p>La escoliosis es m\u00e1s que una columna vertebral torcida en un conjunto de radiograf\u00edas. Cada paciente es una persona, con una vida y una familia que les ha apoyado en su b\u00fasqueda de ayuda. La enfermedad de la escoliosis tiene una forma de victimizar emocional y\/o f\u00edsicamente a cada paciente. La escoliosis es una enfermedad que afecta al paciente f\u00edsica, emocional y mentalmente, adem\u00e1s de poner una enorme tensi\u00f3n emocional en la familia en su conjunto[\/vc_column_text][\/vc_column][\/vc_row][vc_row row_type=\u00bbrow\u00bb use_row_as_full_screen_section=\u00bbno\u00bb type=\u00bbfull_width\u00bb angled_section=\u00bbno\u00bb text_align=\u00bbleft\u00bb background_image_as_pattern=\u00bbwithout_pattern\u00bb][vc_column][vc_empty_space height=\u00bb50px\u00bb][\/vc_column][\/vc_row]<\/p>\n<\/section>","protected":false},"excerpt":{"rendered":"<p>[vc_row row_type=\u00bbrow\u00bb use_row_as_full_screen_section=\u00bbno\u00bb type=\u00bbfull_width\u00bb angled_section=\u00bbno\u00bb text_align=\u00bbcenter\u00bb background_image=\u00bb574&#8243; background_image_as_pattern=\u00bbwithout_pattern\u00bb css=\u00bb.vc_custom_1673440377612{background-image: url(https:\/\/sunsetchiropractor.com\/wp-content\/uploads\/2022\/08\/sunset-chiropractor-34.jpg?id=8057) !important;background-position: center !important;background-repeat: no-repeat !important;background-size: contain !important;}\u00bb z_index=\u00bb\u00bb woodmart_css_id=\u00bb63beac74cf20f\u00bb responsive_spacing=\u00bbeyJwYXJhbV90eXBlIjoid29vZG1hcnRfcmVzcG9uc2l2ZV9zcGFjaW5nIiwic2VsZWN0b3JfaWQiOiI2M2JlYWM3NGNmMjBmIiwic2hvcnRjb2RlIjoidmNfcm93IiwiZGF0YSI6eyJ0YWJsZXQiOnt9LCJtb2JpbGUiOnt9fX0=\u00bb<\/p>\n","protected":false},"author":1,"featured_media":0,"parent":903,"menu_order":0,"comment_status":"closed","ping_status":"closed","template":"","meta":{"footnotes":""},"class_list":["post-939","page","type-page","status-publish","hentry"],"_links":{"self":[{"href":"https:\/\/sunsetchiropractor.com\/es\/wp-json\/wp\/v2\/pages\/939","targetHints":{"allow":["GET"]}}],"collection":[{"href":"https:\/\/sunsetchiropractor.com\/es\/wp-json\/wp\/v2\/pages"}],"about":[{"href":"https:\/\/sunsetchiropractor.com\/es\/wp-json\/wp\/v2\/types\/page"}],"author":[{"embeddable":true,"href":"https:\/\/sunsetchiropractor.com\/es\/wp-json\/wp\/v2\/users\/1"}],"replies":[{"embeddable":true,"href":"https:\/\/sunsetchiropractor.com\/es\/wp-json\/wp\/v2\/comments?post=939"}],"version-history":[{"count":5,"href":"https:\/\/sunsetchiropractor.com\/es\/wp-json\/wp\/v2\/pages\/939\/revisions"}],"predecessor-version":[{"id":11152,"href":"https:\/\/sunsetchiropractor.com\/es\/wp-json\/wp\/v2\/pages\/939\/revisions\/11152"}],"up":[{"embeddable":true,"href":"https:\/\/sunsetchiropractor.com\/es\/wp-json\/wp\/v2\/pages\/903"}],"wp:attachment":[{"href":"https:\/\/sunsetchiropractor.com\/es\/wp-json\/wp\/v2\/media?parent=939"}],"curies":[{"name":"wp","href":"https:\/\/api.w.org\/{rel}","templated":true}]}}