{"id":932,"date":"2020-02-04T23:14:28","date_gmt":"2020-02-05T04:14:28","guid":{"rendered":"https:\/\/sunsetchiropractor.com\/condiciones\/dolor-de-espalda\/"},"modified":"2023-03-24T14:46:04","modified_gmt":"2023-03-24T18:46:04","slug":"dolor-de-espalda","status":"publish","type":"page","link":"https:\/\/sunsetchiropractor.com\/es\/condiciones\/dolor-de-espalda\/","title":{"rendered":"Dolor de espalda"},"content":{"rendered":"<section class=\"wpb-content-wrapper\"><p>[vc_row row_type=\u00bbrow\u00bb use_row_as_full_screen_section=\u00bbno\u00bb type=\u00bbfull_width\u00bb angled_section=\u00bbno\u00bb text_align=\u00bbcenter\u00bb background_image=\u00bb574&#8243; background_image_as_pattern=\u00bbwithout_pattern\u00bb css=\u00bb.vc_custom_1673440377612{background-image: url(https:\/\/sunsetchiropractor.com\/wp-content\/uploads\/2022\/08\/sunset-chiropractor-34.jpg?id=8057) !important;background-position: center !important;background-repeat: no-repeat !important;background-size: contain !important;}\u00bb z_index=\u00bb\u00bb woodmart_css_id=\u00bb63beac74cf20f\u00bb responsive_spacing=\u00bbeyJwYXJhbV90eXBlIjoid29vZG1hcnRfcmVzcG9uc2l2ZV9zcGFjaW5nIiwic2VsZWN0b3JfaWQiOiI2M2JlYWM3NGNmMjBmIiwic2hvcnRjb2RlIjoidmNfcm93IiwiZGF0YSI6eyJ0YWJsZXQiOnt9LCJtb2JpbGUiOnt9fX0=\u00bb mobile_bg_img_hidden=\u00bbno\u00bb tablet_bg_img_hidden=\u00bbno\u00bb woodmart_parallax=\u00bb0&#8243; woodmart_gradient_switch=\u00bbno\u00bb woodmart_box_shadow=\u00bbno\u00bb wd_z_index=\u00bbno\u00bb woodmart_disable_overflow=\u00bb0&#8243; row_reverse_mobile=\u00bb0&#8243; row_reverse_tablet=\u00bb0&#8243; el_class=\u00bbocultar-sunset-mobile\u00bb][vc_column][vc_empty_space height=\u00bb10px\u00bb][vc_empty_space height=\u00bb10px\u00bb][vc_empty_space height=\u00bb10px\u00bb][vc_row_inner row_type=\u00bbrow\u00bb type=\u00bbgrid\u00bb text_align=\u00bbleft\u00bb css_animation=\u00bb\u00bb][vc_column_inner width=\u00bb1\/4&#8243;][\/vc_column_inner][vc_column_inner width=\u00bb1\/4&#8243;]\n\t\t<div id=\"wd-641d9e06b06e4\" class=\"title-wrapper wd-wpb wd-set-mb reset-last-child  wd-rs-641d9e06b06e4 wd-title-color-white wd-title-style-default text-center  wd-underline-colored\">\n\t\t\t\n\t\t\t<div class=\"liner-continer\">\n\t\t\t\t<h1 class=\"woodmart-title-container title  wd-font-weight-500 wd-fontsize-l\" >Cuidado Intensivo de la Columna<\/h1>\n\t\t\t\t\t\t\t<\/div>\n\t\t\t\n\t\t\t\n\t\t\t\n\t\t<\/div>\n\t\t\n\t\t[\/vc_column_inner][vc_column_inner width=\u00bb1\/4&#8243;][vc_empty_space height=\u00bb10px\u00bb][vc_empty_space height=\u00bb10px\u00bb][vc_empty_space height=\u00bb10px\u00bb][vc_single_image image=\u00bb11080&#8243; img_size=\u00bbfull\u00bb onclick=\u00bbcustom_link\u00bb qode_css_animation=\u00bb\u00bb link=\u00bbhttps:\/\/sunsetchiropractor.com\/es\/cuidado-intensivo-de-la-columna-vertebral\/\u00bb parallax_scroll=\u00bbno\u00bb woodmart_inline=\u00bbno\u00bb][\/vc_column_inner][vc_column_inner width=\u00bb1\/4&#8243;][\/vc_column_inner][\/vc_row_inner][vc_empty_space height=\u00bb10px\u00bb][vc_empty_space height=\u00bb10px\u00bb][vc_empty_space height=\u00bb10px\u00bb][\/vc_column][\/vc_row][vc_row css=\u00bb.vc_custom_1673440324433{background-image: url(https:\/\/sunsetchiropractor.com\/wp-content\/uploads\/2022\/08\/sunset-chiropractor-333.jpg?id=8082) !important;background-position: center !important;background-repeat: no-repeat !important;background-size: cover !important;}\u00bb woodmart_css_id=\u00bb63beac36d800c\u00bb responsive_spacing=\u00bbeyJwYXJhbV90eXBlIjoid29vZG1hcnRfcmVzcG9uc2l2ZV9zcGFjaW5nIiwic2VsZWN0b3JfaWQiOiI2M2JlYWMzNmQ4MDBjIiwic2hvcnRjb2RlIjoidmNfcm93IiwiZGF0YSI6eyJ0YWJsZXQiOnt9LCJtb2JpbGUiOnt9fX0=\u00bb mobile_bg_img_hidden=\u00bbno\u00bb tablet_bg_img_hidden=\u00bbno\u00bb woodmart_parallax=\u00bb0&#8243; woodmart_gradient_switch=\u00bbno\u00bb woodmart_box_shadow=\u00bbno\u00bb wd_z_index=\u00bbno\u00bb woodmart_disable_overflow=\u00bb0&#8243; row_reverse_mobile=\u00bb0&#8243; row_reverse_tablet=\u00bb0&#8243; el_class=\u00bbocultar-destok\u00bb][vc_column]\n\t\t<div id=\"wd-641d9e06b06e4\" class=\"title-wrapper wd-wpb wd-set-mb reset-last-child  wd-rs-641d9e06b06e4 wd-title-color-white wd-title-style-default text-center  wd-underline-colored\">\n\t\t\t\n\t\t\t<div class=\"liner-continer\">\n\t\t\t\t<h1 class=\"woodmart-title-container title  wd-font-weight-500 wd-fontsize-l\" >Cuidado Intensivo de la Columna<\/h1>\n\t\t\t\t\t\t\t<\/div>\n\t\t\t\n\t\t\t\n\t\t\t\n\t\t<\/div>\n\t\t\n\t\t[vc_single_image image=\u00bb8052&#8243; img_size=\u00bbfull\u00bb onclick=\u00bbcustom_link\u00bb qode_css_animation=\u00bb\u00bb link=\u00bbhttps:\/\/sunsetchiropractor.com\/es\/cuidado-intensivo-de-la-columna-vertebral\/\u00bb][\/vc_column][\/vc_row][vc_row row_type=\u00bbrow\u00bb use_row_as_full_screen_section=\u00bbno\u00bb type=\u00bbgrid\u00bb angled_section=\u00bbno\u00bb text_align=\u00bbleft\u00bb background_image_as_pattern=\u00bbwithout_pattern\u00bb z_index=\u00bb\u00bb][vc_column][vc_empty_space height=\u00bb10px\u00bb][vc_column_text woodmart_inline=\u00bbno\u00bb text_larger=\u00bbno\u00bb]<\/p>\n<h2 style=\"text-align: center;\"><strong>S\u00edntomas<\/strong><\/h2>\n<ul>\n<li>Dolor de espalda localizado<\/li>\n<li>Dolor de tiro<\/li>\n<li>Rigidez y dolor<\/li>\n<li>Dolor radiante en las piernas y los pies<\/li>\n<li>Entumecimiento en las piernas y los pies<\/li>\n<li>Debilidad en las piernas y los pies<\/li>\n<\/ul>\n<p>&nbsp;<\/p>\n<h2 style=\"text-align: center;\"><strong>Causas comunes<\/strong> <strong>del dolor de espalda<\/strong><\/h2>\n<p>&nbsp;<\/p>\n<h2 style=\"padding-left: 30px;\"><strong>Discopat\u00eda espinal (Protruciones\/Herniaciones)<\/strong><\/h2>\n<p>&nbsp;<\/p>\n<p style=\"padding-left: 30px;\">La carga anormal del disco como resultado de una alineaci\u00f3n espinal anormal hace que los n\u00facleos pulposi cambien creando una presi\u00f3n focal concentrada para eventualmente descomponer las fibras de los annulus. Disminuir el movimiento de las articulaciones espinales como resultado de una alineaci\u00f3n espinal inadecuada causa deshidrataci\u00f3n y debilitamiento del disco espinal.<\/p>\n<div id=\"attachment_3224\" style=\"width: 310px\" class=\"wp-caption alignright\"><a href=\"https:\/\/sunsetchiropractor.com\/wp-content\/uploads\/2021\/02\/dolor-de-espalda-1.jpg\"><img loading=\"lazy\" decoding=\"async\" aria-describedby=\"caption-attachment-3224\" class=\"size-full wp-image-3224\" src=\"https:\/\/sunsetchiropractor.com\/wp-content\/uploads\/2021\/02\/dolor-de-espalda-1.jpg\" alt=\"Dolor de Espalda \u2013 S\u00edntomas\" width=\"300\" height=\"300\" srcset=\"https:\/\/sunsetchiropractor.com\/wp-content\/uploads\/2021\/02\/dolor-de-espalda-1.jpg 300w, https:\/\/sunsetchiropractor.com\/wp-content\/uploads\/2021\/02\/dolor-de-espalda-1-150x150.jpg 150w\" sizes=\"auto, (max-width: 300px) 100vw, 300px\" \/><\/a><p id=\"caption-attachment-3224\" class=\"wp-caption-text\">Dolor de Espalda \u2013 S\u00edntomas<\/p><\/div>\n<p style=\"padding-left: 30px;\">Esto causa irritaci\u00f3n en los nervios que resulta en dolor de espalda localizado e irradiado<\/p>\n<h2 style=\"padding-left: 30px;\"><strong>Alineaci\u00f3n espinal anormal<\/strong><\/h2>\n<p>&nbsp;<\/p>\n<p style=\"padding-left: 30px;\">El dolor de espalda puede ser causado por una p\u00e9rdida de las curvaturas normales saludables en la espalda desde la vista lateral y la alineaci\u00f3n recta desde la vista frontal. Las curvas funcionan como amortiguadores y distribuyen adecuadamente la fuerza que se est\u00e1 colocando sobre las estructuras espinales. Cuando la columna vertebral no est\u00e1 en la alineaci\u00f3n adecuada que pone estr\u00e9s anormal en los discos, m\u00fasculo, ligamentos. huesos, fascia y nervios que provocan inflamaci\u00f3n de los nervios que causa dolor de espalda.<\/p>\n<h2 style=\"padding-left: 30px;\"><strong>Degeneraci\u00f3n de la columna vertebral<\/strong><\/h2>\n<p style=\"padding-left: 30px;\">A\u00f1os de postura anormal y alineaci\u00f3n espinal anormal causa debilitamiento y descomposici\u00f3n de las articulaciones de la columna vertebral, discos, m\u00fasculos, fascia y ligamentos, lo que resulta en que las ra\u00edces nerviosas se comprimen o irritan, lo que resulta en dolor de espalda.<\/p>\n<p>[\/vc_column_text][\/vc_column][\/vc_row]<\/p>\n<\/section>","protected":false},"excerpt":{"rendered":"<p>[vc_row row_type=\u00bbrow\u00bb use_row_as_full_screen_section=\u00bbno\u00bb type=\u00bbfull_width\u00bb angled_section=\u00bbno\u00bb text_align=\u00bbcenter\u00bb background_image=\u00bb574&#8243; background_image_as_pattern=\u00bbwithout_pattern\u00bb css=\u00bb.vc_custom_1673440377612{background-image: url(https:\/\/sunsetchiropractor.com\/wp-content\/uploads\/2022\/08\/sunset-chiropractor-34.jpg?id=8057) !important;background-position: center !important;background-repeat: no-repeat !important;background-size: contain !important;}\u00bb z_index=\u00bb\u00bb woodmart_css_id=\u00bb63beac74cf20f\u00bb responsive_spacing=\u00bbeyJwYXJhbV90eXBlIjoid29vZG1hcnRfcmVzcG9uc2l2ZV9zcGFjaW5nIiwic2VsZWN0b3JfaWQiOiI2M2JlYWM3NGNmMjBmIiwic2hvcnRjb2RlIjoidmNfcm93IiwiZGF0YSI6eyJ0YWJsZXQiOnt9LCJtb2JpbGUiOnt9fX0=\u00bb<\/p>\n","protected":false},"author":1,"featured_media":0,"parent":903,"menu_order":0,"comment_status":"closed","ping_status":"closed","template":"","meta":{"footnotes":""},"class_list":["post-932","page","type-page","status-publish","hentry"],"_links":{"self":[{"href":"https:\/\/sunsetchiropractor.com\/es\/wp-json\/wp\/v2\/pages\/932","targetHints":{"allow":["GET"]}}],"collection":[{"href":"https:\/\/sunsetchiropractor.com\/es\/wp-json\/wp\/v2\/pages"}],"about":[{"href":"https:\/\/sunsetchiropractor.com\/es\/wp-json\/wp\/v2\/types\/page"}],"author":[{"embeddable":true,"href":"https:\/\/sunsetchiropractor.com\/es\/wp-json\/wp\/v2\/users\/1"}],"replies":[{"embeddable":true,"href":"https:\/\/sunsetchiropractor.com\/es\/wp-json\/wp\/v2\/comments?post=932"}],"version-history":[{"count":4,"href":"https:\/\/sunsetchiropractor.com\/es\/wp-json\/wp\/v2\/pages\/932\/revisions"}],"predecessor-version":[{"id":11145,"href":"https:\/\/sunsetchiropractor.com\/es\/wp-json\/wp\/v2\/pages\/932\/revisions\/11145"}],"up":[{"embeddable":true,"href":"https:\/\/sunsetchiropractor.com\/es\/wp-json\/wp\/v2\/pages\/903"}],"wp:attachment":[{"href":"https:\/\/sunsetchiropractor.com\/es\/wp-json\/wp\/v2\/media?parent=932"}],"curies":[{"name":"wp","href":"https:\/\/api.w.org\/{rel}","templated":true}]}}