{"id":903,"date":"2020-02-04T23:13:31","date_gmt":"2020-02-05T04:13:31","guid":{"rendered":"https:\/\/sunsetchiropractor.com\/condiciones\/"},"modified":"2021-02-25T15:22:14","modified_gmt":"2021-02-25T20:22:14","slug":"condiciones","status":"publish","type":"page","link":"https:\/\/sunsetchiropractor.com\/es\/condiciones\/","title":{"rendered":"Condiciones"},"content":{"rendered":"<section class=\"wpb-content-wrapper\"><p>[vc_row css_animation=\u00bb\u00bb row_type=\u00bbrow\u00bb use_row_as_full_screen_section=\u00bbno\u00bb type=\u00bbfull_width\u00bb angled_section=\u00bbno\u00bb text_align=\u00bbleft\u00bb background_image_as_pattern=\u00bbwithout_pattern\u00bb][vc_column][vc_column_text]El dolor de cualquier tipo, a cualquier edad, es una se\u00f1al de que algo est\u00e1 mal. El dolor es la forma en que el cuerpo indica que se ha alcanzado un l\u00edmite o que se ha desarrollado un problema. Como podemos adaptarnos, los dolores y dolores menores a menudo se encogen de hombros. Si bien el dolor aparentemente puede desaparecer, si el problema subyacente permanece desatendido, el problema puede empeorar lentamente hasta que se vuelve m\u00e1s dif\u00edcil y costoso de resolver. Algunas personas silencian sus s\u00edntomas con un analg\u00e9sico e ignoran el mensaje. Pero eso ser\u00eda como quitar la bater\u00eda para silenciar un detector de humo!<\/p>\n<p>&nbsp;<\/p>\n<p>A lo largo de nuestras vidas, tenemos estr\u00e9s f\u00edsico en nuestro cuerpo, algunos agudos como ca\u00eddas, traumas, accidentes y algunos cr\u00f3nicos como sentarse durante largos per\u00edodos, trabajar en un escritorio durante largos per\u00edodos, usar computadoras o tel\u00e9fonos o permanecer de pie durante largos per\u00edodos. Estas tensiones f\u00edsicas nos hacen perder la alineaci\u00f3n normal y poner la columna vertebral en una posici\u00f3n debilitada. Al principio, esto no causa dolor, pero a medida que contin\u00faa cargando anormalmente las estructuras espinales, comienza a descomponer las estructuras espinales que conducen a da\u00f1o espinal y, finalmente, el dolor y la p\u00e9rdida funcional para desarrollarse.[\/vc_column_text][vc_empty_space height=\u00bb45px\u00bb][\/vc_column][\/vc_row][vc_row css_animation=\u00bb\u00bb row_type=\u00bbrow\u00bb use_row_as_full_screen_section=\u00bbno\u00bb type=\u00bbfull_width\u00bb angled_section=\u00bbno\u00bb text_align=\u00bbleft\u00bb background_image_as_pattern=\u00bbwithout_pattern\u00bb][vc_column width=\u00bb1\/4&#8243;][vc_single_image image=\u00bb2983&#8243; img_size=\u00bbmedium\u00bb add_caption=\u00bbyes\u00bb onclick=\u00bbcustom_link\u00bb qode_css_animation=\u00bb\u00bb link=\u00bb\/conditions\/back-pain\/\u00bb][vc_empty_space height=\u00bb35px\u00bb][vc_column_text]<\/p>\n<h2 style=\"text-align: center;\"><a href=\"https:\/\/sunsetchiropractor.com\/es\/condiciones\/dolor-de-espalda\/\">Dolor de espalda<\/a><\/h2>\n<p>[\/vc_column_text][\/vc_column][vc_column width=\u00bb1\/4&#8243;][vc_single_image image=\u00bb2985&#8243; img_size=\u00bbmedium\u00bb add_caption=\u00bbyes\u00bb onclick=\u00bbcustom_link\u00bb qode_css_animation=\u00bb\u00bb link=\u00bb\/conditions\/neck-pain\/\u00bb][vc_empty_space height=\u00bb35px\u00bb][vc_column_text]<\/p>\n<h2 style=\"text-align: center;\"><a href=\"https:\/\/sunsetchiropractor.com\/es\/condiciones\/dolor-de-cuello\/\">Dolor de cuello<\/a><\/h2>\n<p>[\/vc_column_text][\/vc_column][vc_column width=\u00bb1\/4&#8243;][vc_single_image image=\u00bb2987&#8243; img_size=\u00bbmedium\u00bb add_caption=\u00bbyes\u00bb onclick=\u00bbcustom_link\u00bb qode_css_animation=\u00bb\u00bb link=\u00bb\/conditions\/headaches\/\u00bb][vc_empty_space height=\u00bb35px\u00bb][vc_column_text]<\/p>\n<h2 style=\"text-align: center;\"><a href=\"https:\/\/sunsetchiropractor.com\/es\/condiciones\/dolores-de-cabeza\/\">Jaquecas<\/a><\/h2>\n<p>[\/vc_column_text][\/vc_column][vc_column width=\u00bb1\/4&#8243;][vc_single_image image=\u00bb3304&#8243; img_size=\u00bbmedium\u00bb add_caption=\u00bbyes\u00bb onclick=\u00bbcustom_link\u00bb qode_css_animation=\u00bb\u00bb link=\u00bb\/conditions\/disc-protrusions-and-herniations\/\u00bb][vc_empty_space height=\u00bb35px\u00bb][vc_column_text]<\/p>\n<h2 style=\"text-align: center;\"><a href=\"https:\/\/sunsetchiropractor.com\/es\/condiciones\/protuberancias-y-hernias-de-disco\/\">Protuberancias y hernias de disco<\/a><\/h2>\n<p>[\/vc_column_text][\/vc_column][\/vc_row][vc_row css_animation=\u00bb\u00bb row_type=\u00bbrow\u00bb use_row_as_full_screen_section=\u00bbno\u00bb type=\u00bbfull_width\u00bb angled_section=\u00bbno\u00bb text_align=\u00bbleft\u00bb background_image_as_pattern=\u00bbwithout_pattern\u00bb][vc_column][vc_empty_space][\/vc_column][\/vc_row][vc_row css_animation=\u00bb\u00bb row_type=\u00bbrow\u00bb use_row_as_full_screen_section=\u00bbno\u00bb type=\u00bbfull_width\u00bb angled_section=\u00bbno\u00bb text_align=\u00bbleft\u00bb background_image_as_pattern=\u00bbwithout_pattern\u00bb][vc_column width=\u00bb1\/4&#8243;][vc_single_image image=\u00bb2991&#8243; img_size=\u00bbmedium\u00bb add_caption=\u00bbyes\u00bb onclick=\u00bbcustom_link\u00bb qode_css_animation=\u00bb\u00bb link=\u00bb\/conditions\/sciatica-and-leg-pain\/\u00bb][vc_empty_space height=\u00bb35px\u00bb][vc_column_text]<\/p>\n<h2 style=\"text-align: center;\"><a href=\"https:\/\/sunsetchiropractor.com\/es\/condiciones\/ciatica-y-dolor-en-las-piernas\/\">Ci\u00e1tica y dolor<\/a><\/h2>\n<p>[\/vc_column_text][\/vc_column][vc_column width=\u00bb1\/4&#8243;][vc_single_image image=\u00bb2989&#8243; img_size=\u00bbmedium\u00bb add_caption=\u00bbyes\u00bb onclick=\u00bbcustom_link\u00bb qode_css_animation=\u00bb\u00bb link=\u00bb\/conditions\/spinal-stenosis\/\u00bb][vc_empty_space height=\u00bb35px\u00bb][vc_column_text]<\/p>\n<h2 style=\"text-align: center;\"><a href=\"https:\/\/sunsetchiropractor.com\/en\/conditions\/spinal-stenosis\/\">Estenosis espinal<\/a><\/h2>\n<p>[\/vc_column_text][\/vc_column][vc_column width=\u00bb1\/4&#8243;][vc_single_image image=\u00bb2985&#8243; img_size=\u00bbmedium\u00bb add_caption=\u00bbyes\u00bb onclick=\u00bbcustom_link\u00bb qode_css_animation=\u00bb\u00bb link=\u00bb\/conditions\/carpal-tunnel-syndrome\/\u00bb][vc_empty_space height=\u00bb35px\u00bb][vc_column_text]<\/p>\n<h2 style=\"text-align: center;\"><a href=\"https:\/\/sunsetchiropractor.com\/es\/condiciones\/sindrome-del-tunel-carpiano\/\">S\u00edndrome del T\u00fanel Carpiano<\/a><\/h2>\n<p>[\/vc_column_text][\/vc_column][vc_column width=\u00bb1\/4&#8243;][vc_single_image image=\u00bb2995&#8243; img_size=\u00bbmedium\u00bb add_caption=\u00bbyes\u00bb onclick=\u00bbcustom_link\u00bb qode_css_animation=\u00bb\u00bb link=\u00bb\/conditions\/scoliosis-diagnosis-and-traditional-treatment-model\/\u00bb][vc_empty_space height=\u00bb35px\u00bb][vc_column_text]<\/p>\n<h2 style=\"text-align: center;\"><a href=\"https:\/\/sunsetchiropractor.com\/es\/condiciones\/diagnostico-de-la-escoliosis-y-modelo-de-tratamiento-tradicional-2\/\">Diagn\u00f3stico y tratamiento de la escoliosis<\/a><\/h2>\n<p>[\/vc_column_text][\/vc_column][\/vc_row][vc_row css_animation=\u00bb\u00bb row_type=\u00bbrow\u00bb use_row_as_full_screen_section=\u00bbno\u00bb type=\u00bbfull_width\u00bb angled_section=\u00bbno\u00bb text_align=\u00bbleft\u00bb background_image_as_pattern=\u00bbwithout_pattern\u00bb][vc_column][vc_empty_space][\/vc_column][\/vc_row]<\/p>\n<\/section>","protected":false},"excerpt":{"rendered":"<p>[vc_row css_animation=\u00bb\u00bb row_type=\u00bbrow\u00bb use_row_as_full_screen_section=\u00bbno\u00bb type=\u00bbfull_width\u00bb angled_section=\u00bbno\u00bb text_align=\u00bbleft\u00bb background_image_as_pattern=\u00bbwithout_pattern\u00bb][vc_column][vc_column_text]El dolor de cualquier tipo, a cualquier edad, es una se\u00f1al de que<\/p>\n","protected":false},"author":1,"featured_media":0,"parent":0,"menu_order":0,"comment_status":"closed","ping_status":"closed","template":"","meta":{"footnotes":""},"class_list":["post-903","page","type-page","status-publish","hentry"],"_links":{"self":[{"href":"https:\/\/sunsetchiropractor.com\/es\/wp-json\/wp\/v2\/pages\/903","targetHints":{"allow":["GET"]}}],"collection":[{"href":"https:\/\/sunsetchiropractor.com\/es\/wp-json\/wp\/v2\/pages"}],"about":[{"href":"https:\/\/sunsetchiropractor.com\/es\/wp-json\/wp\/v2\/types\/page"}],"author":[{"embeddable":true,"href":"https:\/\/sunsetchiropractor.com\/es\/wp-json\/wp\/v2\/users\/1"}],"replies":[{"embeddable":true,"href":"https:\/\/sunsetchiropractor.com\/es\/wp-json\/wp\/v2\/comments?post=903"}],"version-history":[{"count":0,"href":"https:\/\/sunsetchiropractor.com\/es\/wp-json\/wp\/v2\/pages\/903\/revisions"}],"wp:attachment":[{"href":"https:\/\/sunsetchiropractor.com\/es\/wp-json\/wp\/v2\/media?parent=903"}],"curies":[{"name":"wp","href":"https:\/\/api.w.org\/{rel}","templated":true}]}}