{"id":895,"date":"2020-02-04T23:12:55","date_gmt":"2020-02-05T04:12:55","guid":{"rendered":"https:\/\/sunsetchiropractor.com\/accidente-automovilistico\/"},"modified":"2023-03-24T13:43:54","modified_gmt":"2023-03-24T17:43:54","slug":"accidente-automovilistico","status":"publish","type":"page","link":"https:\/\/sunsetchiropractor.com\/es\/accidente-automovilistico\/","title":{"rendered":"Accidente automovil\u00edstico"},"content":{"rendered":"<section class=\"wpb-content-wrapper\"><p>[vc_row row_type=\u00bbrow\u00bb use_row_as_full_screen_section=\u00bbno\u00bb type=\u00bbfull_width\u00bb angled_section=\u00bbno\u00bb text_align=\u00bbcenter\u00bb background_image=\u00bb574&#8243; background_image_as_pattern=\u00bbwithout_pattern\u00bb css=\u00bb.vc_custom_1673440377612{background-image: url(https:\/\/sunsetchiropractor.com\/wp-content\/uploads\/2022\/08\/sunset-chiropractor-34.jpg?id=8057) !important;background-position: center !important;background-repeat: no-repeat !important;background-size: contain !important;}\u00bb z_index=\u00bb\u00bb woodmart_css_id=\u00bb63beac74cf20f\u00bb responsive_spacing=\u00bbeyJwYXJhbV90eXBlIjoid29vZG1hcnRfcmVzcG9uc2l2ZV9zcGFjaW5nIiwic2VsZWN0b3JfaWQiOiI2M2JlYWM3NGNmMjBmIiwic2hvcnRjb2RlIjoidmNfcm93IiwiZGF0YSI6eyJ0YWJsZXQiOnt9LCJtb2JpbGUiOnt9fX0=\u00bb mobile_bg_img_hidden=\u00bbno\u00bb tablet_bg_img_hidden=\u00bbno\u00bb woodmart_parallax=\u00bb0&#8243; woodmart_gradient_switch=\u00bbno\u00bb woodmart_box_shadow=\u00bbno\u00bb wd_z_index=\u00bbno\u00bb woodmart_disable_overflow=\u00bb0&#8243; row_reverse_mobile=\u00bb0&#8243; row_reverse_tablet=\u00bb0&#8243; el_class=\u00bbocultar-sunset-mobile\u00bb][vc_column][vc_empty_space height=\u00bb10px\u00bb][vc_empty_space height=\u00bb10px\u00bb][vc_empty_space height=\u00bb10px\u00bb][vc_empty_space height=\u00bb10px\u00bb][vc_empty_space height=\u00bb10px\u00bb][vc_row_inner row_type=\u00bbrow\u00bb type=\u00bbgrid\u00bb text_align=\u00bbleft\u00bb css_animation=\u00bb\u00bb][vc_column_inner width=\u00bb1\/4&#8243;][\/vc_column_inner][vc_column_inner width=\u00bb1\/4&#8243;]\n\t\t<div id=\"wd-641d9e06b06e4\" class=\"title-wrapper wd-wpb wd-set-mb reset-last-child  wd-rs-641d9e06b06e4 wd-title-color-white wd-title-style-default text-center  wd-underline-colored\">\n\t\t\t\n\t\t\t<div class=\"liner-continer\">\n\t\t\t\t<h1 class=\"woodmart-title-container title  wd-font-weight-500 wd-fontsize-l\" >Cuidado Intensivo de la Columna<\/h1>\n\t\t\t\t\t\t\t<\/div>\n\t\t\t\n\t\t\t\n\t\t\t\n\t\t<\/div>\n\t\t\n\t\t[\/vc_column_inner][vc_column_inner width=\u00bb1\/4&#8243;][vc_empty_space height=\u00bb10px\u00bb][vc_empty_space height=\u00bb10px\u00bb][vc_empty_space height=\u00bb10px\u00bb][vc_single_image image=\u00bb11080&#8243; img_size=\u00bbfull\u00bb onclick=\u00bbcustom_link\u00bb qode_css_animation=\u00bb\u00bb link=\u00bbhttps:\/\/sunsetchiropractor.com\/es\/cuidado-intensivo-de-la-columna-vertebral\/\u00bb parallax_scroll=\u00bbno\u00bb woodmart_inline=\u00bbno\u00bb][\/vc_column_inner][vc_column_inner width=\u00bb1\/4&#8243;][\/vc_column_inner][\/vc_row_inner][vc_empty_space height=\u00bb10px\u00bb][vc_empty_space height=\u00bb10px\u00bb][vc_empty_space height=\u00bb10px\u00bb][vc_empty_space height=\u00bb10px\u00bb][vc_empty_space height=\u00bb10px\u00bb][vc_empty_space height=\u00bb10px\u00bb][\/vc_column][\/vc_row][vc_row css=\u00bb.vc_custom_1673440324433{background-image: url(https:\/\/sunsetchiropractor.com\/wp-content\/uploads\/2022\/08\/sunset-chiropractor-333.jpg?id=8082) !important;background-position: center !important;background-repeat: no-repeat !important;background-size: cover !important;}\u00bb woodmart_css_id=\u00bb63beac36d800c\u00bb responsive_spacing=\u00bbeyJwYXJhbV90eXBlIjoid29vZG1hcnRfcmVzcG9uc2l2ZV9zcGFjaW5nIiwic2VsZWN0b3JfaWQiOiI2M2JlYWMzNmQ4MDBjIiwic2hvcnRjb2RlIjoidmNfcm93IiwiZGF0YSI6eyJ0YWJsZXQiOnt9LCJtb2JpbGUiOnt9fX0=\u00bb mobile_bg_img_hidden=\u00bbno\u00bb tablet_bg_img_hidden=\u00bbno\u00bb woodmart_parallax=\u00bb0&#8243; woodmart_gradient_switch=\u00bbno\u00bb woodmart_box_shadow=\u00bbno\u00bb wd_z_index=\u00bbno\u00bb woodmart_disable_overflow=\u00bb0&#8243; row_reverse_mobile=\u00bb0&#8243; row_reverse_tablet=\u00bb0&#8243; el_class=\u00bbocultar-destok\u00bb][vc_column]\n\t\t<div id=\"wd-641d9e06b06e4\" class=\"title-wrapper wd-wpb wd-set-mb reset-last-child  wd-rs-641d9e06b06e4 wd-title-color-white wd-title-style-default text-center  wd-underline-colored\">\n\t\t\t\n\t\t\t<div class=\"liner-continer\">\n\t\t\t\t<h1 class=\"woodmart-title-container title  wd-font-weight-500 wd-fontsize-l\" >Cuidado Intensivo de la Columna<\/h1>\n\t\t\t\t\t\t\t<\/div>\n\t\t\t\n\t\t\t\n\t\t\t\n\t\t<\/div>\n\t\t\n\t\t[vc_single_image image=\u00bb8052&#8243; img_size=\u00bbfull\u00bb onclick=\u00bbcustom_link\u00bb qode_css_animation=\u00bb\u00bb link=\u00bbhttps:\/\/sunsetchiropractor.com\/es\/cuidado-intensivo-de-la-columna-vertebral\/\u00bb][\/vc_column][\/vc_row][vc_row row_type=\u00bbrow\u00bb use_row_as_full_screen_section=\u00bbno\u00bb type=\u00bbfull_width\u00bb angled_section=\u00bbno\u00bb text_align=\u00bbleft\u00bb background_image_as_pattern=\u00bbwithout_pattern\u00bb][vc_column][vc_column_text]<img loading=\"lazy\" decoding=\"async\" class=\"wp-image-897 alignleft\" src=\"https:\/\/sunsetchiropractor.com\/wp-content\/uploads\/2018\/09\/injuria-1024x666.jpg\" alt=\"\" width=\"600\" height=\"390\" srcset=\"https:\/\/sunsetchiropractor.com\/wp-content\/uploads\/2018\/09\/injuria-1024x666.jpg 1024w, https:\/\/sunsetchiropractor.com\/wp-content\/uploads\/2018\/09\/injuria-430x280.jpg 430w, https:\/\/sunsetchiropractor.com\/wp-content\/uploads\/2018\/09\/injuria-150x98.jpg 150w, https:\/\/sunsetchiropractor.com\/wp-content\/uploads\/2018\/09\/injuria-700x455.jpg 700w, https:\/\/sunsetchiropractor.com\/wp-content\/uploads\/2018\/09\/injuria-300x195.jpg 300w, https:\/\/sunsetchiropractor.com\/wp-content\/uploads\/2018\/09\/injuria-768x499.jpg 768w, https:\/\/sunsetchiropractor.com\/wp-content\/uploads\/2018\/09\/injuria-400x260.jpg 400w, https:\/\/sunsetchiropractor.com\/wp-content\/uploads\/2018\/09\/injuria.jpg 1240w\" sizes=\"auto, (max-width: 600px) 100vw, 600px\" \/>Si usted ha estado en un accidente automovil\u00edstico o involucrado en una lesi\u00f3n personal, deje que Sunset Chiropractic y Wellness le ayuden a comenzar en el camino hacia la recuperaci\u00f3n. \u00a0 Ofrecemos atenci\u00f3n quiropr\u00e1ctica por lesiones personales y\u00a0 trabajaremos con usted o su abogado para presentar las reclamaciones de seguro necesarias. Usted ya est\u00e1 lidiando con el estr\u00e9s adicional de una lesi\u00f3n y trauma de su accidente. Queremos que su enfoque est\u00e9 en su recuperaci\u00f3n y recibir tratamiento personalizado en lugar de preocuparse por tratar con compa\u00f1\u00edas de seguros.<\/p>\n<p>&nbsp;<\/p>\n<p>Lo mejor es programar una cita de diagn\u00f3stico con nosotros tan pronto como sea posible despu\u00e9s de una lesi\u00f3n de autom\u00f3vil o accidente. Incluso si no hay s\u00edntomas inmediatos, algunos pueden ocurrir unos d\u00edas o semanas despu\u00e9s de un accidente. Adem\u00e1s, el dolor y la gravedad de la lesi\u00f3n pueden aumentar si esperas demasiado tiempo para recibir un diagn\u00f3stico y tratamiento.<\/p>\n<p>&nbsp;<\/p>\n<p>Usted tiene 14 d\u00edas a partir de la fecha del accidente para recibir atenci\u00f3n o NO beneficio o cobertura de seguro.<\/p>\n<p>&nbsp;<\/p>\n<p>Una vez que determinemos el alcance de su lesi\u00f3n de su accidente, recibir\u00e1 atenci\u00f3n quiropr\u00e1ctica por lesiones personales, as\u00ed como ejercicios personalizados para ayudar a aliviar el dolor y corregir la lesi\u00f3n. Trabajaremos con usted para desarrollar un plan de tratamiento personalizado y determinar cu\u00e1nto tiempo le tomar\u00e1 recuperarse de su lesi\u00f3n.<\/p>\n<p>&nbsp;<\/p>\n<p>El latigazo cervical es una de las lesiones autom\u00e1s comunes y conlleva da\u00f1os en los tejidos blandos (m\u00fasculos, ligamentos, discos y fascia) del cuello. Muchas personas piensan que el latigazo cervical s\u00f3lo ocurre a alta velocidad o accidentes potencialmente mortales. Sin embargo, el latigazo cervical puede ocurrir por accidentes tan lentos como 5 mph. Los s\u00edntomas pueden presentarse unos d\u00edas o incluso semanas despu\u00e9s de la lesi\u00f3n, sin embargo, esperar hasta el inicio de los s\u00edntomas para recibir tratamiento puede interferir en gran medida la velocidad y facilidad de su recuperaci\u00f3n.<\/p>\n<p>&nbsp;<\/p>\n<p>Los s\u00edntomas del latigazo cervical y la lesi\u00f3n pueden incluir:<\/p>\n<p>&nbsp;<\/p>\n<ul>\n<li>Jaquecas<\/li>\n<li>Dolor de cuello<\/li>\n<li>Dolor de hombro\/brazo\/mano<\/li>\n<li>Entumecimiento y hormigueo<\/li>\n<li>Dolor de espalda baja<\/li>\n<li>Dolor de cadera y pierna<\/li>\n<li>Rigidez<\/li>\n<li>Dificultad para concentrarse<\/li>\n<li>Depresi\u00f3n<\/li>\n<li>Insomnio<\/li>\n<\/ul>\n<p>&nbsp;<\/p>\n<p>Somos el \u00fanico centro de atenci\u00f3n m\u00e9dica en Miami que utiliza rayos X de movimiento digital para encontrar lesiones que com\u00fanmente se pierden por rayos X est\u00e1ticos, resonancias magn\u00e9ticas y tomograf\u00edas computarizadas!!! Haga clic\u00a0\u00a0aqu\u00ed www.digitalmotionxraymiami.com para obtener m\u00e1s informaci\u00f3n sobre esta incre\u00edble tecnolog\u00eda de diagn\u00f3stico que nos ayuda a diagnosticar adecuadamente el alcance de sus lesiones.<\/p>\n<p>&nbsp;<\/p>\n<p>Cuanto m\u00e1s r\u00e1pido reciba tratamiento para sus lesiones, m\u00e1s f\u00e1cil ser\u00e1 su recuperaci\u00f3n completa. No espere para comenzar su camino hacia la curaci\u00f3n y p\u00f3ngase en contacto con Sunset Chiropractic and Wellness hoy para obtener respuestas a sus preguntas.<\/p>\n<p>&nbsp;<\/p>\n<p>Perm\u00edtanos ayudarle a recuperarse de su lesi\u00f3n automovilable o lesiones personales hoy. Si tiene m\u00e1s preguntas sobre nuestra atenci\u00f3n quiropr\u00e1ctica por lesiones personales o le gustar\u00eda programar una cita.[\/vc_column_text][vc_empty_space height=\u00bb60px\u00bb][\/vc_column][\/vc_row]<\/p>\n<\/section>","protected":false},"excerpt":{"rendered":"<p>[vc_row row_type=\u00bbrow\u00bb use_row_as_full_screen_section=\u00bbno\u00bb type=\u00bbfull_width\u00bb angled_section=\u00bbno\u00bb text_align=\u00bbcenter\u00bb background_image=\u00bb574&#8243; background_image_as_pattern=\u00bbwithout_pattern\u00bb css=\u00bb.vc_custom_1673440377612{background-image: url(https:\/\/sunsetchiropractor.com\/wp-content\/uploads\/2022\/08\/sunset-chiropractor-34.jpg?id=8057) !important;background-position: center !important;background-repeat: no-repeat !important;background-size: contain !important;}\u00bb z_index=\u00bb\u00bb woodmart_css_id=\u00bb63beac74cf20f\u00bb responsive_spacing=\u00bbeyJwYXJhbV90eXBlIjoid29vZG1hcnRfcmVzcG9uc2l2ZV9zcGFjaW5nIiwic2VsZWN0b3JfaWQiOiI2M2JlYWM3NGNmMjBmIiwic2hvcnRjb2RlIjoidmNfcm93IiwiZGF0YSI6eyJ0YWJsZXQiOnt9LCJtb2JpbGUiOnt9fX0=\u00bb<\/p>\n","protected":false},"author":1,"featured_media":0,"parent":0,"menu_order":0,"comment_status":"closed","ping_status":"closed","template":"","meta":{"footnotes":""},"class_list":["post-895","page","type-page","status-publish","hentry"],"_links":{"self":[{"href":"https:\/\/sunsetchiropractor.com\/es\/wp-json\/wp\/v2\/pages\/895","targetHints":{"allow":["GET"]}}],"collection":[{"href":"https:\/\/sunsetchiropractor.com\/es\/wp-json\/wp\/v2\/pages"}],"about":[{"href":"https:\/\/sunsetchiropractor.com\/es\/wp-json\/wp\/v2\/types\/page"}],"author":[{"embeddable":true,"href":"https:\/\/sunsetchiropractor.com\/es\/wp-json\/wp\/v2\/users\/1"}],"replies":[{"embeddable":true,"href":"https:\/\/sunsetchiropractor.com\/es\/wp-json\/wp\/v2\/comments?post=895"}],"version-history":[{"count":3,"href":"https:\/\/sunsetchiropractor.com\/es\/wp-json\/wp\/v2\/pages\/895\/revisions"}],"predecessor-version":[{"id":11118,"href":"https:\/\/sunsetchiropractor.com\/es\/wp-json\/wp\/v2\/pages\/895\/revisions\/11118"}],"wp:attachment":[{"href":"https:\/\/sunsetchiropractor.com\/es\/wp-json\/wp\/v2\/media?parent=895"}],"curies":[{"name":"wp","href":"https:\/\/api.w.org\/{rel}","templated":true}]}}