{"id":1142,"date":"2020-02-04T23:29:20","date_gmt":"2020-02-05T04:29:20","guid":{"rendered":"https:\/\/sunsetchiropractor.com\/condiciones\/diagnostico-de-la-escoliosis-y-modelo-de-tratamiento-tradicional\/"},"modified":"2023-03-25T10:32:04","modified_gmt":"2023-03-25T14:32:04","slug":"diagnostico-de-la-escoliosis-y-modelo-de-tratamiento-tradicional-2","status":"publish","type":"page","link":"https:\/\/sunsetchiropractor.com\/es\/condiciones\/diagnostico-de-la-escoliosis-y-modelo-de-tratamiento-tradicional-2\/","title":{"rendered":"Diagn\u00f3stico de la escoliosis y modelo de tratamiento tradicional"},"content":{"rendered":"<section class=\"wpb-content-wrapper\"><p>[vc_row row_type=\u00bbrow\u00bb use_row_as_full_screen_section=\u00bbno\u00bb type=\u00bbfull_width\u00bb angled_section=\u00bbno\u00bb text_align=\u00bbcenter\u00bb background_image=\u00bb574&#8243; background_image_as_pattern=\u00bbwithout_pattern\u00bb css=\u00bb.vc_custom_1673440377612{background-image: url(https:\/\/sunsetchiropractor.com\/wp-content\/uploads\/2022\/08\/sunset-chiropractor-34.jpg?id=8057) !important;background-position: center !important;background-repeat: no-repeat !important;background-size: contain !important;}\u00bb z_index=\u00bb\u00bb woodmart_css_id=\u00bb63beac74cf20f\u00bb responsive_spacing=\u00bbeyJwYXJhbV90eXBlIjoid29vZG1hcnRfcmVzcG9uc2l2ZV9zcGFjaW5nIiwic2VsZWN0b3JfaWQiOiI2M2JlYWM3NGNmMjBmIiwic2hvcnRjb2RlIjoidmNfcm93IiwiZGF0YSI6eyJ0YWJsZXQiOnt9LCJtb2JpbGUiOnt9fX0=\u00bb mobile_bg_img_hidden=\u00bbno\u00bb tablet_bg_img_hidden=\u00bbno\u00bb woodmart_parallax=\u00bb0&#8243; woodmart_gradient_switch=\u00bbno\u00bb woodmart_box_shadow=\u00bbno\u00bb wd_z_index=\u00bbno\u00bb woodmart_disable_overflow=\u00bb0&#8243; row_reverse_mobile=\u00bb0&#8243; row_reverse_tablet=\u00bb0&#8243; el_class=\u00bbocultar-sunset-mobile\u00bb][vc_column][vc_empty_space height=\u00bb10px\u00bb][vc_empty_space height=\u00bb10px\u00bb][vc_empty_space height=\u00bb10px\u00bb][vc_row_inner row_type=\u00bbrow\u00bb type=\u00bbgrid\u00bb text_align=\u00bbleft\u00bb css_animation=\u00bb\u00bb][vc_column_inner width=\u00bb1\/4&#8243;][\/vc_column_inner][vc_column_inner width=\u00bb1\/4&#8243;]\n\t\t<div id=\"wd-641d9e06b06e4\" class=\"title-wrapper wd-wpb wd-set-mb reset-last-child  wd-rs-641d9e06b06e4 wd-title-color-white wd-title-style-default text-center  wd-underline-colored\">\n\t\t\t\n\t\t\t<div class=\"liner-continer\">\n\t\t\t\t<h1 class=\"woodmart-title-container title  wd-font-weight-500 wd-fontsize-l\" >Cuidado Intensivo de la Columna<\/h1>\n\t\t\t\t\t\t\t<\/div>\n\t\t\t\n\t\t\t\n\t\t\t\n\t\t<\/div>\n\t\t\n\t\t[\/vc_column_inner][vc_column_inner width=\u00bb1\/4&#8243;][vc_empty_space height=\u00bb10px\u00bb][vc_empty_space height=\u00bb10px\u00bb][vc_empty_space height=\u00bb10px\u00bb][vc_single_image image=\u00bb11080&#8243; img_size=\u00bbfull\u00bb onclick=\u00bbcustom_link\u00bb qode_css_animation=\u00bb\u00bb link=\u00bbhttps:\/\/sunsetchiropractor.com\/es\/cuidado-intensivo-de-la-columna-vertebral\/\u00bb parallax_scroll=\u00bbno\u00bb woodmart_inline=\u00bbno\u00bb][\/vc_column_inner][vc_column_inner width=\u00bb1\/4&#8243;][\/vc_column_inner][\/vc_row_inner][vc_empty_space height=\u00bb10px\u00bb][vc_empty_space height=\u00bb10px\u00bb][vc_empty_space height=\u00bb10px\u00bb][\/vc_column][\/vc_row][vc_row css=\u00bb.vc_custom_1673440324433{background-image: url(https:\/\/sunsetchiropractor.com\/wp-content\/uploads\/2022\/08\/sunset-chiropractor-333.jpg?id=8082) !important;background-position: center !important;background-repeat: no-repeat !important;background-size: cover !important;}\u00bb woodmart_css_id=\u00bb63beac36d800c\u00bb responsive_spacing=\u00bbeyJwYXJhbV90eXBlIjoid29vZG1hcnRfcmVzcG9uc2l2ZV9zcGFjaW5nIiwic2VsZWN0b3JfaWQiOiI2M2JlYWMzNmQ4MDBjIiwic2hvcnRjb2RlIjoidmNfcm93IiwiZGF0YSI6eyJ0YWJsZXQiOnt9LCJtb2JpbGUiOnt9fX0=\u00bb mobile_bg_img_hidden=\u00bbno\u00bb tablet_bg_img_hidden=\u00bbno\u00bb woodmart_parallax=\u00bb0&#8243; woodmart_gradient_switch=\u00bbno\u00bb woodmart_box_shadow=\u00bbno\u00bb wd_z_index=\u00bbno\u00bb woodmart_disable_overflow=\u00bb0&#8243; row_reverse_mobile=\u00bb0&#8243; row_reverse_tablet=\u00bb0&#8243; el_class=\u00bbocultar-destok\u00bb][vc_column]\n\t\t<div id=\"wd-641d9e06b06e4\" class=\"title-wrapper wd-wpb wd-set-mb reset-last-child  wd-rs-641d9e06b06e4 wd-title-color-white wd-title-style-default text-center  wd-underline-colored\">\n\t\t\t\n\t\t\t<div class=\"liner-continer\">\n\t\t\t\t<h1 class=\"woodmart-title-container title  wd-font-weight-500 wd-fontsize-l\" >Cuidado Intensivo de la Columna<\/h1>\n\t\t\t\t\t\t\t<\/div>\n\t\t\t\n\t\t\t\n\t\t\t\n\t\t<\/div>\n\t\t\n\t\t[vc_single_image image=\u00bb8052&#8243; img_size=\u00bbfull\u00bb onclick=\u00bbcustom_link\u00bb qode_css_animation=\u00bb\u00bb link=\u00bbhttps:\/\/sunsetchiropractor.com\/es\/cuidado-intensivo-de-la-columna-vertebral\/\u00bb][\/vc_column][\/vc_row][vc_row row_type=\u00bbrow\u00bb use_row_as_full_screen_section=\u00bbno\u00bb type=\u00bbfull_width\u00bb angled_section=\u00bbno\u00bb text_align=\u00bbleft\u00bb background_image_as_pattern=\u00bbwithout_pattern\u00bb][vc_column][vc_column_text]La escoliosis se define mediante una medida unidimensional en la radiograf\u00eda llamada \u00e1ngulo de Cobb. Una medida de 10 grados o m\u00e1s se clasifica como escoliosis. El modelo m\u00e9dico actual es la observaci\u00f3n entre 10 y 25 grados de rayos X cada 4-6 meses con la esperanza de que no empeore. Como la mayor\u00eda de los problemas en nuestras vidas cuando los ignoras, empeoran. Una vez que la escoliosis es de 25 grados se prescribe un aparato r\u00edgido con el objetivo principal s\u00f3lo para estabilizar la progresi\u00f3n. Por lo general se usa 23 horas al d\u00eda. Una vez que la escoliosis ha alcanzado 40 grados, se recomienda la recomendaci\u00f3n para la cirug\u00eda de escoliosis. El modelo actual no siempre tiene en cuenta: s\u00edntomas, funci\u00f3n y estructura a la hora de tomar las decisiones cl\u00ednicas para decidir los tratamientos.<\/p>\n<p>&nbsp;<\/p>\n<h2><strong>Repensar la escoliosis<\/strong><\/h2>\n<p>&nbsp;<\/p>\n<p>La escoliosis es m\u00e1s que un \u00e1ngulo de Cobb. La escoliosis es una enfermedad del sistema esquel\u00e9tico neuromuscular. No es una afecci\u00f3n \u00f3sea. Es una posici\u00f3n espinal anormal tridimensional compuesta de compresi\u00f3n, traslaci\u00f3n, flexi\u00f3n lateral y rotaci\u00f3n.<\/p>\n<p>Aproximadamente 80 de los casos de escoliosis se definen como idiop\u00e1ticos, lo que significa causa desconocida. Lo \u00fanico de la mayor\u00eda de los casos de escoliosis idiop\u00e1tica es que la estructura espinal no es anormal al principio. Los huesos no tienen forma anormal, lo que hace que la columna vertebral se doble y gire. El sistema encargado de mantener la columna vertebral erguida y recta en relaci\u00f3n con la gravedad est\u00e1 funcionando mal. La escoliosis en pocas palabras es la mala interpretaci\u00f3n cerebral del cuerpo en relaci\u00f3n con la gravedad. Est\u00e1 sosteniendo la columna vertebral en una posici\u00f3n anormal, pero no se da cuenta. El origen de la afecci\u00f3n parece no estar en la columna vertebral sino en el cerebro. La postura y la posici\u00f3n de la columna vertebral son controladas por el cerebro a trav\u00e9s de reflejos posturales involuntarios. Esta es la raz\u00f3n por la que no puedes corregir tu postura simplemente de pie derecho. Cuando dejas de pensar en ello, vuelves a tu postura anormal original.<\/p>\n<p>&nbsp;<\/p>\n<h2><strong>Objetivo del tratamiento de la escoliosis<\/strong><\/h2>\n<p>&nbsp;<\/p>\n<p>El objetivo de nuestro cuidado es ayudar al paciente a mejorar sintom\u00e1tica, funcional y estructuralmente y proporcionar al paciente herramientas para combatir su condici\u00f3n con menos dependencia de los m\u00e9dicos. El enfoque de nuestro programa es la reducci\u00f3n y estabilizaci\u00f3n de la escoliosis sin refuerzos ni cirug\u00eda. El objetivo de los tratamientos de la escoliosis es rehabilitar el sistema neuromuscular que controla la postura y la posici\u00f3n espinal. Este programa puede restaurar la esperanza y la fuerza, y el esp\u00edritu.<\/p>\n<p>&nbsp;<\/p>\n<h2><strong>Tratamiento<\/strong><\/h2>\n<p>&nbsp;<\/p>\n<p>Silla de escoliosis<\/p>\n<p>Distracci\u00f3n de flexi\u00f3n con correas<\/p>\n<p>Voladizo con vibraci\u00f3n<\/p>\n<p>Rehabilitaci\u00f3n en el hogar[\/vc_column_text][\/vc_column][\/vc_row][vc_row row_type=\u00bbrow\u00bb use_row_as_full_screen_section=\u00bbno\u00bb type=\u00bbfull_width\u00bb angled_section=\u00bbno\u00bb text_align=\u00bbleft\u00bb background_image_as_pattern=\u00bbwithout_pattern\u00bb][vc_column][vc_empty_space height=\u00bb50px\u00bb][\/vc_column][\/vc_row]<\/p>\n<\/section>","protected":false},"excerpt":{"rendered":"<p>[vc_row row_type=\u00bbrow\u00bb use_row_as_full_screen_section=\u00bbno\u00bb type=\u00bbfull_width\u00bb angled_section=\u00bbno\u00bb text_align=\u00bbcenter\u00bb background_image=\u00bb574&#8243; background_image_as_pattern=\u00bbwithout_pattern\u00bb css=\u00bb.vc_custom_1673440377612{background-image: url(https:\/\/sunsetchiropractor.com\/wp-content\/uploads\/2022\/08\/sunset-chiropractor-34.jpg?id=8057) !important;background-position: center !important;background-repeat: no-repeat !important;background-size: contain !important;}\u00bb z_index=\u00bb\u00bb woodmart_css_id=\u00bb63beac74cf20f\u00bb responsive_spacing=\u00bbeyJwYXJhbV90eXBlIjoid29vZG1hcnRfcmVzcG9uc2l2ZV9zcGFjaW5nIiwic2VsZWN0b3JfaWQiOiI2M2JlYWM3NGNmMjBmIiwic2hvcnRjb2RlIjoidmNfcm93IiwiZGF0YSI6eyJ0YWJsZXQiOnt9LCJtb2JpbGUiOnt9fX0=\u00bb<\/p>\n","protected":false},"author":1,"featured_media":0,"parent":903,"menu_order":0,"comment_status":"closed","ping_status":"closed","template":"","meta":{"footnotes":""},"class_list":["post-1142","page","type-page","status-publish","hentry"],"_links":{"self":[{"href":"https:\/\/sunsetchiropractor.com\/es\/wp-json\/wp\/v2\/pages\/1142","targetHints":{"allow":["GET"]}}],"collection":[{"href":"https:\/\/sunsetchiropractor.com\/es\/wp-json\/wp\/v2\/pages"}],"about":[{"href":"https:\/\/sunsetchiropractor.com\/es\/wp-json\/wp\/v2\/types\/page"}],"author":[{"embeddable":true,"href":"https:\/\/sunsetchiropractor.com\/es\/wp-json\/wp\/v2\/users\/1"}],"replies":[{"embeddable":true,"href":"https:\/\/sunsetchiropractor.com\/es\/wp-json\/wp\/v2\/comments?post=1142"}],"version-history":[{"count":3,"href":"https:\/\/sunsetchiropractor.com\/es\/wp-json\/wp\/v2\/pages\/1142\/revisions"}],"predecessor-version":[{"id":11158,"href":"https:\/\/sunsetchiropractor.com\/es\/wp-json\/wp\/v2\/pages\/1142\/revisions\/11158"}],"up":[{"embeddable":true,"href":"https:\/\/sunsetchiropractor.com\/es\/wp-json\/wp\/v2\/pages\/903"}],"wp:attachment":[{"href":"https:\/\/sunsetchiropractor.com\/es\/wp-json\/wp\/v2\/media?parent=1142"}],"curies":[{"name":"wp","href":"https:\/\/api.w.org\/{rel}","templated":true}]}}