{"id":1135,"date":"2020-02-04T23:28:39","date_gmt":"2020-02-05T04:28:39","guid":{"rendered":"https:\/\/sunsetchiropractor.com\/condiciones\/ciatica-y-dolor-en-las-piernas\/"},"modified":"2023-03-25T10:27:18","modified_gmt":"2023-03-25T14:27:18","slug":"ciatica-y-dolor-en-las-piernas","status":"publish","type":"page","link":"https:\/\/sunsetchiropractor.com\/es\/condiciones\/ciatica-y-dolor-en-las-piernas\/","title":{"rendered":"Ci\u00e1tica y dolor en las piernas"},"content":{"rendered":"<section class=\"wpb-content-wrapper\"><p>[vc_row row_type=\u00bbrow\u00bb use_row_as_full_screen_section=\u00bbno\u00bb type=\u00bbfull_width\u00bb angled_section=\u00bbno\u00bb text_align=\u00bbcenter\u00bb background_image=\u00bb574&#8243; background_image_as_pattern=\u00bbwithout_pattern\u00bb css=\u00bb.vc_custom_1673440377612{background-image: url(https:\/\/sunsetchiropractor.com\/wp-content\/uploads\/2022\/08\/sunset-chiropractor-34.jpg?id=8057) !important;background-position: center !important;background-repeat: no-repeat !important;background-size: contain !important;}\u00bb z_index=\u00bb\u00bb woodmart_css_id=\u00bb63beac74cf20f\u00bb responsive_spacing=\u00bbeyJwYXJhbV90eXBlIjoid29vZG1hcnRfcmVzcG9uc2l2ZV9zcGFjaW5nIiwic2VsZWN0b3JfaWQiOiI2M2JlYWM3NGNmMjBmIiwic2hvcnRjb2RlIjoidmNfcm93IiwiZGF0YSI6eyJ0YWJsZXQiOnt9LCJtb2JpbGUiOnt9fX0=\u00bb mobile_bg_img_hidden=\u00bbno\u00bb tablet_bg_img_hidden=\u00bbno\u00bb woodmart_parallax=\u00bb0&#8243; woodmart_gradient_switch=\u00bbno\u00bb woodmart_box_shadow=\u00bbno\u00bb wd_z_index=\u00bbno\u00bb woodmart_disable_overflow=\u00bb0&#8243; row_reverse_mobile=\u00bb0&#8243; row_reverse_tablet=\u00bb0&#8243; el_class=\u00bbocultar-sunset-mobile\u00bb][vc_column][vc_empty_space height=\u00bb10px\u00bb][vc_empty_space height=\u00bb10px\u00bb][vc_empty_space height=\u00bb10px\u00bb][vc_row_inner row_type=\u00bbrow\u00bb type=\u00bbgrid\u00bb text_align=\u00bbleft\u00bb css_animation=\u00bb\u00bb][vc_column_inner width=\u00bb1\/4&#8243;][\/vc_column_inner][vc_column_inner width=\u00bb1\/4&#8243;]\n\t\t<div id=\"wd-641d9e06b06e4\" class=\"title-wrapper wd-wpb wd-set-mb reset-last-child  wd-rs-641d9e06b06e4 wd-title-color-white wd-title-style-default text-center  wd-underline-colored\">\n\t\t\t\n\t\t\t<div class=\"liner-continer\">\n\t\t\t\t<h1 class=\"woodmart-title-container title  wd-font-weight-500 wd-fontsize-l\" >Cuidado Intensivo de la Columna<\/h1>\n\t\t\t\t\t\t\t<\/div>\n\t\t\t\n\t\t\t\n\t\t\t\n\t\t<\/div>\n\t\t\n\t\t[\/vc_column_inner][vc_column_inner width=\u00bb1\/4&#8243;][vc_empty_space height=\u00bb10px\u00bb][vc_empty_space height=\u00bb10px\u00bb][vc_empty_space height=\u00bb10px\u00bb][vc_single_image image=\u00bb11080&#8243; img_size=\u00bbfull\u00bb onclick=\u00bbcustom_link\u00bb qode_css_animation=\u00bb\u00bb link=\u00bbhttps:\/\/sunsetchiropractor.com\/es\/cuidado-intensivo-de-la-columna-vertebral\/\u00bb parallax_scroll=\u00bbno\u00bb woodmart_inline=\u00bbno\u00bb][\/vc_column_inner][vc_column_inner width=\u00bb1\/4&#8243;][\/vc_column_inner][\/vc_row_inner][vc_empty_space height=\u00bb10px\u00bb][vc_empty_space height=\u00bb10px\u00bb][vc_empty_space height=\u00bb10px\u00bb][\/vc_column][\/vc_row][vc_row css=\u00bb.vc_custom_1673440324433{background-image: url(https:\/\/sunsetchiropractor.com\/wp-content\/uploads\/2022\/08\/sunset-chiropractor-333.jpg?id=8082) !important;background-position: center !important;background-repeat: no-repeat !important;background-size: cover !important;}\u00bb woodmart_css_id=\u00bb63beac36d800c\u00bb responsive_spacing=\u00bbeyJwYXJhbV90eXBlIjoid29vZG1hcnRfcmVzcG9uc2l2ZV9zcGFjaW5nIiwic2VsZWN0b3JfaWQiOiI2M2JlYWMzNmQ4MDBjIiwic2hvcnRjb2RlIjoidmNfcm93IiwiZGF0YSI6eyJ0YWJsZXQiOnt9LCJtb2JpbGUiOnt9fX0=\u00bb mobile_bg_img_hidden=\u00bbno\u00bb tablet_bg_img_hidden=\u00bbno\u00bb woodmart_parallax=\u00bb0&#8243; woodmart_gradient_switch=\u00bbno\u00bb woodmart_box_shadow=\u00bbno\u00bb wd_z_index=\u00bbno\u00bb woodmart_disable_overflow=\u00bb0&#8243; row_reverse_mobile=\u00bb0&#8243; row_reverse_tablet=\u00bb0&#8243; el_class=\u00bbocultar-destok\u00bb][vc_column]\n\t\t<div id=\"wd-641d9e06b06e4\" class=\"title-wrapper wd-wpb wd-set-mb reset-last-child  wd-rs-641d9e06b06e4 wd-title-color-white wd-title-style-default text-center  wd-underline-colored\">\n\t\t\t\n\t\t\t<div class=\"liner-continer\">\n\t\t\t\t<h1 class=\"woodmart-title-container title  wd-font-weight-500 wd-fontsize-l\" >Cuidado Intensivo de la Columna<\/h1>\n\t\t\t\t\t\t\t<\/div>\n\t\t\t\n\t\t\t\n\t\t\t\n\t\t<\/div>\n\t\t\n\t\t[vc_single_image image=\u00bb8052&#8243; img_size=\u00bbfull\u00bb onclick=\u00bbcustom_link\u00bb qode_css_animation=\u00bb\u00bb link=\u00bbhttps:\/\/sunsetchiropractor.com\/es\/cuidado-intensivo-de-la-columna-vertebral\/\u00bb][\/vc_column][\/vc_row][vc_row row_type=\u00bbrow\u00bb use_row_as_full_screen_section=\u00bbno\u00bb type=\u00bbgrid\u00bb angled_section=\u00bbno\u00bb text_align=\u00bbleft\u00bb background_image_as_pattern=\u00bbwithout_pattern\u00bb z_index=\u00bb\u00bb][vc_column][vc_empty_space height=\u00bb10px\u00bb][vc_empty_space height=\u00bb10px\u00bb][vc_column_text]<\/p>\n<h2><strong>S\u00edntomas<\/strong><\/h2>\n<div id=\"attachment_3245\" style=\"width: 310px\" class=\"wp-caption alignright\"><a href=\"https:\/\/sunsetchiropractor.com\/wp-content\/uploads\/2021\/02\/ciatica-y-dolor-en-las-piernas-1-300x158.jpg\"><img loading=\"lazy\" decoding=\"async\" aria-describedby=\"caption-attachment-3245\" class=\"size-medium wp-image-3245\" src=\"https:\/\/sunsetchiropractor.com\/wp-content\/uploads\/2021\/02\/ciatica-y-dolor-en-las-piernas-1-300x158.jpg\" alt=\"Ci\u00e1tica y dolor en las piernas \u2013 S\u00edntomas\" width=\"300\" height=\"158\" srcset=\"https:\/\/sunsetchiropractor.com\/wp-content\/uploads\/2021\/02\/ciatica-y-dolor-en-las-piernas-1-300x158.jpg 300w, https:\/\/sunsetchiropractor.com\/wp-content\/uploads\/2021\/02\/ciatica-y-dolor-en-las-piernas-1-430x226.jpg 430w, https:\/\/sunsetchiropractor.com\/wp-content\/uploads\/2021\/02\/ciatica-y-dolor-en-las-piernas-1-150x79.jpg 150w, https:\/\/sunsetchiropractor.com\/wp-content\/uploads\/2021\/02\/ciatica-y-dolor-en-las-piernas-1.jpg 699w\" sizes=\"auto, (max-width: 300px) 100vw, 300px\" \/><\/a><p id=\"caption-attachment-3245\" class=\"wp-caption-text\">Ci\u00e1tica y dolor en las piernas \u2013 S\u00edntomas<\/p><\/div>\n<p>El dolor ci\u00e1tico puede variar ampliamente. Puede sentirse como un leve hormigueo, dolor sordo o una sensaci\u00f3n de ardor. En algunos casos, el dolor es agudo, disparante y, a veces, debilitante.<\/p>\n<p>El dolor ocurre con mayor frecuencia en un lado. Algunas personas tienen dolor agudo en una parte de la pierna o la cadera y entumecimiento. El dolor o entumecimiento tambi\u00e9n se puede sentir en la parte posterior de la pantorrilla o en la planta del pie. La pierna afectada puede sentirse d\u00e9bil.<\/p>\n<p>&nbsp;<\/p>\n<h2><strong>El dolor a menudo comienza lentamente. El dolor ci\u00e1tico puede empeorar:<\/strong><\/h2>\n<p>&nbsp;<\/p>\n<p>Despu\u00e9s de estar de pie o sentado<br \/>\nPor la noche<br \/>\nAl estornudar, toser o re\u00edr<br \/>\nAl doblarse hacia atr\u00e1s o caminar m\u00e1s de unos pocos metros.<\/p>\n<p>&nbsp;<\/p>\n<h2><strong>Ci\u00e1tica<\/strong><\/h2>\n<p>&nbsp;<\/p>\n<p>La ci\u00e1tica se refiere al dolor, la debilidad, el entumecimiento u hormigueo en la pierna. Es causada por una lesi\u00f3n o presi\u00f3n en el nervio ci\u00e1tico y puede involucrar m\u00faltiples nervios lumbares que controlan las piernas. La ci\u00e1tica es un s\u00edntoma de otro problema generalmente relacionado con una curvatura anormal en la espalda baja, la osteoartritis y las protuberancias y hernias de disco espinal<\/p>\n<p>La ci\u00e1tica ocurre cuando hay presi\u00f3n o da\u00f1o al nervio ci\u00e1tico. Este nervio comienza en la parte inferior de la columna vertebral y corre por la parte posterior de ambas piernas. Este nervio controla los m\u00fasculos de la parte posterior de la rodilla y la parte inferior de la pierna y proporciona sensaci\u00f3n en la parte posterior del muslo, parte de la parte inferior de la pierna y la planta del pie.<\/p>\n<p>&nbsp;<\/p>\n<h2><strong>Las causas comunes de la ci\u00e1tica incluyen:<\/strong><\/h2>\n<p>&nbsp;<\/p>\n<p>Protuberancias y hernias de disco espinal<br \/>\nS\u00edndrome de Piriformis<br \/>\nEspondilolistesis<br \/>\nOsteoartritis de la columna lumbar<br \/>\nMala postura y alineaci\u00f3n espinal[\/vc_column_text][\/vc_column][\/vc_row]<\/p>\n<\/section>","protected":false},"excerpt":{"rendered":"<p>[vc_row row_type=\u00bbrow\u00bb use_row_as_full_screen_section=\u00bbno\u00bb type=\u00bbfull_width\u00bb angled_section=\u00bbno\u00bb text_align=\u00bbcenter\u00bb background_image=\u00bb574&#8243; background_image_as_pattern=\u00bbwithout_pattern\u00bb css=\u00bb.vc_custom_1673440377612{background-image: url(https:\/\/sunsetchiropractor.com\/wp-content\/uploads\/2022\/08\/sunset-chiropractor-34.jpg?id=8057) !important;background-position: center !important;background-repeat: no-repeat !important;background-size: contain !important;}\u00bb z_index=\u00bb\u00bb woodmart_css_id=\u00bb63beac74cf20f\u00bb responsive_spacing=\u00bbeyJwYXJhbV90eXBlIjoid29vZG1hcnRfcmVzcG9uc2l2ZV9zcGFjaW5nIiwic2VsZWN0b3JfaWQiOiI2M2JlYWM3NGNmMjBmIiwic2hvcnRjb2RlIjoidmNfcm93IiwiZGF0YSI6eyJ0YWJsZXQiOnt9LCJtb2JpbGUiOnt9fX0=\u00bb<\/p>\n","protected":false},"author":1,"featured_media":0,"parent":903,"menu_order":0,"comment_status":"closed","ping_status":"closed","template":"","meta":{"footnotes":""},"class_list":["post-1135","page","type-page","status-publish","hentry"],"_links":{"self":[{"href":"https:\/\/sunsetchiropractor.com\/es\/wp-json\/wp\/v2\/pages\/1135","targetHints":{"allow":["GET"]}}],"collection":[{"href":"https:\/\/sunsetchiropractor.com\/es\/wp-json\/wp\/v2\/pages"}],"about":[{"href":"https:\/\/sunsetchiropractor.com\/es\/wp-json\/wp\/v2\/types\/page"}],"author":[{"embeddable":true,"href":"https:\/\/sunsetchiropractor.com\/es\/wp-json\/wp\/v2\/users\/1"}],"replies":[{"embeddable":true,"href":"https:\/\/sunsetchiropractor.com\/es\/wp-json\/wp\/v2\/comments?post=1135"}],"version-history":[{"count":4,"href":"https:\/\/sunsetchiropractor.com\/es\/wp-json\/wp\/v2\/pages\/1135\/revisions"}],"predecessor-version":[{"id":11150,"href":"https:\/\/sunsetchiropractor.com\/es\/wp-json\/wp\/v2\/pages\/1135\/revisions\/11150"}],"up":[{"embeddable":true,"href":"https:\/\/sunsetchiropractor.com\/es\/wp-json\/wp\/v2\/pages\/903"}],"wp:attachment":[{"href":"https:\/\/sunsetchiropractor.com\/es\/wp-json\/wp\/v2\/media?parent=1135"}],"curies":[{"name":"wp","href":"https:\/\/api.w.org\/{rel}","templated":true}]}}