{"id":11167,"date":"2023-03-25T10:51:41","date_gmt":"2023-03-25T14:51:41","guid":{"rendered":"https:\/\/sunsetchiropractor.com\/condiciones\/whiplash-injury\/"},"modified":"2023-03-25T11:01:59","modified_gmt":"2023-03-25T15:01:59","slug":"whiplash-injury","status":"publish","type":"page","link":"https:\/\/sunsetchiropractor.com\/es\/condiciones\/whiplash-injury\/","title":{"rendered":"Whiplash Injury"},"content":{"rendered":"<section class=\"wpb-content-wrapper\"><p>[vc_row row_type=\u00bbrow\u00bb use_row_as_full_screen_section=\u00bbno\u00bb type=\u00bbfull_width\u00bb angled_section=\u00bbno\u00bb text_align=\u00bbcenter\u00bb background_image=\u00bb574&#8243; background_image_as_pattern=\u00bbwithout_pattern\u00bb css=\u00bb.vc_custom_1673440377612{background-image: url(https:\/\/sunsetchiropractor.com\/wp-content\/uploads\/2022\/08\/sunset-chiropractor-34.jpg?id=8057) !important;background-position: center !important;background-repeat: no-repeat !important;background-size: contain !important;}\u00bb z_index=\u00bb\u00bb woodmart_css_id=\u00bb63beac74cf20f\u00bb responsive_spacing=\u00bbeyJwYXJhbV90eXBlIjoid29vZG1hcnRfcmVzcG9uc2l2ZV9zcGFjaW5nIiwic2VsZWN0b3JfaWQiOiI2M2JlYWM3NGNmMjBmIiwic2hvcnRjb2RlIjoidmNfcm93IiwiZGF0YSI6eyJ0YWJsZXQiOnt9LCJtb2JpbGUiOnt9fX0=\u00bb mobile_bg_img_hidden=\u00bbno\u00bb tablet_bg_img_hidden=\u00bbno\u00bb woodmart_parallax=\u00bb0&#8243; woodmart_gradient_switch=\u00bbno\u00bb woodmart_box_shadow=\u00bbno\u00bb wd_z_index=\u00bbno\u00bb woodmart_disable_overflow=\u00bb0&#8243; row_reverse_mobile=\u00bb0&#8243; row_reverse_tablet=\u00bb0&#8243; el_class=\u00bbocultar-sunset-mobile\u00bb][vc_column][vc_empty_space height=\u00bb10px\u00bb][vc_empty_space height=\u00bb10px\u00bb][vc_empty_space height=\u00bb10px\u00bb][vc_row_inner row_type=\u00bbrow\u00bb type=\u00bbgrid\u00bb text_align=\u00bbleft\u00bb css_animation=\u00bb\u00bb][vc_column_inner width=\u00bb1\/4&#8243;][\/vc_column_inner][vc_column_inner width=\u00bb1\/4&#8243;]\n\t\t<div id=\"wd-641d9e06b06e4\" class=\"title-wrapper wd-wpb wd-set-mb reset-last-child  wd-rs-641d9e06b06e4 wd-title-color-white wd-title-style-default text-center  wd-underline-colored\">\n\t\t\t\n\t\t\t<div class=\"liner-continer\">\n\t\t\t\t<h1 class=\"woodmart-title-container title  wd-font-weight-500 wd-fontsize-l\" >Cuidado Intensivo de la Columna<\/h1>\n\t\t\t\t\t\t\t<\/div>\n\t\t\t\n\t\t\t\n\t\t\t\n\t\t<\/div>\n\t\t\n\t\t[\/vc_column_inner][vc_column_inner width=\u00bb1\/4&#8243;][vc_empty_space height=\u00bb10px\u00bb][vc_empty_space height=\u00bb10px\u00bb][vc_empty_space height=\u00bb10px\u00bb][vc_single_image image=\u00bb11080&#8243; img_size=\u00bbfull\u00bb onclick=\u00bbcustom_link\u00bb qode_css_animation=\u00bb\u00bb link=\u00bbhttps:\/\/sunsetchiropractor.com\/es\/cuidado-intensivo-de-la-columna-vertebral\/\u00bb parallax_scroll=\u00bbno\u00bb woodmart_inline=\u00bbno\u00bb][\/vc_column_inner][vc_column_inner width=\u00bb1\/4&#8243;][\/vc_column_inner][\/vc_row_inner][vc_empty_space height=\u00bb10px\u00bb][vc_empty_space height=\u00bb10px\u00bb][vc_empty_space height=\u00bb10px\u00bb][\/vc_column][\/vc_row][vc_row css=\u00bb.vc_custom_1673440324433{background-image: url(https:\/\/sunsetchiropractor.com\/wp-content\/uploads\/2022\/08\/sunset-chiropractor-333.jpg?id=8082) !important;background-position: center !important;background-repeat: no-repeat !important;background-size: cover !important;}\u00bb woodmart_css_id=\u00bb63beac36d800c\u00bb responsive_spacing=\u00bbeyJwYXJhbV90eXBlIjoid29vZG1hcnRfcmVzcG9uc2l2ZV9zcGFjaW5nIiwic2VsZWN0b3JfaWQiOiI2M2JlYWMzNmQ4MDBjIiwic2hvcnRjb2RlIjoidmNfcm93IiwiZGF0YSI6eyJ0YWJsZXQiOnt9LCJtb2JpbGUiOnt9fX0=\u00bb mobile_bg_img_hidden=\u00bbno\u00bb tablet_bg_img_hidden=\u00bbno\u00bb woodmart_parallax=\u00bb0&#8243; woodmart_gradient_switch=\u00bbno\u00bb woodmart_box_shadow=\u00bbno\u00bb wd_z_index=\u00bbno\u00bb woodmart_disable_overflow=\u00bb0&#8243; row_reverse_mobile=\u00bb0&#8243; row_reverse_tablet=\u00bb0&#8243; el_class=\u00bbocultar-destok\u00bb][vc_column]\n\t\t<div id=\"wd-641d9e06b06e4\" class=\"title-wrapper wd-wpb wd-set-mb reset-last-child  wd-rs-641d9e06b06e4 wd-title-color-white wd-title-style-default text-center  wd-underline-colored\">\n\t\t\t\n\t\t\t<div class=\"liner-continer\">\n\t\t\t\t<h1 class=\"woodmart-title-container title  wd-font-weight-500 wd-fontsize-l\" >Cuidado Intensivo de la Columna<\/h1>\n\t\t\t\t\t\t\t<\/div>\n\t\t\t\n\t\t\t\n\t\t\t\n\t\t<\/div>\n\t\t\n\t\t[vc_single_image image=\u00bb8052&#8243; img_size=\u00bbfull\u00bb onclick=\u00bbcustom_link\u00bb qode_css_animation=\u00bb\u00bb link=\u00bbhttps:\/\/sunsetchiropractor.com\/es\/cuidado-intensivo-de-la-columna-vertebral\/\u00bb][\/vc_column][\/vc_row][vc_row row_type=\u00bbrow\u00bb use_row_as_full_screen_section=\u00bbno\u00bb type=\u00bbgrid\u00bb angled_section=\u00bbno\u00bb text_align=\u00bbleft\u00bb background_image_as_pattern=\u00bbwithout_pattern\u00bb z_index=\u00bb\u00bb][vc_column][vc_empty_space height=\u00bb10px\u00bb][vc_empty_space height=\u00bb10px\u00bb][vc_column_text woodmart_inline=\u00bbno\u00bb text_larger=\u00bbno\u00bb]<\/p>\n<p style=\"text-align: center;\"><a style=\"color: #3366ff;\" title=\"What is Whiplash Injury? - Sunsetchiropractor\" href=\"#what-is-whiplash-injury\">\u00bfQu\u00e9 es la lesi\u00f3n por latigazo cervical?<\/a><\/p>\n<p style=\"text-align: center;\"><a style=\"color: #3366ff;\" title=\"What is Whiplash Injury? - Sunsetchiropractor\" href=\"#what-causes-whiplash-injury\">\u00bfQu\u00e9 causa la lesi\u00f3n por latigazo cervical?<\/a><\/p>\n<p style=\"text-align: center;\"><a style=\"color: #3366ff;\" title=\"What are the Symptoms of Whiplash Injury? - Sunsetchiropractor\" href=\"#what-are-the-symptoms-of-whiplash-injury\">\u00bfCu\u00e1les son los s\u00edntomas de la lesi\u00f3n por latigazo cervical?<\/a><\/p>\n<p style=\"text-align: center;\"><a style=\"color: #3366ff;\" title=\"How is Whiplash Injury Diagnosed? - Sunsetchiropractor\" href=\"#how-is-whiplash-injury-diagnosed\">\u00bfC\u00f3mo se diagnostica la lesi\u00f3n por latigazo cervical?<\/a><\/p>\n<p style=\"text-align: center;\"><a style=\"color: #3366ff;\" title=\"How is Whiplash Injury Treated? -Sunsetchiropractor\" href=\"#how-is-whiplash-injury-treated\">\u00bfC\u00f3mo se trata la lesi\u00f3n por latigazo cervical?<\/a><\/p>\n<h2>\u00bfQu\u00e9 es la lesi\u00f3n por latigazo cervical?<\/h2>\n<div id=\"attachment_3347\" style=\"width: 310px\" class=\"wp-caption alignleft\"><a href=\"https:\/\/sunsetchiropractor.com\/wp-content\/uploads\/2021\/02\/whiplash-injury-1.jpg\"><img loading=\"lazy\" decoding=\"async\" aria-describedby=\"caption-attachment-3347\" class=\"size-full wp-image-3346\" src=\"https:\/\/sunsetchiropractor.com\/wp-content\/uploads\/2021\/02\/whiplash-injury-1.jpg\" alt=\"Whiplash Injury \u2013 Neck Pain\" width=\"300\" height=\"99\" srcset=\"https:\/\/sunsetchiropractor.com\/wp-content\/uploads\/2021\/02\/whiplash-injury-1.jpg 300w, https:\/\/sunsetchiropractor.com\/wp-content\/uploads\/2021\/02\/whiplash-injury-1-150x50.jpg 150w\" sizes=\"auto, (max-width: 300px) 100vw, 300px\" \/><\/a><p id=\"caption-attachment-3347\" class=\"wp-caption-text\">Whiplash Injury \u2013 Neck Pain<\/p><\/div>\n<p>El t\u00e9rmino lesi\u00f3n por latigazo cervical se refiere a los s\u00edntomas causados \u200b\u200bpor da\u00f1os en las estructuras del cuello: huesos, discos, ligamentos, tendones, fascia, nervios y\/o m\u00fasculos como resultado de una lesi\u00f3n por aceleraci\u00f3n\/desaceleraci\u00f3n.<\/p>\n<p>La lesi\u00f3n por latigazo cervical es una de las lesiones automovil\u00edsticas m\u00e1s comunes y generalmente incluye da\u00f1o a los tejidos blandos (m\u00fasculos, ligamentos, discos y fascia) del cuello. La lesi\u00f3n por latigazo cervical puede ocurrir incluso en accidentes a baja velocidad (5 mph) con un da\u00f1o m\u00ednimo a los veh\u00edculos.<\/p>\n<h2 id=\"what-causes-whiplash-injury\">\u00bfQu\u00e9 causa la lesi\u00f3n por latigazo cervical?<\/h2>\n<p>La lesi\u00f3n por latigazo cervical es m\u00e1s com\u00fanmente causada por una colisi\u00f3n que resulta en una aceleraci\u00f3n o desaceleraci\u00f3n repentina del cuerpo. La lesi\u00f3n por latigazo cervical puede ocurrir cuando usted est\u00e1 involucrado en una colisi\u00f3n automovil\u00edstica, colisi\u00f3n deportiva y ca\u00eddas.<\/p>\n<div id=\"attachment_3349\" style=\"width: 310px\" class=\"wp-caption alignright\"><a href=\"https:\/\/sunsetchiropractor.com\/wp-content\/uploads\/2021\/02\/whiplash-injury-2.jpg\"><img loading=\"lazy\" decoding=\"async\" aria-describedby=\"caption-attachment-3349\" class=\"size-full wp-image-3348\" src=\"https:\/\/sunsetchiropractor.com\/wp-content\/uploads\/2021\/02\/whiplash-injury-2.jpg\" alt=\"Whiplash Injury \u2013 Mode of Injury\" width=\"300\" height=\"120\" srcset=\"https:\/\/sunsetchiropractor.com\/wp-content\/uploads\/2021\/02\/whiplash-injury-2.jpg 300w, https:\/\/sunsetchiropractor.com\/wp-content\/uploads\/2021\/02\/whiplash-injury-2-150x60.jpg 150w\" sizes=\"auto, (max-width: 300px) 100vw, 300px\" \/><\/a><p id=\"caption-attachment-3349\" class=\"wp-caption-text\">Whiplash Injury \u2013 Mode of Injury<\/p><\/div>\n<p>La aceleraci\u00f3n o desaceleraci\u00f3n repentina del cuerpo da como resultado una hiperflexi\u00f3n forzada incontrolada de la cabeza y el cuello, seguida de una hiperextensi\u00f3n de la cabeza y el cuello.<br \/>\nEstas fuerzas de latigazo repentinos e incontrolados causan da\u00f1o a diferentes estructuras en el cuello: huesos, discos, ligamentos, tendones, fascia, nervios y\/o m\u00fasculos como resultado de una lesi\u00f3n por latigazo cervical, tambi\u00e9n conocida como lesi\u00f3n por aceleraci\u00f3n\/desaceleraci\u00f3n.<\/p>\n<h2 id=\"what-are-the-symptoms-of-whiplash-injury\">\u00bfCu\u00e1les son los s\u00edntomas de la lesi\u00f3n por latigazo cervical?<\/h2>\n<p>Los s\u00edntomas de la lesi\u00f3n por latigazo cervical a menudo se desarrollan unos d\u00edas o incluso semanas despu\u00e9s de una lesi\u00f3n por latigazo cervical, pero esperar hasta la aparici\u00f3n de los s\u00edntomas para recibir un diagn\u00f3stico y tratamiento puede interferir en gran medida con su recuperaci\u00f3n.<\/p>\n<p>La lesi\u00f3n por latigazo cervical es una de las lesiones automovil\u00edsticas m\u00e1s comunes y conlleva da\u00f1o a los tejidos blandos (m\u00fasculos, ligamentos, discos y fascia) del cuello. Muchas personas piensan que las lesiones por latigazo cervical solo ocurren en accidentes de alta velocidad o potencialmente fatales. Sin embargo, la lesi\u00f3n por latigazo cervical puede ocurrir por accidentes tan lentos como 5 mph.<\/p>\n<div id=\"attachment_3351\" style=\"width: 310px\" class=\"wp-caption alignleft\"><a href=\"https:\/\/sunsetchiropractor.com\/wp-content\/uploads\/2021\/02\/whiplash-injury-3.jpg\"><img loading=\"lazy\" decoding=\"async\" aria-describedby=\"caption-attachment-3351\" class=\"size-full wp-image-3350\" src=\"https:\/\/sunsetchiropractor.com\/wp-content\/uploads\/2021\/02\/whiplash-injury-3.jpg\" alt=\"Whiplash Injury - Car Damage and Trauma\" width=\"300\" height=\"200\" srcset=\"https:\/\/sunsetchiropractor.com\/wp-content\/uploads\/2021\/02\/whiplash-injury-3.jpg 300w, https:\/\/sunsetchiropractor.com\/wp-content\/uploads\/2021\/02\/whiplash-injury-3-150x100.jpg 150w\" sizes=\"auto, (max-width: 300px) 100vw, 300px\" \/><\/a><p id=\"caption-attachment-3351\" class=\"wp-caption-text\">Whiplash Injury &#8211; Car Damage and Trauma<\/p><\/div>\n<h2 id=\"how-is-whiplash-injury-diagnosed\">\u00bfC\u00f3mo se diagnostica la lesi\u00f3n por latigazo cervical?<\/h2>\n<p>A consultation to understand<\/p>\n<p>Una consulta para comprender los s\u00edntomas de su lesi\u00f3n por latigazo cervical y los detalles de c\u00f3mo ocurri\u00f3 la actividad o evento que provoc\u00f3 la posible lesi\u00f3n por latigazo cervical. Luego, el m\u00e9dico realizar\u00e1 pruebas ortop\u00e9dicas y neurol\u00f3gicas especializadas para determinar cualquier funci\u00f3n, movimiento y posici\u00f3n anormales de la columna que resulten en s\u00edntomas y limitaciones funcionales asociadas con la lesi\u00f3n por latigazo cervical.<\/p>\n<p>Luego, el m\u00e9dico tomar\u00e1 radiograf\u00edas especializadas en posiciones espec\u00edficas como resultado de los hallazgos del examen para determinar los da\u00f1os estructurales en los huesos, los discos y las articulaciones que se encuentran com\u00fanmente con una lesi\u00f3n por latigazo cervical. El da\u00f1o de los tejidos blandos por una lesi\u00f3n por latigazo no se puede ver directamente en la radiograf\u00eda, pero los hallazgos de espacios anormales entre las articulaciones de la columna y la disminuci\u00f3n del espacio entre las v\u00e9rtebras de la columna son indicadores de da\u00f1o en el disco y los ligamentos como resultado de una lesi\u00f3n por latigazo.<\/p>\n<p>Estos hallazgos de rayos X determinar\u00e1n si se necesitan m\u00e1s pruebas de diagn\u00f3stico, como resonancia magn\u00e9tica, tomograf\u00eda computarizada y\/o rayos X de movimiento digital para diagnosticar correctamente una lesi\u00f3n por latigazo cervical.<\/p>\n<p>Somos el \u00fanico centro de atenci\u00f3n m\u00e9dica en Miami que utiliza rayos X de movimiento digital (DMX) para localizar y diagnosticar lesiones por latigazo cervical. Cuando se est\u00e1 en movimiento, el DMX puede permitirnos determinar el da\u00f1o perdido por resonancia magn\u00e9tica, tomograf\u00eda computarizada y rayos X tradicionales sin movimiento.<\/p>\n<p>DMX (Digital Motion X-Ray) es un sistema de rayos X basado en movimiento que soporta peso y permite al m\u00e9dico analizar las \u00e1reas lesionadas por latigazo cervical de la columna vertebral y las extremidades en movimiento en tiempo real. La lesi\u00f3n por latigazo cervical generalmente duele o aumenta mientras el paciente se mueve o realiza una actividad diaria com\u00fan.<\/p>\n<p>DMX (Digital Motion X-Ray) es un sistema de rayos X basado en movimiento que soporta peso y permite al m\u00e9dico analizar las \u00e1reas lesionadas por latigazo cervical de la columna vertebral y las extremidades en movimiento en tiempo real. La lesi\u00f3n por latigazo cervical generalmente duele o aumenta mientras el paciente se mueve o realiza una actividad diaria com\u00fan<\/p>\n<div id=\"attachment_3353\" style=\"width: 310px\" class=\"wp-caption alignright\"><a href=\"https:\/\/sunsetchiropractor.com\/wp-content\/uploads\/2021\/02\/whiplash-injury-5.jpg\"><img loading=\"lazy\" decoding=\"async\" aria-describedby=\"caption-attachment-3353\" class=\"size-full wp-image-3352\" src=\"https:\/\/sunsetchiropractor.com\/wp-content\/uploads\/2021\/02\/whiplash-injury-5.jpg\" alt=\"Whiplash Injury - Digital Motion X-Ray\" width=\"300\" height=\"106\" srcset=\"https:\/\/sunsetchiropractor.com\/wp-content\/uploads\/2021\/02\/whiplash-injury-5.jpg 300w, https:\/\/sunsetchiropractor.com\/wp-content\/uploads\/2021\/02\/whiplash-injury-5-150x53.jpg 150w\" sizes=\"auto, (max-width: 300px) 100vw, 300px\" \/><\/a><p id=\"caption-attachment-3353\" class=\"wp-caption-text\">Whiplash Injury &#8211; Digital Motion X-Ray<\/p><\/div>\n<p>DMX toma im\u00e1genes de alta calidad a 2700 vistas por minuto con menos radiaci\u00f3n que una radiograf\u00eda est\u00e1tica est\u00e1ndar t\u00edpica. El m\u00e9dico puede ver la columna vertebral y las extremidades en pleno movimiento, lo que brinda m\u00e1s informaci\u00f3n sobre la funci\u00f3n y el alcance del da\u00f1o causado por la lesi\u00f3n por latigazo cervical.<\/p>\n<p>DMX revela inestabilidad espinal, fracturas, biomec\u00e1nica anormal, anomal\u00edas y lesiones por latigazo cervical que no se visualizan en resonancias magn\u00e9ticas, tomograf\u00edas computarizadas, rayos X est\u00e1ticos. CONNECTICUT.<\/p>\n<p>Despu\u00e9s de recopilar toda la informaci\u00f3n sobre la lesi\u00f3n por latigazo cervical y de realizar y estudiar todos los ex\u00e1menes y diagn\u00f3sticos necesarios, el Dr. Alfonso le proporcionar\u00e1 un informe detallado de los hallazgos y el diagn\u00f3stico de su lesi\u00f3n por latigazo cervical. \u00c9l discutir\u00e1 sus recomendaciones de tratamiento y responder\u00e1 cualquier pregunta que pueda tener.<\/p>\n<p>\u00bfC\u00f3mo se trata la lesi\u00f3n por latigazo cervical?<\/p>\n<p>El primer paso para la recuperaci\u00f3n es identificar y comprender la causa de su estado de salud a trav\u00e9s de nuestros exclusivos procedimientos de diagn\u00f3stico.<\/p>\n<p>El proceso del nuevo paciente comienza con una consulta detallada uno a uno para ayudar al Dr. Alfonso a comprender su condici\u00f3n y s\u00edntomas<\/p>\n<p>.<\/p>\n<div id=\"attachment_3355\" style=\"width: 310px\" class=\"wp-caption alignleft\"><a href=\"https:\/\/sunsetchiropractor.com\/wp-content\/uploads\/2021\/02\/whiplash-injury-6.jpg\"><img loading=\"lazy\" decoding=\"async\" aria-describedby=\"caption-attachment-3355\" class=\"size-full wp-image-3354\" src=\"https:\/\/sunsetchiropractor.com\/wp-content\/uploads\/2021\/02\/whiplash-injury-6.jpg\" alt=\"Whiplash Injury \u2013 Examination and Diagnostics\" width=\"300\" height=\"200\" srcset=\"https:\/\/sunsetchiropractor.com\/wp-content\/uploads\/2021\/02\/whiplash-injury-6.jpg 300w, https:\/\/sunsetchiropractor.com\/wp-content\/uploads\/2021\/02\/whiplash-injury-6-150x100.jpg 150w\" sizes=\"auto, (max-width: 300px) 100vw, 300px\" \/><\/a><p id=\"caption-attachment-3355\" class=\"wp-caption-text\">Whiplash Injury \u2013 Examination and Diagnostics<\/p><\/div>\n<p>La lesi\u00f3n por latigazo cervical generalmente causa da\u00f1o a las estructuras del cuello: huesos, discos, ligamentos, tendones, fascia, nervios y\/o m\u00fasculos, pero tambi\u00e9n puede da\u00f1ar otras \u00e1reas de la columna vertebral y las extremidades.<\/p>\n<p>La atenci\u00f3n quiropr\u00e1ctica de correcci\u00f3n estructural del Dr. Alfonso rehabilita el sistema espinal debilitado y da\u00f1ado y sus partes (m\u00fasculos, ligamentos, fascia, discos, huesos y nervios) disminuyendo el dolor, mejorando la funci\u00f3n, mejorando la estructura y la calidad de vida.<\/p>\n<p>El sistema de atenci\u00f3n quiropr\u00e1ctica correctiva del Dr. Alfonso tiene 3 componentes principales de tratamiento que trabajan juntos de forma sin\u00e9rgica para lograr resultados fenomenales sin medicamentos ni cirug\u00eda.<\/p>\n<p>1. PROCEDIMIENTOS DE FLEXIBILIDAD E HIDRATACI\u00d3N<\/p>\n<p>El primer paso en la rehabilitaci\u00f3n de una columna da\u00f1ada y debilitada se conoce como nuestros procedimientos de flexibilidad e hidrataci\u00f3n. Equipo especializado de rehabilitaci\u00f3n quiropr\u00e1ctica estructural dise\u00f1ado para aumentar la flexibilidad de la columna, mejorar la hidrataci\u00f3n y nutrici\u00f3n del disco espinal y disminuir la rigidez de los m\u00fasculos, ligamentos y tendones dolorosos a lo largo de la columna del paciente.<\/p>\n<p>2. PROCEDIMIENTOS DE ALINEACI\u00d3N DE LA COLUMNA VERTEBRAL<\/p>\n<p>Una vez que las estructuras de soporte de la columna est\u00e9n relajadas, flexibles y los discos de la columna est\u00e9n rehidratados, el m\u00e9dico dirigir\u00e1 la columna hacia la alineaci\u00f3n adecuada en funci\u00f3n de 41 medidas y 23 \u00e1ngulos de las radiograf\u00edas a trav\u00e9s de ajustes espinales seguros, suaves y efectivos, denominados Estructural. Procedimientos de alineaci\u00f3n quiropr\u00e1ctica. Estos procedimientos alinean la columna de forma segura para disminuir el dolor, mejorar el funcionamiento y mejorar el rango de movimiento.<\/p>\n<p>3. PROCEDIMIENTOS DE FORTALECIMIENTO Y REEDUCACI\u00d3N<\/p>\n<p>Una vez que tengamos la columna vertebral en una alineaci\u00f3n mejorada, queremos que el cuerpo comience a mantener estas nuevas posiciones mejoradas de forma natural. Es entonces cuando aplicamos los Procedimientos de Fortalecimiento y Reeducaci\u00f3n.<br \/>\nVolver a entrenar el cerebro y fortalecer los m\u00fasculos, tendones y ligamentos de la postura a lo largo de la columna vertebral para que el cuerpo mantenga las nuevas posiciones de forma natural. Esto se logra mediante el uso de nuestro sistema de peso corporal especializado combinado con terapia de vibraci\u00f3n especializada. La terapia de vibraci\u00f3n especializada fortalece los m\u00fasculos posturales, disminuye la inflamaci\u00f3n y el dolor, aumenta la circulaci\u00f3n, aumenta la flexibilidad, mejora los ligamentos y m\u00fasculos da\u00f1ados y mejora la masa \u00f3sea.<br \/>\nEl peso del cuerpo en la vibraci\u00f3n fortalece y reentrena el cerebro y los m\u00fasculos y ligamentos posturales, mejorando la columna vertebral y la postura, disminuyendo el dolor y acelerando las mejoras.<\/p>\n<p>El tratamiento para la lesi\u00f3n por latigazo cervical requiere una combinaci\u00f3n de tratamiento en la cl\u00ednica con un sistema de rehabilitaci\u00f3n en el hogar que se basa espec\u00edficamente en sus hallazgos individuales y la lesi\u00f3n por latigazo cervical.<\/p>\n<p>El m\u00e9dico controlar\u00e1 sus resultados y su pron\u00f3stico a largo plazo como resultado de su lesi\u00f3n por latigazo cervical a trav\u00e9s de nuevos ex\u00e1menes y diagn\u00f3sticos.<\/p>\n<p>El objetivo de nuestra atenci\u00f3n de lesiones por latigazo cervical es que el paciente mejore sintom\u00e1tica, funcional y estructuralmente y, lo que es m\u00e1s importante, ense\u00f1arle c\u00f3mo cuidar su columna vertebral para que sea menos probable que dependa de los m\u00e9dicos en el futuro.<\/p>\n<p>Se requiere documentar la ubicaci\u00f3n exacta y la gravedad de todas las lesiones que ocurren en lesiones automovil\u00edsticas, laborales, dom\u00e9sticas y deportivas para casos de lesiones m\u00e9dico-legales.<br \/>\nEsta documentaci\u00f3n es necesaria para informar cualquier lesi\u00f3n permanente y la necesidad de atenci\u00f3n continua en el futuro como resultado de una lesi\u00f3n por latigazo cervical.[\/vc_column_text][\/vc_column][\/vc_row]<\/p>\n<\/section>","protected":false},"excerpt":{"rendered":"<p>[vc_row row_type=\u00bbrow\u00bb use_row_as_full_screen_section=\u00bbno\u00bb type=\u00bbfull_width\u00bb angled_section=\u00bbno\u00bb text_align=\u00bbcenter\u00bb background_image=\u00bb574&#8243; background_image_as_pattern=\u00bbwithout_pattern\u00bb css=\u00bb.vc_custom_1673440377612{background-image: url(https:\/\/sunsetchiropractor.com\/wp-content\/uploads\/2022\/08\/sunset-chiropractor-34.jpg?id=8057) !important;background-position: center !important;background-repeat: no-repeat !important;background-size: contain !important;}\u00bb z_index=\u00bb\u00bb woodmart_css_id=\u00bb63beac74cf20f\u00bb responsive_spacing=\u00bbeyJwYXJhbV90eXBlIjoid29vZG1hcnRfcmVzcG9uc2l2ZV9zcGFjaW5nIiwic2VsZWN0b3JfaWQiOiI2M2JlYWM3NGNmMjBmIiwic2hvcnRjb2RlIjoidmNfcm93IiwiZGF0YSI6eyJ0YWJsZXQiOnt9LCJtb2JpbGUiOnt9fX0=\u00bb<\/p>\n","protected":false},"author":1,"featured_media":0,"parent":903,"menu_order":0,"comment_status":"closed","ping_status":"closed","template":"","meta":{"footnotes":""},"class_list":["post-11167","page","type-page","status-publish","hentry"],"_links":{"self":[{"href":"https:\/\/sunsetchiropractor.com\/es\/wp-json\/wp\/v2\/pages\/11167","targetHints":{"allow":["GET"]}}],"collection":[{"href":"https:\/\/sunsetchiropractor.com\/es\/wp-json\/wp\/v2\/pages"}],"about":[{"href":"https:\/\/sunsetchiropractor.com\/es\/wp-json\/wp\/v2\/types\/page"}],"author":[{"embeddable":true,"href":"https:\/\/sunsetchiropractor.com\/es\/wp-json\/wp\/v2\/users\/1"}],"replies":[{"embeddable":true,"href":"https:\/\/sunsetchiropractor.com\/es\/wp-json\/wp\/v2\/comments?post=11167"}],"version-history":[{"count":7,"href":"https:\/\/sunsetchiropractor.com\/es\/wp-json\/wp\/v2\/pages\/11167\/revisions"}],"predecessor-version":[{"id":11174,"href":"https:\/\/sunsetchiropractor.com\/es\/wp-json\/wp\/v2\/pages\/11167\/revisions\/11174"}],"up":[{"embeddable":true,"href":"https:\/\/sunsetchiropractor.com\/es\/wp-json\/wp\/v2\/pages\/903"}],"wp:attachment":[{"href":"https:\/\/sunsetchiropractor.com\/es\/wp-json\/wp\/v2\/media?parent=11167"}],"curies":[{"name":"wp","href":"https:\/\/api.w.org\/{rel}","templated":true}]}}