{"id":11159,"date":"2023-03-25T10:40:52","date_gmt":"2023-03-25T14:40:52","guid":{"rendered":"https:\/\/sunsetchiropractor.com\/condiciones\/spinal-stenosis\/"},"modified":"2023-03-25T10:44:52","modified_gmt":"2023-03-25T14:44:52","slug":"spinal-stenosis","status":"publish","type":"page","link":"https:\/\/sunsetchiropractor.com\/es\/condiciones\/spinal-stenosis\/","title":{"rendered":"Estenosis espinal"},"content":{"rendered":"<section class=\"wpb-content-wrapper\"><p>[vc_row row_type=\u00bbrow\u00bb use_row_as_full_screen_section=\u00bbno\u00bb type=\u00bbfull_width\u00bb angled_section=\u00bbno\u00bb text_align=\u00bbcenter\u00bb background_image=\u00bb574&#8243; background_image_as_pattern=\u00bbwithout_pattern\u00bb css=\u00bb.vc_custom_1673440377612{background-image: url(https:\/\/sunsetchiropractor.com\/wp-content\/uploads\/2022\/08\/sunset-chiropractor-34.jpg?id=8057) !important;background-position: center !important;background-repeat: no-repeat !important;background-size: contain !important;}\u00bb z_index=\u00bb\u00bb woodmart_css_id=\u00bb63beac74cf20f\u00bb responsive_spacing=\u00bbeyJwYXJhbV90eXBlIjoid29vZG1hcnRfcmVzcG9uc2l2ZV9zcGFjaW5nIiwic2VsZWN0b3JfaWQiOiI2M2JlYWM3NGNmMjBmIiwic2hvcnRjb2RlIjoidmNfcm93IiwiZGF0YSI6eyJ0YWJsZXQiOnt9LCJtb2JpbGUiOnt9fX0=\u00bb mobile_bg_img_hidden=\u00bbno\u00bb tablet_bg_img_hidden=\u00bbno\u00bb woodmart_parallax=\u00bb0&#8243; woodmart_gradient_switch=\u00bbno\u00bb woodmart_box_shadow=\u00bbno\u00bb wd_z_index=\u00bbno\u00bb woodmart_disable_overflow=\u00bb0&#8243; row_reverse_mobile=\u00bb0&#8243; row_reverse_tablet=\u00bb0&#8243; el_class=\u00bbocultar-sunset-mobile\u00bb][vc_column][vc_empty_space height=\u00bb10px\u00bb][vc_empty_space height=\u00bb10px\u00bb][vc_empty_space height=\u00bb10px\u00bb][vc_row_inner row_type=\u00bbrow\u00bb type=\u00bbgrid\u00bb text_align=\u00bbleft\u00bb css_animation=\u00bb\u00bb][vc_column_inner width=\u00bb1\/4&#8243;][\/vc_column_inner][vc_column_inner width=\u00bb1\/4&#8243;]\n\t\t<div id=\"wd-641d9e06b06e4\" class=\"title-wrapper wd-wpb wd-set-mb reset-last-child  wd-rs-641d9e06b06e4 wd-title-color-white wd-title-style-default text-center  wd-underline-colored\">\n\t\t\t\n\t\t\t<div class=\"liner-continer\">\n\t\t\t\t<h1 class=\"woodmart-title-container title  wd-font-weight-500 wd-fontsize-l\" >Cuidado Intensivo de la Columna<\/h1>\n\t\t\t\t\t\t\t<\/div>\n\t\t\t\n\t\t\t\n\t\t\t\n\t\t<\/div>\n\t\t\n\t\t[\/vc_column_inner][vc_column_inner width=\u00bb1\/4&#8243;][vc_empty_space height=\u00bb10px\u00bb][vc_empty_space height=\u00bb10px\u00bb][vc_empty_space height=\u00bb10px\u00bb][vc_single_image image=\u00bb11080&#8243; img_size=\u00bbfull\u00bb onclick=\u00bbcustom_link\u00bb qode_css_animation=\u00bb\u00bb link=\u00bbhttps:\/\/sunsetchiropractor.com\/es\/cuidado-intensivo-de-la-columna-vertebral\/\u00bb parallax_scroll=\u00bbno\u00bb woodmart_inline=\u00bbno\u00bb][\/vc_column_inner][vc_column_inner width=\u00bb1\/4&#8243;][\/vc_column_inner][\/vc_row_inner][vc_empty_space height=\u00bb10px\u00bb][vc_empty_space height=\u00bb10px\u00bb][vc_empty_space height=\u00bb10px\u00bb][\/vc_column][\/vc_row][vc_row css=\u00bb.vc_custom_1673440324433{background-image: url(https:\/\/sunsetchiropractor.com\/wp-content\/uploads\/2022\/08\/sunset-chiropractor-333.jpg?id=8082) !important;background-position: center !important;background-repeat: no-repeat !important;background-size: cover !important;}\u00bb woodmart_css_id=\u00bb63beac36d800c\u00bb responsive_spacing=\u00bbeyJwYXJhbV90eXBlIjoid29vZG1hcnRfcmVzcG9uc2l2ZV9zcGFjaW5nIiwic2VsZWN0b3JfaWQiOiI2M2JlYWMzNmQ4MDBjIiwic2hvcnRjb2RlIjoidmNfcm93IiwiZGF0YSI6eyJ0YWJsZXQiOnt9LCJtb2JpbGUiOnt9fX0=\u00bb mobile_bg_img_hidden=\u00bbno\u00bb tablet_bg_img_hidden=\u00bbno\u00bb woodmart_parallax=\u00bb0&#8243; woodmart_gradient_switch=\u00bbno\u00bb woodmart_box_shadow=\u00bbno\u00bb wd_z_index=\u00bbno\u00bb woodmart_disable_overflow=\u00bb0&#8243; row_reverse_mobile=\u00bb0&#8243; row_reverse_tablet=\u00bb0&#8243; el_class=\u00bbocultar-destok\u00bb][vc_column]\n\t\t<div id=\"wd-641d9e06b06e4\" class=\"title-wrapper wd-wpb wd-set-mb reset-last-child  wd-rs-641d9e06b06e4 wd-title-color-white wd-title-style-default text-center  wd-underline-colored\">\n\t\t\t\n\t\t\t<div class=\"liner-continer\">\n\t\t\t\t<h1 class=\"woodmart-title-container title  wd-font-weight-500 wd-fontsize-l\" >Cuidado Intensivo de la Columna<\/h1>\n\t\t\t\t\t\t\t<\/div>\n\t\t\t\n\t\t\t\n\t\t\t\n\t\t<\/div>\n\t\t\n\t\t[vc_single_image image=\u00bb8052&#8243; img_size=\u00bbfull\u00bb onclick=\u00bbcustom_link\u00bb qode_css_animation=\u00bb\u00bb link=\u00bbhttps:\/\/sunsetchiropractor.com\/es\/cuidado-intensivo-de-la-columna-vertebral\/\u00bb][\/vc_column][\/vc_row][vc_row row_type=\u00bbrow\u00bb use_row_as_full_screen_section=\u00bbno\u00bb type=\u00bbgrid\u00bb angled_section=\u00bbno\u00bb text_align=\u00bbleft\u00bb background_image_as_pattern=\u00bbwithout_pattern\u00bb z_index=\u00bb\u00bb][vc_column][vc_empty_space height=\u00bb10px\u00bb][vc_column_text woodmart_inline=\u00bbno\u00bb text_larger=\u00bbno\u00bb]La columna le permite pararse derecho y moverse. La columna tambi\u00e9n protege la m\u00e9dula espinal de lastimarse. En las personas con estenosis espinal, la columna se estrecha en una o m\u00e1s de tres partes:<\/p>\n<p>-El espacio en el centro de la columna<br \/>\n-Los canales donde los nervios se ramifican desde la columna vertebral<br \/>\n-El espacio entre las v\u00e9rtebras (los huesos de la columna).<\/p>\n<p>Este estrechamiento ejerce presi\u00f3n sobre la m\u00e9dula espinal y los nervios y puede causar dolor. Los nervios espinales se inflaman y no funcionan correctamente.<\/p>\n<h2>\u00bfCu\u00e1les son los s\u00edntomas de la estenosis espinal?<\/h2>\n<p>Es posible que no haya s\u00edntomas de estenosis espinal o que los s\u00edntomas aparezcan lentamente y empeoren con el tiempo. Los signos de estenosis espinal incluyen:<\/p>\n<p>Dolor en el cuello o la espalda<br \/>\nEntumecimiento, debilidad, calambres o dolor en los brazos o las piernas<br \/>\nDolor bajando por la pierna<br \/>\nProblemas en los pies<br \/>\nLos s\u00edntomas pueden aumentar con actividades normales como caminar.<br \/>\nUn tipo de estenosis espinal, el s\u00edndrome de cauda equina, es muy grave. Este tipo ocurre cuando hay presi\u00f3n sobre los nervios en la espalda baja. Los s\u00edntomas pueden incluir:<br \/>\nP\u00e9rdida de control del intestino o la vejiga<br \/>\nProblemas para tener sexo<br \/>\nDolor, debilidad o p\u00e9rdida de sensibilidad en una o ambas piernas.<br \/>\nSi tiene alguno de estos s\u00edntomas, debe llamar a su m\u00e9dico de inmediato.<\/p>\n<h2><strong>\u00bfCu\u00e1les son las causas de la estenosis espinal?<\/strong><\/h2>\n<p>&nbsp;<\/p>\n<p>Crecimiento excesivo de hueso. El da\u00f1o por desgaste causado por la osteoartritis en los huesos de la columna puede provocar la formaci\u00f3n de espolones \u00f3seos, que pueden crecer en el canal espinal. de Paget<\/p>\n<p><a href=\"https:\/\/sunsetchiropractor.com\/wp-content\/uploads\/2021\/02\/spinal-stenosis-1.jpg\"><img loading=\"lazy\" decoding=\"async\" class=\"size-full wp-image-3043 alignleft\" src=\"https:\/\/sunsetchiropractor.com\/wp-content\/uploads\/2021\/02\/spinal-stenosis-1.jpg\" alt=\"Spinal-Stenosis \u2013 Symptoms\" width=\"300\" height=\"239\" srcset=\"https:\/\/sunsetchiropractor.com\/wp-content\/uploads\/2021\/02\/spinal-stenosis-1.jpg 300w, https:\/\/sunsetchiropractor.com\/wp-content\/uploads\/2021\/02\/spinal-stenosis-1-150x120.jpg 150w\" sizes=\"auto, (max-width: 300px) 100vw, 300px\" \/><\/a><\/p>\n<p>La enfermedad, una enfermedad de los huesos que generalmente afecta a los adultos, tambi\u00e9n puede causar un crecimiento excesivo de los huesos en la columna vertebral.<\/p>\n<p>Discos herniados. Los suaves cojines que act\u00faan como amortiguadores entre las v\u00e9rtebras tienden a secarse con el tiempo. Las grietas en el exterior de un disco pueden permitir que parte del material interno blando se escape y presione la m\u00e9dula espinal o los nervios.<br \/>\nLigamentos engrosados. Las cuerdas resistentes que ayudan a mantener unidos los huesos de la columna pueden volverse r\u00edgidos y engrosados \u200b\u200bcon el tiempo. Estos ligamentos engrosados \u200b\u200bpueden sobresalir en el canal espinal.<\/p>\n<p>Tumores. Se pueden formar crecimientos anormales dentro de la m\u00e9dula espinal, dentro de las membranas que cubren la m\u00e9dula espinal o en el espacio entre la m\u00e9dula espinal y las v\u00e9rtebras. Estos son poco comunes e identificables en im\u00e1genes de la columna con una resonancia magn\u00e9tica o tomograf\u00eda computarizada.<\/p>\n<p>Lesiones de la m\u00e9dula. Los accidentes automovil\u00edsticos y otros traumatismos pueden causar dislocaciones o fracturas de una o m\u00e1s v\u00e9rtebras. El hueso desplazado por una fractura de columna puede da\u00f1ar el contenido del canal espinal. La hinchaz\u00f3n del tejido cercano inmediatamente despu\u00e9s de la cirug\u00eda de espalda tambi\u00e9n puede ejercer presi\u00f3n sobre la m\u00e9dula espinal o los nervios.[\/vc_column_text][\/vc_column][\/vc_row]<\/p>\n<\/section>","protected":false},"excerpt":{"rendered":"<p>[vc_row row_type=\u00bbrow\u00bb use_row_as_full_screen_section=\u00bbno\u00bb type=\u00bbfull_width\u00bb angled_section=\u00bbno\u00bb text_align=\u00bbcenter\u00bb background_image=\u00bb574&#8243; background_image_as_pattern=\u00bbwithout_pattern\u00bb css=\u00bb.vc_custom_1673440377612{background-image: url(https:\/\/sunsetchiropractor.com\/wp-content\/uploads\/2022\/08\/sunset-chiropractor-34.jpg?id=8057) !important;background-position: center !important;background-repeat: no-repeat !important;background-size: contain !important;}\u00bb z_index=\u00bb\u00bb woodmart_css_id=\u00bb63beac74cf20f\u00bb responsive_spacing=\u00bbeyJwYXJhbV90eXBlIjoid29vZG1hcnRfcmVzcG9uc2l2ZV9zcGFjaW5nIiwic2VsZWN0b3JfaWQiOiI2M2JlYWM3NGNmMjBmIiwic2hvcnRjb2RlIjoidmNfcm93IiwiZGF0YSI6eyJ0YWJsZXQiOnt9LCJtb2JpbGUiOnt9fX0=\u00bb<\/p>\n","protected":false},"author":1,"featured_media":0,"parent":903,"menu_order":0,"comment_status":"closed","ping_status":"closed","template":"","meta":{"footnotes":""},"class_list":["post-11159","page","type-page","status-publish","hentry"],"_links":{"self":[{"href":"https:\/\/sunsetchiropractor.com\/es\/wp-json\/wp\/v2\/pages\/11159","targetHints":{"allow":["GET"]}}],"collection":[{"href":"https:\/\/sunsetchiropractor.com\/es\/wp-json\/wp\/v2\/pages"}],"about":[{"href":"https:\/\/sunsetchiropractor.com\/es\/wp-json\/wp\/v2\/types\/page"}],"author":[{"embeddable":true,"href":"https:\/\/sunsetchiropractor.com\/es\/wp-json\/wp\/v2\/users\/1"}],"replies":[{"embeddable":true,"href":"https:\/\/sunsetchiropractor.com\/es\/wp-json\/wp\/v2\/comments?post=11159"}],"version-history":[{"count":6,"href":"https:\/\/sunsetchiropractor.com\/es\/wp-json\/wp\/v2\/pages\/11159\/revisions"}],"predecessor-version":[{"id":11165,"href":"https:\/\/sunsetchiropractor.com\/es\/wp-json\/wp\/v2\/pages\/11159\/revisions\/11165"}],"up":[{"embeddable":true,"href":"https:\/\/sunsetchiropractor.com\/es\/wp-json\/wp\/v2\/pages\/903"}],"wp:attachment":[{"href":"https:\/\/sunsetchiropractor.com\/es\/wp-json\/wp\/v2\/media?parent=11159"}],"curies":[{"name":"wp","href":"https:\/\/api.w.org\/{rel}","templated":true}]}}