{"id":1114,"date":"2020-02-04T23:25:08","date_gmt":"2020-02-05T04:25:08","guid":{"rendered":"https:\/\/sunsetchiropractor.com\/cuidado-quiropractico-correctivo\/"},"modified":"2021-02-01T15:08:14","modified_gmt":"2021-02-01T20:08:14","slug":"cuidado-quiropractico-correctivo","status":"publish","type":"page","link":"https:\/\/sunsetchiropractor.com\/es\/cuidado-quiropractico-correctivo\/","title":{"rendered":"Cuidado quiropr\u00e1ctico correctivo"},"content":{"rendered":"<section class=\"wpb-content-wrapper\"><p>[vc_row css_animation=\u00bb\u00bb row_type=\u00bbrow\u00bb use_row_as_full_screen_section=\u00bbno\u00bb type=\u00bbgrid\u00bb angled_section=\u00bbno\u00bb text_align=\u00bbleft\u00bb background_image_as_pattern=\u00bbwithout_pattern\u00bb z_index=\u00bb\u00bb][vc_column][vc_column_text]Corrective Chiropractic Care rehabilita el sistema espinal debilitado y da\u00f1ado y sus partes (m\u00fasculos, ligamentos, fascia, discos, huesos y nervios) disminuyendo el dolor, mejorando la funci\u00f3n, mejorando la estructura y la calidad de vida.<\/p>\n<p>El Sistema de Cuidado Quiropr\u00e1ctico Correccional del Dr. Alfonso tiene 3 componentes principales de tratamientos que trabajan sin\u00e9rgicamente juntos para lograr resultados fenomenales sin medicamentos ni cirug\u00eda.[\/vc_column_text][vc_empty_space][\/vc_column][\/vc_row][vc_row css_animation=\u00bb\u00bb row_type=\u00bbrow\u00bb use_row_as_full_screen_section=\u00bbno\u00bb type=\u00bbfull_width\u00bb angled_section=\u00bbno\u00bb text_align=\u00bbleft\u00bb background_image_as_pattern=\u00bbwithout_pattern\u00bb][vc_column][vc_column_text]<\/p>\n<h2><strong>1. PROCEDIMIENTOS DE FLEXIBILIDAD E HIDRATACIONES<\/strong><\/h2>\n<p>&nbsp;<\/p>\n<p>El primer paso en la rehabilitaci\u00f3n de una columna vertebral debilitada da\u00f1ada, se conoce como nuestros procedimientos de flexibilidad e hidrataci\u00f3n. Equipo de rehabilitaci\u00f3n quiropr\u00e1ctica estructural especializado dise\u00f1ado para aumentar la flexibilidad de la columna vertebral, mejorar la hidrataci\u00f3n y nutrici\u00f3n del disco espinal, y disminuir los m\u00fasculos, ligamentos y tendones dolorosos r\u00edgidos a lo largo de la columna vertebral del paciente.[\/vc_column_text][\/vc_column][\/vc_row][vc_row css_animation=\u00bb\u00bb row_type=\u00bbrow\u00bb use_row_as_full_screen_section=\u00bbno\u00bb type=\u00bbfull_width\u00bb angled_section=\u00bbno\u00bb text_align=\u00bbleft\u00bb background_image_as_pattern=\u00bbwithout_pattern\u00bb el_class=\u00bbfive-columns\u00bb z_index=\u00bb\u00bb css=\u00bb.vc_custom_1557764292621{padding-top: 30px !important;}\u00bb][vc_column width=\u00bb1\/6&#8243;][vc_single_image image=\u00bb1123&#8243; img_size=\u00bbfull\u00bb qode_css_animation=\u00bb\u00bb][vc_empty_space height=\u00bb20px\u00bb][vc_column_text]<\/p>\n<h3 style=\"text-align: center;\"><strong>WOBBLE CHAIR<\/strong><\/h3>\n<p>Mejora los discos da\u00f1ados, aumenta la flexibilidad, disminuye el dolor y fortalece la parte baja de la espalda.[\/vc_column_text][\/vc_column][vc_column width=\u00bb1\/6&#8243;][vc_single_image image=\u00bb1125&#8243; img_size=\u00bbfull\u00bb qode_css_animation=\u00bb\u00bb][vc_empty_space height=\u00bb20px\u00bb][vc_column_text]<\/p>\n<h3 style=\"text-align: center;\"><strong>TRACCI\u00d3N POR VIBRACI\u00d3N<\/strong><\/h3>\n<p>Alivia el estr\u00e9s, el dolor y la tensi\u00f3n en el cuello y la parte inferior de la espalda y mejora el da\u00f1o del disco espinal.[\/vc_column_text][\/vc_column][vc_column width=\u00bb1\/6&#8243;][vc_single_image image=\u00bb1128&#8243; img_size=\u00bbfull\u00bb qode_css_animation=\u00bb\u00bb][vc_empty_space height=\u00bb20px\u00bb][vc_column_text]<\/p>\n<h3 style=\"text-align: center;\"><strong>TRACCION CERVICAL REPETITIVA<\/strong><\/h3>\n<p>Disminuye los tejidos apretados dolorosos en el cuello y la parte media de la espalda y rehabilita los discos da\u00f1ados.[\/vc_column_text][\/vc_column][vc_column width=\u00bb1\/6&#8243;][vc_single_image image=\u00bb1121&#8243; img_size=\u00bbfull\u00bb qode_css_animation=\u00bb\u00bb][vc_empty_space height=\u00bb20px\u00bb][vc_column_text]<\/p>\n<h3 style=\"text-align: center;\"><strong>BACK ON TRAC DECOMPRESSION<\/strong><\/h3>\n<p>Rehidrata y mejora la curaci\u00f3n de los discos da\u00f1ados. Disminuye los m\u00fasculos apretados para una mejor correcci\u00f3n general de la columna vertebral y la salud de la columna vertebral.[\/vc_column_text][\/vc_column][vc_column width=\u00bb1\/6&#8243;][vc_single_image image=\u00bb1130&#8243; img_size=\u00bbfull\u00bb qode_css_animation=\u00bb\u00bb][vc_empty_space height=\u00bb20px\u00bb][vc_column_text]<\/p>\n<h3 style=\"text-align: center;\"><strong>TABLA DE DISTRACCI\u00d3N DE FLEXI\u00d3N CON ESTIMULACI\u00d3N DEL N\u00daCLEO<\/strong><\/h3>\n<p>Reduce los m\u00fasculos apretados en el cuello y la espalda, alivia los espasmos musculares, disminuye el dolor\/inflamaci\u00f3n, y rehabilita y rehidrata los discos da\u00f1ados. Aumenta la circulaci\u00f3n e inicia el proceso de curaci\u00f3n.[\/vc_column_text][\/vc_column][vc_column width=\u00bb1\/6&#8243;][\/vc_column][\/vc_row][vc_row css_animation=\u00bb\u00bb row_type=\u00bbrow\u00bb use_row_as_full_screen_section=\u00bbno\u00bb type=\u00bbfull_width\u00bb angled_section=\u00bbno\u00bb text_align=\u00bbleft\u00bb background_image_as_pattern=\u00bbwithout_pattern\u00bb css=\u00bb.vc_custom_1557765226899{padding-top: 50px !important;}\u00bb z_index=\u00bb\u00bb][vc_column][vc_column_text]<\/p>\n<h2><strong>2. PROCEDIMIENTOS DE ALINEAMIENTO DE ESPINAL<\/strong><\/h2>\n<p><img loading=\"lazy\" decoding=\"async\" class=\"alignright wp-image-688\" src=\"https:\/\/sunsetchiropractor.com\/wp-content\/uploads\/2019\/05\/SPINAL-ALIGNMENT-PROCEDURES.jpg\" alt=\"SPINAL ALIGNMENT PROCEDURES\" width=\"140\" height=\"210\" srcset=\"https:\/\/sunsetchiropractor.com\/wp-content\/uploads\/2019\/05\/SPINAL-ALIGNMENT-PROCEDURES.jpg 466w, https:\/\/sunsetchiropractor.com\/wp-content\/uploads\/2019\/05\/SPINAL-ALIGNMENT-PROCEDURES-430x646.jpg 430w, https:\/\/sunsetchiropractor.com\/wp-content\/uploads\/2019\/05\/SPINAL-ALIGNMENT-PROCEDURES-150x225.jpg 150w, https:\/\/sunsetchiropractor.com\/wp-content\/uploads\/2019\/05\/SPINAL-ALIGNMENT-PROCEDURES-200x300.jpg 200w\" sizes=\"auto, (max-width: 140px) 100vw, 140px\" \/><\/p>\n<p>Una vez que las estructuras espinales de soporte est\u00e9n relajadas, flexibles y los discos espinales se rehidraten, el m\u00e9dico dirigir\u00e1 la columna vertebral hacia una alineaci\u00f3n adecuada basada en 41 mediciones y 23 \u00e1ngulos de las radiograf\u00edas a trav\u00e9s de ajustes espinales seguros, suaves y eficaces, denominados Procedimientos de Alineaci\u00f3n Quiropr\u00e1ctica Estructural.<\/p>\n<p>&nbsp;<\/p>\n<p>ALINEACI\u00d3N ESPINAL<br \/>\nAlinea de forma segura la columna vertebral para disminuir el dolor, mejorar la funci\u00f3n y mejorar el rango de movimiento.<\/p>\n<p>&nbsp;<\/p>\n<h2><strong>3. PROCEDIMIENTOS DE FORTALECIMIENTO Y REEDUCACI\u00d3N<\/strong><\/h2>\n<p>&nbsp;<\/p>\n<p><img loading=\"lazy\" decoding=\"async\" class=\"alignright wp-image-689\" src=\"https:\/\/sunsetchiropractor.com\/wp-content\/uploads\/2019\/05\/STRENGTHENING-AND-REEDUCATION-PROCEDURES.jpg\" alt=\"STRENGTHENING AND REEDUCATION PROCEDURES\" width=\"133\" height=\"200\" srcset=\"https:\/\/sunsetchiropractor.com\/wp-content\/uploads\/2019\/05\/STRENGTHENING-AND-REEDUCATION-PROCEDURES.jpg 466w, https:\/\/sunsetchiropractor.com\/wp-content\/uploads\/2019\/05\/STRENGTHENING-AND-REEDUCATION-PROCEDURES-430x646.jpg 430w, https:\/\/sunsetchiropractor.com\/wp-content\/uploads\/2019\/05\/STRENGTHENING-AND-REEDUCATION-PROCEDURES-150x225.jpg 150w, https:\/\/sunsetchiropractor.com\/wp-content\/uploads\/2019\/05\/STRENGTHENING-AND-REEDUCATION-PROCEDURES-200x300.jpg 200w\" sizes=\"auto, (max-width: 133px) 100vw, 133px\" \/>Una vez que ponemos la columna vertebral en una alineaci\u00f3n mejorada, queremos que el cuerpo comience a mantener estas nuevas posiciones mejoradas de forma natural. Este es el que aplicamos los Procedimientos de Fortalecimiento y Reeducaci\u00f3n. Reentrenamiento del cerebro y fortalecimiento de los m\u00fasculos de la postura a lo largo de la columna vertebral para conseguir que el cuerpo mantenga las nuevas posiciones naturalmente. Esto se logra mediante el uso de nuestro sistema especializado de ponderaci\u00f3n corporal combinado con terapia de vibraci\u00f3n especializada. La terapia de vibraci\u00f3n fortalece los m\u00fasculos posturales, disminuye la inflamaci\u00f3n y el dolor, aumenta la circulaci\u00f3n, aumenta la flexibilidad y mejora la masa \u00f3sea.<\/p>\n<p>&nbsp;<\/p>\n<p><strong>Peso corporal en el vibe<\/strong><br \/>\nFortalece y vuelve a entrenar el cerebro y los m\u00fasculos posturales mejorando la columna vertebral y la postura, disminuyendo el dolor y acelerando tus mejoras.<\/p>\n<p>&nbsp;<\/p>\n<p>&nbsp;<\/p>\n<h2><\/h2>\n<h2><strong>4. SISTEMA DE REHABILITACI\u00d3N DEL HOGAR<\/strong><\/h2>\n<p>&nbsp;<\/p>\n<p>Nuestro tratamiento cl\u00ednico \u00fanico combinado con un programa de rehabilitaci\u00f3n en el hogar espec\u00edfico del paciente acelera las mejoras y ayuda a mantener sus resultados[\/vc_column_text][vc_empty_space][\/vc_column][\/vc_row]<\/p>\n<\/section>","protected":false},"excerpt":{"rendered":"<p>[vc_row css_animation=\u00bb\u00bb row_type=\u00bbrow\u00bb use_row_as_full_screen_section=\u00bbno\u00bb type=\u00bbgrid\u00bb angled_section=\u00bbno\u00bb text_align=\u00bbleft\u00bb background_image_as_pattern=\u00bbwithout_pattern\u00bb z_index=\u00bb\u00bb][vc_column][vc_column_text]Corrective Chiropractic Care rehabilita el sistema espinal debilitado y da\u00f1ado y sus<\/p>\n","protected":false},"author":1,"featured_media":0,"parent":0,"menu_order":0,"comment_status":"closed","ping_status":"closed","template":"","meta":{"footnotes":""},"class_list":["post-1114","page","type-page","status-publish","hentry"],"_links":{"self":[{"href":"https:\/\/sunsetchiropractor.com\/es\/wp-json\/wp\/v2\/pages\/1114","targetHints":{"allow":["GET"]}}],"collection":[{"href":"https:\/\/sunsetchiropractor.com\/es\/wp-json\/wp\/v2\/pages"}],"about":[{"href":"https:\/\/sunsetchiropractor.com\/es\/wp-json\/wp\/v2\/types\/page"}],"author":[{"embeddable":true,"href":"https:\/\/sunsetchiropractor.com\/es\/wp-json\/wp\/v2\/users\/1"}],"replies":[{"embeddable":true,"href":"https:\/\/sunsetchiropractor.com\/es\/wp-json\/wp\/v2\/comments?post=1114"}],"version-history":[{"count":0,"href":"https:\/\/sunsetchiropractor.com\/es\/wp-json\/wp\/v2\/pages\/1114\/revisions"}],"wp:attachment":[{"href":"https:\/\/sunsetchiropractor.com\/es\/wp-json\/wp\/v2\/media?parent=1114"}],"curies":[{"name":"wp","href":"https:\/\/api.w.org\/{rel}","templated":true}]}}