{"id":11101,"date":"2023-03-24T11:20:47","date_gmt":"2023-03-24T15:20:47","guid":{"rendered":"https:\/\/sunsetchiropractor.com\/cuidado-quiropractico-correctivo-2\/"},"modified":"2023-03-24T11:40:37","modified_gmt":"2023-03-24T15:40:37","slug":"cuidado-quiropractico-correctivo-2","status":"publish","type":"page","link":"https:\/\/sunsetchiropractor.com\/es\/cuidado-quiropractico-correctivo-2\/","title":{"rendered":"Cuidado quiropr\u00e1ctico correctivo"},"content":{"rendered":"<section class=\"wpb-content-wrapper\"><p>[vc_column][\/vc_column][vc_row row_type=\u00bbrow\u00bb use_row_as_full_screen_section=\u00bbno\u00bb type=\u00bbfull_width\u00bb angled_section=\u00bbno\u00bb text_align=\u00bbcenter\u00bb background_image=\u00bb574&#8243; background_image_as_pattern=\u00bbwithout_pattern\u00bb css=\u00bb.vc_custom_1673440377612{background-image: url(https:\/\/sunsetchiropractor.com\/wp-content\/uploads\/2022\/08\/sunset-chiropractor-34.jpg?id=8057) !important;background-position: center !important;background-repeat: no-repeat !important;background-size: contain !important;}\u00bb z_index=\u00bb\u00bb woodmart_css_id=\u00bb63beac74cf20f\u00bb responsive_spacing=\u00bbeyJwYXJhbV90eXBlIjoid29vZG1hcnRfcmVzcG9uc2l2ZV9zcGFjaW5nIiwic2VsZWN0b3JfaWQiOiI2M2JlYWM3NGNmMjBmIiwic2hvcnRjb2RlIjoidmNfcm93IiwiZGF0YSI6eyJ0YWJsZXQiOnt9LCJtb2JpbGUiOnt9fX0=\u00bb mobile_bg_img_hidden=\u00bbno\u00bb tablet_bg_img_hidden=\u00bbno\u00bb woodmart_parallax=\u00bb0&#8243; woodmart_gradient_switch=\u00bbno\u00bb woodmart_box_shadow=\u00bbno\u00bb wd_z_index=\u00bbno\u00bb woodmart_disable_overflow=\u00bb0&#8243; row_reverse_mobile=\u00bb0&#8243; row_reverse_tablet=\u00bb0&#8243; el_class=\u00bbocultar-sunset-mobile\u00bb][vc_column][vc_empty_space height=\u00bb10px\u00bb][vc_empty_space height=\u00bb10px\u00bb][vc_empty_space height=\u00bb10px\u00bb][vc_row_inner row_type=\u00bbrow\u00bb type=\u00bbgrid\u00bb text_align=\u00bbleft\u00bb css_animation=\u00bb\u00bb][vc_column_inner width=\u00bb1\/4&#8243;][\/vc_column_inner][vc_column_inner width=\u00bb1\/4&#8243;]\n\t\t<div id=\"wd-641d9e06b06e4\" class=\"title-wrapper wd-wpb wd-set-mb reset-last-child  wd-rs-641d9e06b06e4 wd-title-color-white wd-title-style-default text-center  wd-underline-colored\">\n\t\t\t\n\t\t\t<div class=\"liner-continer\">\n\t\t\t\t<h1 class=\"woodmart-title-container title  wd-font-weight-500 wd-fontsize-l\" >Cuidado Intensivo de la Columna<\/h1>\n\t\t\t\t\t\t\t<\/div>\n\t\t\t\n\t\t\t\n\t\t\t\n\t\t<\/div>\n\t\t\n\t\t[\/vc_column_inner][vc_column_inner width=\u00bb1\/4&#8243;][vc_empty_space height=\u00bb10px\u00bb][vc_empty_space height=\u00bb10px\u00bb][vc_empty_space height=\u00bb10px\u00bb][vc_single_image image=\u00bb11080&#8243; img_size=\u00bbfull\u00bb onclick=\u00bbcustom_link\u00bb qode_css_animation=\u00bb\u00bb link=\u00bbhttps:\/\/sunsetchiropractor.com\/es\/cuidado-intensivo-de-la-columna-vertebral\/\u00bb parallax_scroll=\u00bbno\u00bb woodmart_inline=\u00bbno\u00bb][\/vc_column_inner][vc_column_inner width=\u00bb1\/4&#8243;][\/vc_column_inner][\/vc_row_inner][vc_empty_space height=\u00bb10px\u00bb][vc_empty_space height=\u00bb10px\u00bb][vc_empty_space height=\u00bb10px\u00bb][vc_empty_space height=\u00bb10px\u00bb][\/vc_column][\/vc_row][vc_row css=\u00bb.vc_custom_1673440324433{background-image: url(https:\/\/sunsetchiropractor.com\/wp-content\/uploads\/2022\/08\/sunset-chiropractor-333.jpg?id=8082) !important;background-position: center !important;background-repeat: no-repeat !important;background-size: cover !important;}\u00bb woodmart_css_id=\u00bb63beac36d800c\u00bb responsive_spacing=\u00bbeyJwYXJhbV90eXBlIjoid29vZG1hcnRfcmVzcG9uc2l2ZV9zcGFjaW5nIiwic2VsZWN0b3JfaWQiOiI2M2JlYWMzNmQ4MDBjIiwic2hvcnRjb2RlIjoidmNfcm93IiwiZGF0YSI6eyJ0YWJsZXQiOnt9LCJtb2JpbGUiOnt9fX0=\u00bb mobile_bg_img_hidden=\u00bbno\u00bb tablet_bg_img_hidden=\u00bbno\u00bb woodmart_parallax=\u00bb0&#8243; woodmart_gradient_switch=\u00bbno\u00bb woodmart_box_shadow=\u00bbno\u00bb wd_z_index=\u00bbno\u00bb woodmart_disable_overflow=\u00bb0&#8243; row_reverse_mobile=\u00bb0&#8243; row_reverse_tablet=\u00bb0&#8243; el_class=\u00bbocultar-destok\u00bb][vc_column]\n\t\t<div id=\"wd-641d9e06b06e4\" class=\"title-wrapper wd-wpb wd-set-mb reset-last-child  wd-rs-641d9e06b06e4 wd-title-color-white wd-title-style-default text-center  wd-underline-colored\">\n\t\t\t\n\t\t\t<div class=\"liner-continer\">\n\t\t\t\t<h1 class=\"woodmart-title-container title  wd-font-weight-500 wd-fontsize-l\" >Cuidado Intensivo de la Columna<\/h1>\n\t\t\t\t\t\t\t<\/div>\n\t\t\t\n\t\t\t\n\t\t\t\n\t\t<\/div>\n\t\t\n\t\t[vc_single_image image=\u00bb8052&#8243; img_size=\u00bbfull\u00bb onclick=\u00bbcustom_link\u00bb qode_css_animation=\u00bb\u00bb link=\u00bbhttps:\/\/sunsetchiropractor.com\/es\/cuidado-intensivo-de-la-columna-vertebral\/\u00bb][\/vc_column][\/vc_row][vc_row row_type=\u00bbrow\u00bb use_row_as_full_screen_section=\u00bbno\u00bb type=\u00bbgrid\u00bb angled_section=\u00bbno\u00bb text_align=\u00bbleft\u00bb background_image_as_pattern=\u00bbwithout_pattern\u00bb z_index=\u00bb\u00bb css=\u00bb.vc_custom_1563937864349{padding-top: 50px !important;padding-bottom: 15px !important;}\u00bb][vc_column][vc_column_text woodmart_inline=\u00bbno\u00bb text_larger=\u00bbno\u00bb]<\/p>\n<h2><strong>1.<\/strong><strong>PROCEDIMIENTOS DE FLEXIBILIDAD E HIDRATACIONES<\/strong><\/h2>\n<p>&nbsp;<\/p>\n<p>El primer paso en la rehabilitaci\u00f3n de una columna vertebral debilitada da\u00f1ada, se conoce como nuestros procedimientos de flexibilidad e hidrataci\u00f3n. Equipo de rehabilitaci\u00f3n quiropr\u00e1ctica estructural especializado dise\u00f1ado para aumentar la flexibilidad de la columna vertebral, mejorar la hidrataci\u00f3n y nutrici\u00f3n del disco espinal, y disminuir los m\u00fasculos, ligamentos y tendones dolorosos r\u00edgidos a lo largo de la columna vertebral del paciente[\/vc_column_text][vc_empty_space height=\u00bb25px\u00bb][vc_column_text]<\/p>\n<h2 style=\"text-align: left;\">Wobble Chair<\/h2>\n<p>[\/vc_column_text][vc_empty_space height=\u00bb25px\u00bb][vc_row_inner row_type=\u00bbrow\u00bb type=\u00bbfull_width\u00bb text_align=\u00bbleft\u00bb css_animation=\u00bb\u00bb el_class=\u00bbvideo-container\u00bb][vc_column_inner width=\u00bb1\/4&#8243;][vc_single_image image=\u00bb5667&#8243; img_size=\u00bbfull\u00bb add_caption=\u00bbyes\u00bb qode_css_animation=\u00bb\u00bb][\/vc_column_inner][vc_column_inner width=\u00bb1\/3&#8243;][vc_empty_space][vc_column_text woodmart_inline=\u00bbno\u00bb text_larger=\u00bbno\u00bb]<\/p>\n<h2 style=\"text-align: left; font-size: 18px;\">Mejora los discos da\u00f1ados, aumenta la flexibilidad, disminuye el dolor y fortalece la parte baja de la espalda.<\/h2>\n<p>[\/vc_column_text][vc_separator color=\u00bb#bfab9c\u00bb type=\u00bbsmall\u00bb position=\u00bbleft\u00bb thickness=\u00bb5px\u00bb width=\u00bb50px\u00bb][\/vc_column_inner][vc_column_inner width=\u00bb5\/12&#8243;][vc_video link=\u00bbhttps:\/\/youtu.be\/T_3jDqDt1CE\u00bb align=\u00bbcenter\u00bb][\/vc_column_inner][\/vc_row_inner][\/vc_column][\/vc_row][vc_row row_type=\u00bbrow\u00bb use_row_as_full_screen_section=\u00bbno\u00bb type=\u00bbfull_width\u00bb angled_section=\u00bbno\u00bb text_align=\u00bbleft\u00bb background_image_as_pattern=\u00bbwithout_pattern\u00bb][vc_column][vc_empty_space][\/vc_column][\/vc_row][vc_row row_type=\u00bbrow\u00bb use_row_as_full_screen_section=\u00bbno\u00bb type=\u00bbgrid\u00bb angled_section=\u00bbno\u00bb text_align=\u00bbleft\u00bb background_image_as_pattern=\u00bbwithout_pattern\u00bb z_index=\u00bb\u00bb css=\u00bb.vc_custom_1563937875500{padding-top: 20px !important;padding-bottom: 15px !important;}\u00bb][vc_column][vc_column_text woodmart_inline=\u00bbno\u00bb text_larger=\u00bbno\u00bb]<\/p>\n<h3><strong>TRACCI\u00d3N POR VIBRACI\u00d3N<\/strong><\/h3>\n<p>[\/vc_column_text][vc_empty_space height=\u00bb25px\u00bb][vc_row_inner row_type=\u00bbrow\u00bb type=\u00bbfull_width\u00bb text_align=\u00bbleft\u00bb css_animation=\u00bb\u00bb el_class=\u00bbvideo-container\u00bb][vc_column_inner width=\u00bb1\/4&#8243;][vc_single_image image=\u00bb5669&#8243; img_size=\u00bbfull\u00bb add_caption=\u00bbyes\u00bb qode_css_animation=\u00bb\u00bb][\/vc_column_inner][vc_column_inner width=\u00bb1\/3&#8243;][vc_empty_space][vc_column_text woodmart_inline=\u00bbno\u00bb text_larger=\u00bbno\u00bb]<\/p>\n<h2 style=\"text-align: left; font-size: 18px;\">Alivia el estr\u00e9s, el dolor y la tensi\u00f3n en el cuello y la parte inferior de la espalda y mejora el da\u00f1o del disco espinal.<\/h2>\n<p>[\/vc_column_text][vc_separator color=\u00bb#bfab9c\u00bb type=\u00bbsmall\u00bb position=\u00bbleft\u00bb thickness=\u00bb5px\u00bb width=\u00bb50px\u00bb][\/vc_column_inner][vc_column_inner width=\u00bb5\/12&#8243;][vc_video link=\u00bbhttps:\/\/youtu.be\/iKdvCo7l2Us\u00bb align=\u00bbcenter\u00bb][\/vc_column_inner][\/vc_row_inner][\/vc_column][\/vc_row][vc_row row_type=\u00bbrow\u00bb use_row_as_full_screen_section=\u00bbno\u00bb type=\u00bbfull_width\u00bb angled_section=\u00bbno\u00bb text_align=\u00bbleft\u00bb background_image_as_pattern=\u00bbwithout_pattern\u00bb][vc_column][vc_empty_space][\/vc_column][\/vc_row][vc_row row_type=\u00bbrow\u00bb use_row_as_full_screen_section=\u00bbno\u00bb type=\u00bbgrid\u00bb angled_section=\u00bbno\u00bb text_align=\u00bbleft\u00bb background_image_as_pattern=\u00bbwithout_pattern\u00bb z_index=\u00bb\u00bb css=\u00bb.vc_custom_1563937875500{padding-top: 20px !important;padding-bottom: 15px !important;}\u00bb][vc_column][vc_column_text woodmart_inline=\u00bbno\u00bb text_larger=\u00bbno\u00bb]<\/p>\n<h3><strong>TRACCION CERVICAL REPETITIVA<\/strong><\/h3>\n<p>[\/vc_column_text][vc_empty_space height=\u00bb25px\u00bb][vc_row_inner row_type=\u00bbrow\u00bb type=\u00bbfull_width\u00bb text_align=\u00bbleft\u00bb css_animation=\u00bb\u00bb el_class=\u00bbvideo-container\u00bb][vc_column_inner width=\u00bb1\/4&#8243;][vc_single_image image=\u00bb5671&#8243; img_size=\u00bblarge\u00bb add_caption=\u00bbyes\u00bb qode_css_animation=\u00bb\u00bb][\/vc_column_inner][vc_column_inner width=\u00bb1\/3&#8243;][vc_empty_space][vc_column_text woodmart_inline=\u00bbno\u00bb text_larger=\u00bbno\u00bb]<\/p>\n<h2 style=\"text-align: left; font-size: 18px;\">Disminuye los tejidos apretados dolorosos en el cuello y la parte media de la espalda y rehabilita los discos da\u00f1ados.<\/h2>\n<p>[\/vc_column_text][vc_separator color=\u00bb#bfab9c\u00bb type=\u00bbsmall\u00bb position=\u00bbleft\u00bb thickness=\u00bb5px\u00bb width=\u00bb50px\u00bb][\/vc_column_inner][vc_column_inner width=\u00bb5\/12&#8243;][vc_video link=\u00bbhttps:\/\/youtu.be\/O4s6K3Qbehw\u00bb align=\u00bbcenter\u00bb][\/vc_column_inner][\/vc_row_inner][\/vc_column][\/vc_row][vc_row row_type=\u00bbrow\u00bb use_row_as_full_screen_section=\u00bbno\u00bb type=\u00bbfull_width\u00bb angled_section=\u00bbno\u00bb text_align=\u00bbleft\u00bb background_image_as_pattern=\u00bbwithout_pattern\u00bb][vc_column][vc_empty_space][\/vc_column][\/vc_row][vc_row row_type=\u00bbrow\u00bb use_row_as_full_screen_section=\u00bbno\u00bb type=\u00bbgrid\u00bb angled_section=\u00bbno\u00bb text_align=\u00bbleft\u00bb background_image_as_pattern=\u00bbwithout_pattern\u00bb z_index=\u00bb\u00bb css=\u00bb.vc_custom_1563937875500{padding-top: 20px !important;padding-bottom: 15px !important;}\u00bb][vc_column][vc_column_text]<\/p>\n<h2>Traction Chair<\/h2>\n<p>[\/vc_column_text][vc_empty_space height=\u00bb25px\u00bb][vc_row_inner row_type=\u00bbrow\u00bb type=\u00bbfull_width\u00bb text_align=\u00bbleft\u00bb css_animation=\u00bb\u00bb el_class=\u00bbvideo-container\u00bb][vc_column_inner width=\u00bb1\/4&#8243;][vc_single_image image=\u00bb5673&#8243; img_size=\u00bblarge\u00bb add_caption=\u00bbyes\u00bb qode_css_animation=\u00bb\u00bb][\/vc_column_inner][vc_column_inner width=\u00bb1\/3&#8243;][vc_empty_space][vc_column_text]<\/p>\n<h2 style=\"text-align: left; font-size: 18px;\">Help reduce scoliosis, decreases pain, increases flexibility and improves disc damage.<\/h2>\n<p>[\/vc_column_text][vc_separator color=\u00bb#bfab9c\u00bb type=\u00bbsmall\u00bb position=\u00bbleft\u00bb thickness=\u00bb5px\u00bb width=\u00bb50px\u00bb][\/vc_column_inner][vc_column_inner width=\u00bb5\/12&#8243;][vc_video link=\u00bbhttps:\/\/youtu.be\/Bhkmq7hiTck\u00bb align=\u00bbcenter\u00bb][\/vc_column_inner][\/vc_row_inner][\/vc_column][\/vc_row][vc_row row_type=\u00bbrow\u00bb use_row_as_full_screen_section=\u00bbno\u00bb type=\u00bbfull_width\u00bb angled_section=\u00bbno\u00bb text_align=\u00bbleft\u00bb background_image_as_pattern=\u00bbwithout_pattern\u00bb][vc_column][vc_empty_space][\/vc_column][\/vc_row][vc_row row_type=\u00bbrow\u00bb use_row_as_full_screen_section=\u00bbno\u00bb type=\u00bbgrid\u00bb angled_section=\u00bbno\u00bb text_align=\u00bbleft\u00bb background_image_as_pattern=\u00bbwithout_pattern\u00bb z_index=\u00bb\u00bb css=\u00bb.vc_custom_1563937875500{padding-top: 20px !important;padding-bottom: 15px !important;}\u00bb][vc_column][vc_column_text woodmart_inline=\u00bbno\u00bb text_larger=\u00bbno\u00bb]<\/p>\n<h2>Tracci\u00f3n cervical repetitiva<\/h2>\n<p>[\/vc_column_text][vc_empty_space height=\u00bb25px\u00bb][vc_row_inner row_type=\u00bbrow\u00bb type=\u00bbfull_width\u00bb text_align=\u00bbleft\u00bb css_animation=\u00bb\u00bb el_class=\u00bbvideo-container\u00bb][vc_column_inner width=\u00bb1\/4&#8243;][vc_single_image image=\u00bb5675&#8243; img_size=\u00bblarge\u00bb add_caption=\u00bbyes\u00bb qode_css_animation=\u00bb\u00bb][\/vc_column_inner][vc_column_inner width=\u00bb1\/3&#8243;][vc_empty_space][vc_column_text woodmart_inline=\u00bbno\u00bb text_larger=\u00bbno\u00bb]<\/p>\n<h2 style=\"text-align: left; font-size: 18px;\">Mejora la disfunci\u00f3n articular, disminuye el dolor\/inflamaci\u00f3n y estimula el proceso de curaci\u00f3n.<\/h2>\n<p>[\/vc_column_text][vc_separator color=\u00bb#bfab9c\u00bb type=\u00bbsmall\u00bb position=\u00bbleft\u00bb thickness=\u00bb5px\u00bb width=\u00bb50px\u00bb][\/vc_column_inner][vc_column_inner width=\u00bb5\/12&#8243;][vc_video link=\u00bbhttps:\/\/youtu.be\/zF8s5bX3ZwA\u00bb align=\u00bbcenter\u00bb][\/vc_column_inner][\/vc_row_inner][\/vc_column][\/vc_row][vc_row row_type=\u00bbrow\u00bb use_row_as_full_screen_section=\u00bbno\u00bb type=\u00bbfull_width\u00bb angled_section=\u00bbno\u00bb text_align=\u00bbleft\u00bb background_image_as_pattern=\u00bbwithout_pattern\u00bb][vc_column][vc_empty_space][\/vc_column][\/vc_row][vc_row row_type=\u00bbrow\u00bb use_row_as_full_screen_section=\u00bbno\u00bb type=\u00bbfull_width\u00bb angled_section=\u00bbno\u00bb text_align=\u00bbleft\u00bb background_image_as_pattern=\u00bbwithout_pattern\u00bb][vc_column][vc_empty_space][\/vc_column][\/vc_row][vc_row row_type=\u00bbrow\u00bb use_row_as_full_screen_section=\u00bbno\u00bb type=\u00bbgrid\u00bb angled_section=\u00bbno\u00bb text_align=\u00bbleft\u00bb background_image_as_pattern=\u00bbwithout_pattern\u00bb z_index=\u00bb\u00bb css=\u00bb.vc_custom_1563937875500{padding-top: 20px !important;padding-bottom: 15px !important;}\u00bb][vc_column][vc_column_text woodmart_inline=\u00bbno\u00bb text_larger=\u00bbno\u00bb]<\/p>\n<h2>Tracci\u00f3n por vibraci\u00f3n<\/h2>\n<p>[\/vc_column_text][vc_empty_space height=\u00bb25px\u00bb][vc_row_inner row_type=\u00bbrow\u00bb type=\u00bbfull_width\u00bb text_align=\u00bbleft\u00bb css_animation=\u00bb\u00bb el_class=\u00bbvideo-container\u00bb][vc_column_inner width=\u00bb1\/4&#8243;][vc_single_image image=\u00bb5677&#8243; img_size=\u00bblarge\u00bb add_caption=\u00bbyes\u00bb qode_css_animation=\u00bb\u00bb][\/vc_column_inner][vc_column_inner width=\u00bb1\/3&#8243;][vc_empty_space][vc_column_text woodmart_inline=\u00bbno\u00bb text_larger=\u00bbno\u00bb]<\/p>\n<h2 style=\"text-align: left; font-size: 18px;\">Alivia el estr\u00e9s, el dolor y la tensi\u00f3n en el cuello y la espalda baja y mejora el da\u00f1o del disco espinal<\/h2>\n<p>[\/vc_column_text][vc_separator color=\u00bb#bfab9c\u00bb type=\u00bbsmall\u00bb position=\u00bbleft\u00bb thickness=\u00bb5px\u00bb width=\u00bb50px\u00bb][\/vc_column_inner][vc_column_inner width=\u00bb5\/12&#8243;][vc_video link=\u00bbhttps:\/\/youtu.be\/iKdvCo7l2Us\u00bb align=\u00bbcenter\u00bb][\/vc_column_inner][\/vc_row_inner][\/vc_column][\/vc_row][vc_row row_type=\u00bbrow\u00bb use_row_as_full_screen_section=\u00bbno\u00bb type=\u00bbgrid\u00bb angled_section=\u00bbno\u00bb text_align=\u00bbleft\u00bb background_image_as_pattern=\u00bbwithout_pattern\u00bb z_index=\u00bb\u00bb css=\u00bb.vc_custom_1563937875500{padding-top: 20px !important;padding-bottom: 15px !important;}\u00bb][vc_column][vc_empty_space height=\u00bb25px\u00bb][vc_column_text woodmart_inline=\u00bbno\u00bb text_larger=\u00bbno\u00bb]<\/p>\n<h2><strong>2.<\/strong><strong>PROCEDIMIENTOS DE ALINEAMIENTO DE ESPINAL<\/strong><\/h2>\n<p>&nbsp;<\/p>\n<p style=\"text-align: left;\">Una vez que las estructuras espinales de soporte est\u00e9n relajadas, flexibles y los discos espinales se rehidraten, el m\u00e9dico dirigir\u00e1 la columna vertebral hacia una alineaci\u00f3n adecuada basada en 41 mediciones y 23 \u00e1ngulos de las radiograf\u00edas a trav\u00e9s de ajustes espinales seguros, suaves y eficaces, denominados Procedimientos de Alineaci\u00f3n Quiropr\u00e1ctica Estructural<\/p>\n<p>\u00a0[\/vc_column_text][vc_empty_space height=\u00bb25px\u00bb][\/vc_column][\/vc_row][vc_row row_type=\u00bbrow\u00bb use_row_as_full_screen_section=\u00bbno\u00bb type=\u00bbgrid\u00bb angled_section=\u00bbno\u00bb text_align=\u00bbleft\u00bb background_image_as_pattern=\u00bbwithout_pattern\u00bb z_index=\u00bb\u00bb css=\u00bb.vc_custom_1563937875500{padding-top: 20px !important;padding-bottom: 15px !important;}\u00bb][vc_column][vc_column_text woodmart_inline=\u00bbno\u00bb text_larger=\u00bbno\u00bb]<\/p>\n<h2>ALINEACI\u00d3N ESPINAL<\/h2>\n<p>[\/vc_column_text][vc_empty_space height=\u00bb25px\u00bb][vc_row_inner row_type=\u00bbrow\u00bb type=\u00bbfull_width\u00bb text_align=\u00bbleft\u00bb css_animation=\u00bb\u00bb el_class=\u00bbvideo-container\u00bb][vc_column_inner width=\u00bb1\/4&#8243;][vc_single_image image=\u00bb5679&#8243; img_size=\u00bblarge\u00bb add_caption=\u00bbyes\u00bb qode_css_animation=\u00bb\u00bb][\/vc_column_inner][vc_column_inner width=\u00bb1\/3&#8243;][vc_empty_space][vc_column_text woodmart_inline=\u00bbno\u00bb text_larger=\u00bbno\u00bb]<\/p>\n<h2 style=\"text-align: left; font-size: 18px;\">Alinea de forma segura la columna vertebral para disminuir el dolor, mejorar la funci\u00f3n y mejorar el rango de movimiento.<\/h2>\n<p>[\/vc_column_text][vc_separator color=\u00bb#bfab9c\u00bb type=\u00bbsmall\u00bb position=\u00bbleft\u00bb thickness=\u00bb5px\u00bb width=\u00bb50px\u00bb][\/vc_column_inner][vc_column_inner width=\u00bb5\/12&#8243;][vc_video link=\u00bbhttps:\/\/www.youtube.com\/watch?v=pMlUtPwQFPo\u00bb align=\u00bbcenter\u00bb][\/vc_column_inner][\/vc_row_inner][\/vc_column][\/vc_row][vc_row row_type=\u00bbrow\u00bb use_row_as_full_screen_section=\u00bbno\u00bb type=\u00bbfull_width\u00bb angled_section=\u00bbno\u00bb text_align=\u00bbleft\u00bb background_image_as_pattern=\u00bbwithout_pattern\u00bb][vc_column][vc_empty_space][\/vc_column][\/vc_row][vc_row row_type=\u00bbrow\u00bb use_row_as_full_screen_section=\u00bbno\u00bb type=\u00bbgrid\u00bb angled_section=\u00bbno\u00bb text_align=\u00bbleft\u00bb background_image_as_pattern=\u00bbwithout_pattern\u00bb z_index=\u00bb\u00bb css=\u00bb.vc_custom_1563937875500{padding-top: 20px !important;padding-bottom: 15px !important;}\u00bb][vc_column][vc_column_text woodmart_inline=\u00bbno\u00bb text_larger=\u00bbno\u00bb]<\/p>\n<h2>Ajuste de extremidades<\/h2>\n<p>[\/vc_column_text][vc_empty_space height=\u00bb25px\u00bb][vc_row_inner row_type=\u00bbrow\u00bb type=\u00bbfull_width\u00bb text_align=\u00bbleft\u00bb css_animation=\u00bb\u00bb el_class=\u00bbvideo-container\u00bb][vc_column_inner width=\u00bb1\/4&#8243;][vc_single_image image=\u00bb5681&#8243; img_size=\u00bblarge\u00bb add_caption=\u00bbyes\u00bb qode_css_animation=\u00bb\u00bb][\/vc_column_inner][vc_column_inner width=\u00bb1\/3&#8243;][vc_empty_space][vc_column_text woodmart_inline=\u00bbno\u00bb text_larger=\u00bbno\u00bb]<\/p>\n<h2 style=\"text-align: left; font-size: 18px;\">Mejora la disfunci\u00f3n articular, disminuye el dolor\/inflamaci\u00f3n y estimula el proceso de curaci\u00f3n.<\/h2>\n<p>[\/vc_column_text][vc_separator color=\u00bb#bfab9c\u00bb type=\u00bbsmall\u00bb position=\u00bbleft\u00bb thickness=\u00bb5px\u00bb width=\u00bb50px\u00bb][\/vc_column_inner][vc_column_inner width=\u00bb5\/12&#8243;][vc_video link=\u00bbhttps:\/\/youtu.be\/AEt4E11P88o\u00bb align=\u00bbcenter\u00bb][\/vc_column_inner][\/vc_row_inner][\/vc_column][\/vc_row][vc_row row_type=\u00bbrow\u00bb use_row_as_full_screen_section=\u00bbno\u00bb type=\u00bbgrid\u00bb angled_section=\u00bbno\u00bb text_align=\u00bbleft\u00bb background_image_as_pattern=\u00bbwithout_pattern\u00bb z_index=\u00bb\u00bb css=\u00bb.vc_custom_1563937875500{padding-top: 20px !important;padding-bottom: 15px !important;}\u00bb][vc_column][vc_empty_space height=\u00bb25px\u00bb][vc_row_inner row_type=\u00bbrow\u00bb type=\u00bbfull_width\u00bb text_align=\u00bbleft\u00bb css_animation=\u00bb\u00bb el_class=\u00bbvideo-container\u00bb][vc_column_inner][vc_column_text woodmart_inline=\u00bbno\u00bb text_larger=\u00bbno\u00bb]<\/p>\n<h2><strong>3.<\/strong><strong>PROCEDIMIENTOS DE FORTALECIMIENTO Y REEDUCACI\u00d3N<\/strong><\/h2>\n<p>&nbsp;<\/p>\n<p>Una vez que ponemos la columna vertebral en una alineaci\u00f3n mejorada, queremos que el cuerpo comience a mantener estas nuevas posiciones mejoradas de forma natural. Este es el que aplicamos los Procedimientos de Fortalecimiento y Reeducaci\u00f3n. Reentrenamiento del cerebro y fortalecimiento de los m\u00fasculos de la postura a lo largo de la columna vertebral para conseguir que el cuerpo mantenga las nuevas posiciones naturalmente. Esto se logra mediante el uso de nuestro sistema especializado de ponderaci\u00f3n corporal combinado con terapia de vibraci\u00f3n especializada. La terapia de vibraci\u00f3n fortalece los m\u00fasculos posturales, disminuye la inflamaci\u00f3n y el dolor, aumenta la circulaci\u00f3n, aumenta la flexibilidad y mejora la masa \u00f3sea.[\/vc_column_text][\/vc_column_inner][\/vc_row_inner][\/vc_column][\/vc_row][vc_row row_type=\u00bbrow\u00bb use_row_as_full_screen_section=\u00bbno\u00bb type=\u00bbgrid\u00bb angled_section=\u00bbno\u00bb text_align=\u00bbleft\u00bb background_image_as_pattern=\u00bbwithout_pattern\u00bb z_index=\u00bb\u00bb css=\u00bb.vc_custom_1563937875500{padding-top: 20px !important;padding-bottom: 15px !important;}\u00bb][vc_column][vc_column_text woodmart_inline=\u00bbno\u00bb text_larger=\u00bbno\u00bb]<\/p>\n<h2><strong>Peso corporal en el vibe<\/strong><\/h2>\n<p>[\/vc_column_text][vc_empty_space height=\u00bb25px\u00bb][vc_row_inner row_type=\u00bbrow\u00bb type=\u00bbfull_width\u00bb text_align=\u00bbleft\u00bb css_animation=\u00bb\u00bb el_class=\u00bbvideo-container\u00bb][vc_column_inner width=\u00bb1\/4&#8243;][vc_single_image image=\u00bb9898&#8243; img_size=\u00bblarge\u00bb add_caption=\u00bbyes\u00bb qode_css_animation=\u00bb\u00bb][\/vc_column_inner][vc_column_inner width=\u00bb1\/3&#8243;][vc_empty_space][vc_column_text woodmart_inline=\u00bbno\u00bb text_larger=\u00bbno\u00bb]<\/p>\n<h2 style=\"text-align: left; font-size: 18px;\">Fortalece y vuelve a entrenar el cerebro y los m\u00fasculos posturales mejorando la columna vertebral y la postura, disminuyendo el dolor y acelerando tus mejoras.<\/h2>\n<p>[\/vc_column_text][vc_separator color=\u00bb#bfab9c\u00bb type=\u00bbsmall\u00bb position=\u00bbleft\u00bb thickness=\u00bb5px\u00bb width=\u00bb50px\u00bb][\/vc_column_inner][vc_column_inner width=\u00bb5\/12&#8243;][vc_video link=\u00bbhttps:\/\/youtu.be\/KvxeWxMLKlg\u00bb align=\u00bbcenter\u00bb][\/vc_column_inner][\/vc_row_inner][\/vc_column][\/vc_row]<\/p>\n<\/section>","protected":false},"excerpt":{"rendered":"<p>[vc_column][\/vc_column][vc_row row_type=\u00bbrow\u00bb use_row_as_full_screen_section=\u00bbno\u00bb type=\u00bbfull_width\u00bb angled_section=\u00bbno\u00bb text_align=\u00bbcenter\u00bb background_image=\u00bb574&#8243; background_image_as_pattern=\u00bbwithout_pattern\u00bb css=\u00bb.vc_custom_1673440377612{background-image: url(https:\/\/sunsetchiropractor.com\/wp-content\/uploads\/2022\/08\/sunset-chiropractor-34.jpg?id=8057) !important;background-position: center !important;background-repeat: no-repeat !important;background-size: contain !important;}\u00bb z_index=\u00bb\u00bb woodmart_css_id=\u00bb63beac74cf20f\u00bb responsive_spacing=\u00bbeyJwYXJhbV90eXBlIjoid29vZG1hcnRfcmVzcG9uc2l2ZV9zcGFjaW5nIiwic2VsZWN0b3JfaWQiOiI2M2JlYWM3NGNmMjBmIiwic2hvcnRjb2RlIjoidmNfcm93IiwiZGF0YSI6eyJ0YWJsZXQiOnt9LCJtb2JpbGUiOnt9fX0=\u00bb<\/p>\n","protected":false},"author":3,"featured_media":0,"parent":0,"menu_order":0,"comment_status":"closed","ping_status":"closed","template":"","meta":{"footnotes":""},"class_list":["post-11101","page","type-page","status-publish","hentry"],"_links":{"self":[{"href":"https:\/\/sunsetchiropractor.com\/es\/wp-json\/wp\/v2\/pages\/11101","targetHints":{"allow":["GET"]}}],"collection":[{"href":"https:\/\/sunsetchiropractor.com\/es\/wp-json\/wp\/v2\/pages"}],"about":[{"href":"https:\/\/sunsetchiropractor.com\/es\/wp-json\/wp\/v2\/types\/page"}],"author":[{"embeddable":true,"href":"https:\/\/sunsetchiropractor.com\/es\/wp-json\/wp\/v2\/users\/3"}],"replies":[{"embeddable":true,"href":"https:\/\/sunsetchiropractor.com\/es\/wp-json\/wp\/v2\/comments?post=11101"}],"version-history":[{"count":5,"href":"https:\/\/sunsetchiropractor.com\/es\/wp-json\/wp\/v2\/pages\/11101\/revisions"}],"predecessor-version":[{"id":11106,"href":"https:\/\/sunsetchiropractor.com\/es\/wp-json\/wp\/v2\/pages\/11101\/revisions\/11106"}],"wp:attachment":[{"href":"https:\/\/sunsetchiropractor.com\/es\/wp-json\/wp\/v2\/media?parent=11101"}],"curies":[{"name":"wp","href":"https:\/\/api.w.org\/{rel}","templated":true}]}}