{"id":1104,"date":"2020-02-04T23:24:47","date_gmt":"2020-02-05T04:24:47","guid":{"rendered":"https:\/\/sunsetchiropractor.com\/condiciones\/dolor-de-cuello\/"},"modified":"2023-03-24T14:48:07","modified_gmt":"2023-03-24T18:48:07","slug":"dolor-de-cuello","status":"publish","type":"page","link":"https:\/\/sunsetchiropractor.com\/es\/condiciones\/dolor-de-cuello\/","title":{"rendered":"Dolor de cuello"},"content":{"rendered":"<section class=\"wpb-content-wrapper\"><p>[vc_row row_type=\u00bbrow\u00bb use_row_as_full_screen_section=\u00bbno\u00bb type=\u00bbfull_width\u00bb angled_section=\u00bbno\u00bb text_align=\u00bbcenter\u00bb background_image=\u00bb574&#8243; background_image_as_pattern=\u00bbwithout_pattern\u00bb css=\u00bb.vc_custom_1673440377612{background-image: url(https:\/\/sunsetchiropractor.com\/wp-content\/uploads\/2022\/08\/sunset-chiropractor-34.jpg?id=8057) !important;background-position: center !important;background-repeat: no-repeat !important;background-size: contain !important;}\u00bb z_index=\u00bb\u00bb woodmart_css_id=\u00bb63beac74cf20f\u00bb responsive_spacing=\u00bbeyJwYXJhbV90eXBlIjoid29vZG1hcnRfcmVzcG9uc2l2ZV9zcGFjaW5nIiwic2VsZWN0b3JfaWQiOiI2M2JlYWM3NGNmMjBmIiwic2hvcnRjb2RlIjoidmNfcm93IiwiZGF0YSI6eyJ0YWJsZXQiOnt9LCJtb2JpbGUiOnt9fX0=\u00bb mobile_bg_img_hidden=\u00bbno\u00bb tablet_bg_img_hidden=\u00bbno\u00bb woodmart_parallax=\u00bb0&#8243; woodmart_gradient_switch=\u00bbno\u00bb woodmart_box_shadow=\u00bbno\u00bb wd_z_index=\u00bbno\u00bb woodmart_disable_overflow=\u00bb0&#8243; row_reverse_mobile=\u00bb0&#8243; row_reverse_tablet=\u00bb0&#8243; el_class=\u00bbocultar-sunset-mobile\u00bb][vc_column][vc_empty_space height=\u00bb10px\u00bb][vc_empty_space height=\u00bb10px\u00bb][vc_empty_space height=\u00bb10px\u00bb][vc_row_inner row_type=\u00bbrow\u00bb type=\u00bbgrid\u00bb text_align=\u00bbleft\u00bb css_animation=\u00bb\u00bb][vc_column_inner width=\u00bb1\/4&#8243;][\/vc_column_inner][vc_column_inner width=\u00bb1\/4&#8243;]\n\t\t<div id=\"wd-641d9e06b06e4\" class=\"title-wrapper wd-wpb wd-set-mb reset-last-child  wd-rs-641d9e06b06e4 wd-title-color-white wd-title-style-default text-center  wd-underline-colored\">\n\t\t\t\n\t\t\t<div class=\"liner-continer\">\n\t\t\t\t<h1 class=\"woodmart-title-container title  wd-font-weight-500 wd-fontsize-l\" >Cuidado Intensivo de la Columna<\/h1>\n\t\t\t\t\t\t\t<\/div>\n\t\t\t\n\t\t\t\n\t\t\t\n\t\t<\/div>\n\t\t\n\t\t[\/vc_column_inner][vc_column_inner width=\u00bb1\/4&#8243;][vc_empty_space height=\u00bb10px\u00bb][vc_empty_space height=\u00bb10px\u00bb][vc_empty_space height=\u00bb10px\u00bb][vc_single_image image=\u00bb11080&#8243; img_size=\u00bbfull\u00bb onclick=\u00bbcustom_link\u00bb qode_css_animation=\u00bb\u00bb link=\u00bbhttps:\/\/sunsetchiropractor.com\/es\/cuidado-intensivo-de-la-columna-vertebral\/\u00bb parallax_scroll=\u00bbno\u00bb woodmart_inline=\u00bbno\u00bb][\/vc_column_inner][vc_column_inner width=\u00bb1\/4&#8243;][\/vc_column_inner][\/vc_row_inner][vc_empty_space height=\u00bb10px\u00bb][vc_empty_space height=\u00bb10px\u00bb][vc_empty_space height=\u00bb10px\u00bb][\/vc_column][\/vc_row][vc_row css=\u00bb.vc_custom_1673440324433{background-image: url(https:\/\/sunsetchiropractor.com\/wp-content\/uploads\/2022\/08\/sunset-chiropractor-333.jpg?id=8082) !important;background-position: center !important;background-repeat: no-repeat !important;background-size: cover !important;}\u00bb woodmart_css_id=\u00bb63beac36d800c\u00bb responsive_spacing=\u00bbeyJwYXJhbV90eXBlIjoid29vZG1hcnRfcmVzcG9uc2l2ZV9zcGFjaW5nIiwic2VsZWN0b3JfaWQiOiI2M2JlYWMzNmQ4MDBjIiwic2hvcnRjb2RlIjoidmNfcm93IiwiZGF0YSI6eyJ0YWJsZXQiOnt9LCJtb2JpbGUiOnt9fX0=\u00bb mobile_bg_img_hidden=\u00bbno\u00bb tablet_bg_img_hidden=\u00bbno\u00bb woodmart_parallax=\u00bb0&#8243; woodmart_gradient_switch=\u00bbno\u00bb woodmart_box_shadow=\u00bbno\u00bb wd_z_index=\u00bbno\u00bb woodmart_disable_overflow=\u00bb0&#8243; row_reverse_mobile=\u00bb0&#8243; row_reverse_tablet=\u00bb0&#8243; el_class=\u00bbocultar-destok\u00bb][vc_column]\n\t\t<div id=\"wd-641d9e06b06e4\" class=\"title-wrapper wd-wpb wd-set-mb reset-last-child  wd-rs-641d9e06b06e4 wd-title-color-white wd-title-style-default text-center  wd-underline-colored\">\n\t\t\t\n\t\t\t<div class=\"liner-continer\">\n\t\t\t\t<h1 class=\"woodmart-title-container title  wd-font-weight-500 wd-fontsize-l\" >Cuidado Intensivo de la Columna<\/h1>\n\t\t\t\t\t\t\t<\/div>\n\t\t\t\n\t\t\t\n\t\t\t\n\t\t<\/div>\n\t\t\n\t\t[vc_single_image image=\u00bb8052&#8243; img_size=\u00bbfull\u00bb onclick=\u00bbcustom_link\u00bb qode_css_animation=\u00bb\u00bb link=\u00bbhttps:\/\/sunsetchiropractor.com\/es\/cuidado-intensivo-de-la-columna-vertebral\/\u00bb][\/vc_column][\/vc_row][vc_row row_type=\u00bbrow\u00bb use_row_as_full_screen_section=\u00bbno\u00bb type=\u00bbgrid\u00bb angled_section=\u00bbno\u00bb text_align=\u00bbleft\u00bb background_image_as_pattern=\u00bbwithout_pattern\u00bb z_index=\u00bb\u00bb][vc_column][vc_empty_space height=\u00bb40px\u00bb][vc_column_text]<\/p>\n<h2><strong>S\u00edntomas comunes de dolor de cuello<\/strong><\/h2>\n<p>&nbsp;<\/p>\n<div id=\"attachment_3222\" style=\"width: 235px\" class=\"wp-caption alignright\"><a href=\"https:\/\/sunsetchiropractor.com\/wp-content\/uploads\/2021\/02\/dolor-de-cuello-1.jpg\"><img loading=\"lazy\" decoding=\"async\" aria-describedby=\"caption-attachment-3222\" class=\"size-full wp-image-3222\" src=\"https:\/\/sunsetchiropractor.com\/wp-content\/uploads\/2021\/02\/dolor-de-cuello-1.jpg\" alt=\"Dolor de Cuello \u2013 S\u00edntomas\" width=\"225\" height=\"300\" srcset=\"https:\/\/sunsetchiropractor.com\/wp-content\/uploads\/2021\/02\/dolor-de-cuello-1.jpg 225w, https:\/\/sunsetchiropractor.com\/wp-content\/uploads\/2021\/02\/dolor-de-cuello-1-150x200.jpg 150w\" sizes=\"auto, (max-width: 225px) 100vw, 225px\" \/><\/a><p id=\"caption-attachment-3222\" class=\"wp-caption-text\">Dolor de Cuello \u2013 S\u00edntomas<\/p><\/div>\n<p>Los s\u00edntomas comunes asociados con el dolor de cuello generalmente implican uno o m\u00e1s de los siguientes:<\/p>\n<p><strong>Cuello r\u00edgido<\/strong>. Dolor y dificultad para mover el cuello, especialmente cuando se trata de girar la cabeza de lado a lado.<\/p>\n<p><strong>Dolor agudo.<\/strong> Este s\u00edntoma puede ser dolor localizado en un lugar y puede parecer que se est\u00e1 apu\u00f1alando o picar.<\/p>\n<p><strong>Dolor radiante<\/strong>. El dolor puede irradiarse a lo largo de un nervio desde el cuello hacia los hombros y los brazos. La intensidad puede variar y este dolor nervioso puede sentirse como si estuviera ardiendo, dolorido y agudo.<\/p>\n<p><strong>Hormigueo, entumecimiento o debilidad.<\/strong> Estas sensaciones pueden ir m\u00e1s all\u00e1 del cuello e irradiar en el hombro, brazo o dedo. Podr\u00eda haber una sensaci\u00f3n de \u00abpins-and-needles\u00bb.<\/p>\n<p><strong>Problemas con el agarre o elevaci\u00f3n de objetos<\/strong>. Esto puede suceder si el hormigueo, el entumecimiento o la debilidad en los dedos est\u00e1n presentes.<\/p>\n<p><strong>Dolores de cabeza<\/strong>. A veces, una irritaci\u00f3n en el cuello tambi\u00e9n puede afectar los m\u00fasculos y nervios conectados a la cabeza. Esto podr\u00eda ser un dolor de cabeza tensional, como por los m\u00fasculos del cuello tensando; u neuralgia occipital, donde un nervio occipital pellizcado en el cuello hace que el dolor se excluya hacia los lados de la cabeza y el cuero cabelludo.<\/p>\n<p>&nbsp;<\/p>\n<h2><strong>Causas comunes del dolor de cuello<\/strong><\/h2>\n<p>&nbsp;<\/p>\n<ul>\n<li>Protuberancia y hernias de disco<\/li>\n<li>P\u00e9rdida de la curva normal del cuello o lordosis<\/li>\n<li>S\u00edndrome de la Cabeza Delantera<\/li>\n<li>Irritaci\u00f3n\/Inflamaci\u00f3n de los nervios<\/li>\n<li>Whiplash \/ Accidente de coche<\/li>\n<li>Lesiones deportivas<\/li>\n<li>Trabajo Per\u00edodos largos en computadora o tel\u00e9fono<\/li>\n<li>Mala postura y alineaci\u00f3n espinal<\/li>\n<\/ul>\n<p>&nbsp;<\/p>\n<p>El dolor de cuello a menudo se relaciona con la p\u00e9rdida de la curva normal del cuello. Esto irrita<br \/>\nlos nervios de la zona cervical y localiza el dolor en consecuencia. Por lo general, el<br \/>\ncausa son los nervios pellizcados en la zona cervical o procesos inflamatorios alrededor<br \/>\nEllos. En este caso, para lograr un efecto a largo plazo, es necesario<br \/>\ntejidos blandos y para tratar todas las disfunciones de la columna vertebral.[\/vc_column_text][\/vc_column][\/vc_row]<\/p>\n<\/section>","protected":false},"excerpt":{"rendered":"<p>[vc_row row_type=\u00bbrow\u00bb use_row_as_full_screen_section=\u00bbno\u00bb type=\u00bbfull_width\u00bb angled_section=\u00bbno\u00bb text_align=\u00bbcenter\u00bb background_image=\u00bb574&#8243; background_image_as_pattern=\u00bbwithout_pattern\u00bb css=\u00bb.vc_custom_1673440377612{background-image: url(https:\/\/sunsetchiropractor.com\/wp-content\/uploads\/2022\/08\/sunset-chiropractor-34.jpg?id=8057) !important;background-position: center !important;background-repeat: no-repeat !important;background-size: contain !important;}\u00bb z_index=\u00bb\u00bb woodmart_css_id=\u00bb63beac74cf20f\u00bb responsive_spacing=\u00bbeyJwYXJhbV90eXBlIjoid29vZG1hcnRfcmVzcG9uc2l2ZV9zcGFjaW5nIiwic2VsZWN0b3JfaWQiOiI2M2JlYWM3NGNmMjBmIiwic2hvcnRjb2RlIjoidmNfcm93IiwiZGF0YSI6eyJ0YWJsZXQiOnt9LCJtb2JpbGUiOnt9fX0=\u00bb<\/p>\n","protected":false},"author":1,"featured_media":0,"parent":903,"menu_order":0,"comment_status":"closed","ping_status":"closed","template":"","meta":{"footnotes":""},"class_list":["post-1104","page","type-page","status-publish","hentry"],"_links":{"self":[{"href":"https:\/\/sunsetchiropractor.com\/es\/wp-json\/wp\/v2\/pages\/1104","targetHints":{"allow":["GET"]}}],"collection":[{"href":"https:\/\/sunsetchiropractor.com\/es\/wp-json\/wp\/v2\/pages"}],"about":[{"href":"https:\/\/sunsetchiropractor.com\/es\/wp-json\/wp\/v2\/types\/page"}],"author":[{"embeddable":true,"href":"https:\/\/sunsetchiropractor.com\/es\/wp-json\/wp\/v2\/users\/1"}],"replies":[{"embeddable":true,"href":"https:\/\/sunsetchiropractor.com\/es\/wp-json\/wp\/v2\/comments?post=1104"}],"version-history":[{"count":3,"href":"https:\/\/sunsetchiropractor.com\/es\/wp-json\/wp\/v2\/pages\/1104\/revisions"}],"predecessor-version":[{"id":11146,"href":"https:\/\/sunsetchiropractor.com\/es\/wp-json\/wp\/v2\/pages\/1104\/revisions\/11146"}],"up":[{"embeddable":true,"href":"https:\/\/sunsetchiropractor.com\/es\/wp-json\/wp\/v2\/pages\/903"}],"wp:attachment":[{"href":"https:\/\/sunsetchiropractor.com\/es\/wp-json\/wp\/v2\/media?parent=1104"}],"curies":[{"name":"wp","href":"https:\/\/api.w.org\/{rel}","templated":true}]}}