{"id":1090,"date":"2020-02-04T23:24:25","date_gmt":"2020-02-05T04:24:25","guid":{"rendered":"https:\/\/sunsetchiropractor.com\/condiciones\/jaquecas\/"},"modified":"2023-03-25T11:06:46","modified_gmt":"2023-03-25T15:06:46","slug":"dolores-de-cabeza","status":"publish","type":"page","link":"https:\/\/sunsetchiropractor.com\/es\/condiciones\/dolores-de-cabeza\/","title":{"rendered":"Jaquecas"},"content":{"rendered":"<section class=\"wpb-content-wrapper\"><p>[vc_row row_type=\u00bbrow\u00bb use_row_as_full_screen_section=\u00bbno\u00bb type=\u00bbfull_width\u00bb angled_section=\u00bbno\u00bb text_align=\u00bbcenter\u00bb background_image=\u00bb574&#8243; background_image_as_pattern=\u00bbwithout_pattern\u00bb css=\u00bb.vc_custom_1673440377612{background-image: url(https:\/\/sunsetchiropractor.com\/wp-content\/uploads\/2022\/08\/sunset-chiropractor-34.jpg?id=8057) !important;background-position: center !important;background-repeat: no-repeat !important;background-size: contain !important;}\u00bb z_index=\u00bb\u00bb woodmart_css_id=\u00bb63beac74cf20f\u00bb responsive_spacing=\u00bbeyJwYXJhbV90eXBlIjoid29vZG1hcnRfcmVzcG9uc2l2ZV9zcGFjaW5nIiwic2VsZWN0b3JfaWQiOiI2M2JlYWM3NGNmMjBmIiwic2hvcnRjb2RlIjoidmNfcm93IiwiZGF0YSI6eyJ0YWJsZXQiOnt9LCJtb2JpbGUiOnt9fX0=\u00bb mobile_bg_img_hidden=\u00bbno\u00bb tablet_bg_img_hidden=\u00bbno\u00bb woodmart_parallax=\u00bb0&#8243; woodmart_gradient_switch=\u00bbno\u00bb woodmart_box_shadow=\u00bbno\u00bb wd_z_index=\u00bbno\u00bb woodmart_disable_overflow=\u00bb0&#8243; row_reverse_mobile=\u00bb0&#8243; row_reverse_tablet=\u00bb0&#8243; el_class=\u00bbocultar-sunset-mobile\u00bb][vc_column][vc_empty_space height=\u00bb10px\u00bb][vc_empty_space height=\u00bb10px\u00bb][vc_empty_space height=\u00bb10px\u00bb][vc_row_inner row_type=\u00bbrow\u00bb type=\u00bbgrid\u00bb text_align=\u00bbleft\u00bb css_animation=\u00bb\u00bb][vc_column_inner width=\u00bb1\/4&#8243;][\/vc_column_inner][vc_column_inner width=\u00bb1\/4&#8243;]\n\t\t<div id=\"wd-641d9e06b06e4\" class=\"title-wrapper wd-wpb wd-set-mb reset-last-child  wd-rs-641d9e06b06e4 wd-title-color-white wd-title-style-default text-center  wd-underline-colored\">\n\t\t\t\n\t\t\t<div class=\"liner-continer\">\n\t\t\t\t<h1 class=\"woodmart-title-container title  wd-font-weight-500 wd-fontsize-l\" >Cuidado Intensivo de la Columna<\/h1>\n\t\t\t\t\t\t\t<\/div>\n\t\t\t\n\t\t\t\n\t\t\t\n\t\t<\/div>\n\t\t\n\t\t[\/vc_column_inner][vc_column_inner width=\u00bb1\/4&#8243;][vc_empty_space height=\u00bb10px\u00bb][vc_empty_space height=\u00bb10px\u00bb][vc_empty_space height=\u00bb10px\u00bb][vc_single_image image=\u00bb11080&#8243; img_size=\u00bbfull\u00bb onclick=\u00bbcustom_link\u00bb qode_css_animation=\u00bb\u00bb link=\u00bbhttps:\/\/sunsetchiropractor.com\/es\/cuidado-intensivo-de-la-columna-vertebral\/\u00bb parallax_scroll=\u00bbno\u00bb woodmart_inline=\u00bbno\u00bb][\/vc_column_inner][vc_column_inner width=\u00bb1\/4&#8243;][\/vc_column_inner][\/vc_row_inner][vc_empty_space height=\u00bb10px\u00bb][vc_empty_space height=\u00bb10px\u00bb][vc_empty_space height=\u00bb10px\u00bb][\/vc_column][\/vc_row][vc_row css=\u00bb.vc_custom_1673440324433{background-image: url(https:\/\/sunsetchiropractor.com\/wp-content\/uploads\/2022\/08\/sunset-chiropractor-333.jpg?id=8082) !important;background-position: center !important;background-repeat: no-repeat !important;background-size: cover !important;}\u00bb woodmart_css_id=\u00bb63beac36d800c\u00bb responsive_spacing=\u00bbeyJwYXJhbV90eXBlIjoid29vZG1hcnRfcmVzcG9uc2l2ZV9zcGFjaW5nIiwic2VsZWN0b3JfaWQiOiI2M2JlYWMzNmQ4MDBjIiwic2hvcnRjb2RlIjoidmNfcm93IiwiZGF0YSI6eyJ0YWJsZXQiOnt9LCJtb2JpbGUiOnt9fX0=\u00bb mobile_bg_img_hidden=\u00bbno\u00bb tablet_bg_img_hidden=\u00bbno\u00bb woodmart_parallax=\u00bb0&#8243; woodmart_gradient_switch=\u00bbno\u00bb woodmart_box_shadow=\u00bbno\u00bb wd_z_index=\u00bbno\u00bb woodmart_disable_overflow=\u00bb0&#8243; row_reverse_mobile=\u00bb0&#8243; row_reverse_tablet=\u00bb0&#8243; el_class=\u00bbocultar-destok\u00bb][vc_column]\n\t\t<div id=\"wd-641d9e06b06e4\" class=\"title-wrapper wd-wpb wd-set-mb reset-last-child  wd-rs-641d9e06b06e4 wd-title-color-white wd-title-style-default text-center  wd-underline-colored\">\n\t\t\t\n\t\t\t<div class=\"liner-continer\">\n\t\t\t\t<h1 class=\"woodmart-title-container title  wd-font-weight-500 wd-fontsize-l\" >Cuidado Intensivo de la Columna<\/h1>\n\t\t\t\t\t\t\t<\/div>\n\t\t\t\n\t\t\t\n\t\t\t\n\t\t<\/div>\n\t\t\n\t\t[vc_single_image image=\u00bb8052&#8243; img_size=\u00bbfull\u00bb onclick=\u00bbcustom_link\u00bb qode_css_animation=\u00bb\u00bb link=\u00bbhttps:\/\/sunsetchiropractor.com\/es\/cuidado-intensivo-de-la-columna-vertebral\/\u00bb][\/vc_column][\/vc_row][vc_row row_type=\u00bbrow\u00bb use_row_as_full_screen_section=\u00bbno\u00bb type=\u00bbgrid\u00bb angled_section=\u00bbno\u00bb text_align=\u00bbleft\u00bb background_image_as_pattern=\u00bbwithout_pattern\u00bb css=\u00bb.vc_custom_1659719315789{padding-bottom: 30px !important;}\u00bb z_index=\u00bb\u00bb][vc_column][vc_column_text]<\/p>\n<h2><strong>Tipos de dolores de cabeza<\/strong><\/h2>\n<p>[\/vc_column_text][\/vc_column][\/vc_row][vc_row row_type=\u00bbrow\u00bb use_row_as_full_screen_section=\u00bbno\u00bb type=\u00bbgrid\u00bb angled_section=\u00bbno\u00bb text_align=\u00bbleft\u00bb background_image_as_pattern=\u00bbwithout_pattern\u00bb z_index=\u00bb\u00bb][vc_column width=\u00bb1\/4&#8243;][vc_single_image image=\u00bb3230&#8243; img_size=\u00bbmedium\u00bb add_caption=\u00bbyes\u00bb qode_css_animation=\u00bb\u00bb][\/vc_column][vc_column width=\u00bb3\/4&#8243;][vc_column_text]<\/p>\n<h3><strong>Dolores de cabeza tensionales<\/strong><\/h3>\n<p>Son dolor sordo, opresi\u00f3n o presi\u00f3n alrededor de la frente o la parte posterior de la cabeza y el cuello. Algunas personas dicen que se siente como una abrazadera apretando el cr\u00e1neo. A menudo llamados dolores de cabeza por estr\u00e9s, son el tipo m\u00e1s com\u00fan para los adultos.[\/vc_column_text][\/vc_column][\/vc_row][vc_row row_type=\u00bbrow\u00bb use_row_as_full_screen_section=\u00bbno\u00bb type=\u00bbgrid\u00bb angled_section=\u00bbno\u00bb text_align=\u00bbleft\u00bb background_image_as_pattern=\u00bbwithout_pattern\u00bb css=\u00bb.vc_custom_1659719128779{padding-top: 20px !important;}\u00bb z_index=\u00bb\u00bb][vc_column width=\u00bb1\/4&#8243;][vc_single_image image=\u00bb3234&#8243; img_size=\u00bbmedium\u00bb add_caption=\u00bbyes\u00bb qode_css_animation=\u00bb\u00bb][\/vc_column][vc_column width=\u00bb3\/4&#8243;][vc_column_text]<\/p>\n<h3><strong>Migra\u00f1a<\/strong><\/h3>\n<p>Esta afecci\u00f3n se acompa\u00f1a de intensos dolores de cabeza. Estos dolores de cabeza a menudo se describen como golpes, dolor palpitante. Pueden durar de 4 horas a 3 d\u00edas y por lo general ocurren de una a cuatro veces al mes. Junto con el dolor, las personas tienen otros s\u00edntomas, como sensibilidad a la luz, el ruido u olores; n\u00e1useas o v\u00f3mitos; p\u00e9rdida de apetito; y malestar estomacal o dolor de vientre.[\/vc_column_text][\/vc_column][\/vc_row][vc_row row_type=\u00bbrow\u00bb use_row_as_full_screen_section=\u00bbno\u00bb type=\u00bbgrid\u00bb angled_section=\u00bbno\u00bb text_align=\u00bbleft\u00bb background_image_as_pattern=\u00bbwithout_pattern\u00bb css=\u00bb.vc_custom_1659719137848{padding-top: 20px !important;}\u00bb z_index=\u00bb\u00bb][vc_column width=\u00bb1\/4&#8243;][vc_single_image image=\u00bb3228&#8243; img_size=\u00bbmedium\u00bb add_caption=\u00bbyes\u00bb qode_css_animation=\u00bb\u00bb][\/vc_column][vc_column width=\u00bb3\/4&#8243;][vc_column_text]<\/p>\n<h3><strong>Dolores de cabeza en racimos<\/strong><\/h3>\n<p>Este tipo es intenso y se siente como un dolor ardiente o penetrante detr\u00e1s o alrededor de un ojo, ya sea palpitante o constante. En el lado del dolor, el p\u00e1rpado se cae, el ojo enrodr\u00f3, la pupila se hace m\u00e1s peque\u00f1a o las l\u00e1grimas en los ojos. La fosa nasal de ese lado corre o cosas. Se llaman \u00abdolores de cabeza de racimo\u00bb porque tienden a ocurrir en grupos. Los dolores de cabeza en racimos afectan a los hombres 3-4 veces m\u00e1s a menudo que las mujeres.[\/vc_column_text][\/vc_column][\/vc_row][vc_row row_type=\u00bbrow\u00bb use_row_as_full_screen_section=\u00bbno\u00bb type=\u00bbgrid\u00bb angled_section=\u00bbno\u00bb text_align=\u00bbleft\u00bb background_image_as_pattern=\u00bbwithout_pattern\u00bb css=\u00bb.vc_custom_1659719156089{padding-top: 20px !important;}\u00bb z_index=\u00bb\u00bb][vc_column width=\u00bb1\/4&#8243;][vc_single_image image=\u00bb3232&#8243; img_size=\u00bbmedium\u00bb add_caption=\u00bbyes\u00bb qode_css_animation=\u00bb\u00bb][\/vc_column][vc_column width=\u00bb3\/4&#8243;][vc_column_text]<\/p>\n<h3><strong>Dolores de cabeza sinuoses<\/strong><\/h3>\n<p>Con estos, sientes un dolor profundo y constante en los p\u00f3mulos, la frente o el puente de la nariz. Ocurren cuando las caries en la cabeza, llamadas senos paranasales, se inflaman. El dolor generalmente viene junto con otros s\u00edntomas de los senos paranasales, como un seno nasal, sensaci\u00f3n de sa\u00facedad en los o\u00eddos, fiebre e hinchaz\u00f3n en la cara. Un verdadero dolor de cabeza sinusal es de una infecci\u00f3n sinusal por lo que la secreci\u00f3n nasal es amarilla o verde, a diferencia de la secreci\u00f3n clara en racimo o migra\u00f1a.[\/vc_column_text][\/vc_column][\/vc_row][vc_row row_type=\u00bbrow\u00bb use_row_as_full_screen_section=\u00bbno\u00bb type=\u00bbgrid\u00bb angled_section=\u00bbno\u00bb text_align=\u00bbleft\u00bb background_image_as_pattern=\u00bbwithout_pattern\u00bb css=\u00bb.vc_custom_1659719174461{padding-top: 20px !important;}\u00bb z_index=\u00bb\u00bb][vc_column width=\u00bb1\/4&#8243;][vc_single_image image=\u00bb3236&#8243; img_size=\u00bbmedium\u00bb add_caption=\u00bbyes\u00bb qode_css_animation=\u00bb\u00bb][\/vc_column][vc_column width=\u00bb3\/4&#8243;][vc_column_text]<\/p>\n<h3><strong>Dolores de cabeza hormonales<\/strong><\/h3>\n<p>Las mujeres pueden tener dolores de cabeza por cambiar los niveles hormonales durante sus per\u00edodos menstruales, embarazo y menopausia. Los cambios hormonales de las p\u00edldoras anticonceptivas tambi\u00e9n desencadenan dolores de cabeza en algunas mujeres.[\/vc_column_text][\/vc_column][\/vc_row]<\/p>\n<\/section>","protected":false},"excerpt":{"rendered":"<p>[vc_row row_type=\u00bbrow\u00bb use_row_as_full_screen_section=\u00bbno\u00bb type=\u00bbfull_width\u00bb angled_section=\u00bbno\u00bb text_align=\u00bbcenter\u00bb background_image=\u00bb574&#8243; background_image_as_pattern=\u00bbwithout_pattern\u00bb css=\u00bb.vc_custom_1673440377612{background-image: url(https:\/\/sunsetchiropractor.com\/wp-content\/uploads\/2022\/08\/sunset-chiropractor-34.jpg?id=8057) !important;background-position: center !important;background-repeat: no-repeat !important;background-size: contain !important;}\u00bb z_index=\u00bb\u00bb woodmart_css_id=\u00bb63beac74cf20f\u00bb responsive_spacing=\u00bbeyJwYXJhbV90eXBlIjoid29vZG1hcnRfcmVzcG9uc2l2ZV9zcGFjaW5nIiwic2VsZWN0b3JfaWQiOiI2M2JlYWM3NGNmMjBmIiwic2hvcnRjb2RlIjoidmNfcm93IiwiZGF0YSI6eyJ0YWJsZXQiOnt9LCJtb2JpbGUiOnt9fX0=\u00bb<\/p>\n","protected":false},"author":1,"featured_media":0,"parent":903,"menu_order":0,"comment_status":"closed","ping_status":"closed","template":"","meta":{"footnotes":""},"class_list":["post-1090","page","type-page","status-publish","hentry"],"_links":{"self":[{"href":"https:\/\/sunsetchiropractor.com\/es\/wp-json\/wp\/v2\/pages\/1090","targetHints":{"allow":["GET"]}}],"collection":[{"href":"https:\/\/sunsetchiropractor.com\/es\/wp-json\/wp\/v2\/pages"}],"about":[{"href":"https:\/\/sunsetchiropractor.com\/es\/wp-json\/wp\/v2\/types\/page"}],"author":[{"embeddable":true,"href":"https:\/\/sunsetchiropractor.com\/es\/wp-json\/wp\/v2\/users\/1"}],"replies":[{"embeddable":true,"href":"https:\/\/sunsetchiropractor.com\/es\/wp-json\/wp\/v2\/comments?post=1090"}],"version-history":[{"count":4,"href":"https:\/\/sunsetchiropractor.com\/es\/wp-json\/wp\/v2\/pages\/1090\/revisions"}],"predecessor-version":[{"id":11175,"href":"https:\/\/sunsetchiropractor.com\/es\/wp-json\/wp\/v2\/pages\/1090\/revisions\/11175"}],"up":[{"embeddable":true,"href":"https:\/\/sunsetchiropractor.com\/es\/wp-json\/wp\/v2\/pages\/903"}],"wp:attachment":[{"href":"https:\/\/sunsetchiropractor.com\/es\/wp-json\/wp\/v2\/media?parent=1090"}],"curies":[{"name":"wp","href":"https:\/\/api.w.org\/{rel}","templated":true}]}}