{"id":1082,"date":"2020-02-04T23:23:55","date_gmt":"2020-02-05T04:23:55","guid":{"rendered":"https:\/\/sunsetchiropractor.com\/condiciones\/protuberancias-y-hernias-de-disco\/"},"modified":"2023-03-25T10:27:00","modified_gmt":"2023-03-25T14:27:00","slug":"protuberancias-y-hernias-de-disco","status":"publish","type":"page","link":"https:\/\/sunsetchiropractor.com\/es\/condiciones\/protuberancias-y-hernias-de-disco\/","title":{"rendered":"Protuberancias y hernias de disco"},"content":{"rendered":"<section class=\"wpb-content-wrapper\"><p>[vc_row row_type=\u00bbrow\u00bb use_row_as_full_screen_section=\u00bbno\u00bb type=\u00bbfull_width\u00bb angled_section=\u00bbno\u00bb text_align=\u00bbcenter\u00bb background_image=\u00bb574&#8243; background_image_as_pattern=\u00bbwithout_pattern\u00bb css=\u00bb.vc_custom_1673440377612{background-image: url(https:\/\/sunsetchiropractor.com\/wp-content\/uploads\/2022\/08\/sunset-chiropractor-34.jpg?id=8057) !important;background-position: center !important;background-repeat: no-repeat !important;background-size: contain !important;}\u00bb z_index=\u00bb\u00bb woodmart_css_id=\u00bb63beac74cf20f\u00bb responsive_spacing=\u00bbeyJwYXJhbV90eXBlIjoid29vZG1hcnRfcmVzcG9uc2l2ZV9zcGFjaW5nIiwic2VsZWN0b3JfaWQiOiI2M2JlYWM3NGNmMjBmIiwic2hvcnRjb2RlIjoidmNfcm93IiwiZGF0YSI6eyJ0YWJsZXQiOnt9LCJtb2JpbGUiOnt9fX0=\u00bb mobile_bg_img_hidden=\u00bbno\u00bb tablet_bg_img_hidden=\u00bbno\u00bb woodmart_parallax=\u00bb0&#8243; woodmart_gradient_switch=\u00bbno\u00bb woodmart_box_shadow=\u00bbno\u00bb wd_z_index=\u00bbno\u00bb woodmart_disable_overflow=\u00bb0&#8243; row_reverse_mobile=\u00bb0&#8243; row_reverse_tablet=\u00bb0&#8243; el_class=\u00bbocultar-sunset-mobile\u00bb][vc_column][vc_empty_space height=\u00bb10px\u00bb][vc_empty_space height=\u00bb10px\u00bb][vc_empty_space height=\u00bb10px\u00bb][vc_row_inner row_type=\u00bbrow\u00bb type=\u00bbgrid\u00bb text_align=\u00bbleft\u00bb css_animation=\u00bb\u00bb][vc_column_inner width=\u00bb1\/4&#8243;][\/vc_column_inner][vc_column_inner width=\u00bb1\/4&#8243;]\n\t\t<div id=\"wd-641d9e06b06e4\" class=\"title-wrapper wd-wpb wd-set-mb reset-last-child  wd-rs-641d9e06b06e4 wd-title-color-white wd-title-style-default text-center  wd-underline-colored\">\n\t\t\t\n\t\t\t<div class=\"liner-continer\">\n\t\t\t\t<h1 class=\"woodmart-title-container title  wd-font-weight-500 wd-fontsize-l\" >Cuidado Intensivo de la Columna<\/h1>\n\t\t\t\t\t\t\t<\/div>\n\t\t\t\n\t\t\t\n\t\t\t\n\t\t<\/div>\n\t\t\n\t\t[\/vc_column_inner][vc_column_inner width=\u00bb1\/4&#8243;][vc_empty_space height=\u00bb10px\u00bb][vc_empty_space height=\u00bb10px\u00bb][vc_empty_space height=\u00bb10px\u00bb][vc_single_image image=\u00bb11080&#8243; img_size=\u00bbfull\u00bb onclick=\u00bbcustom_link\u00bb qode_css_animation=\u00bb\u00bb link=\u00bbhttps:\/\/sunsetchiropractor.com\/es\/cuidado-intensivo-de-la-columna-vertebral\/\u00bb parallax_scroll=\u00bbno\u00bb woodmart_inline=\u00bbno\u00bb][\/vc_column_inner][vc_column_inner width=\u00bb1\/4&#8243;][\/vc_column_inner][\/vc_row_inner][vc_empty_space height=\u00bb10px\u00bb][vc_empty_space height=\u00bb10px\u00bb][vc_empty_space height=\u00bb10px\u00bb][\/vc_column][\/vc_row][vc_row css=\u00bb.vc_custom_1673440324433{background-image: url(https:\/\/sunsetchiropractor.com\/wp-content\/uploads\/2022\/08\/sunset-chiropractor-333.jpg?id=8082) !important;background-position: center !important;background-repeat: no-repeat !important;background-size: cover !important;}\u00bb woodmart_css_id=\u00bb63beac36d800c\u00bb responsive_spacing=\u00bbeyJwYXJhbV90eXBlIjoid29vZG1hcnRfcmVzcG9uc2l2ZV9zcGFjaW5nIiwic2VsZWN0b3JfaWQiOiI2M2JlYWMzNmQ4MDBjIiwic2hvcnRjb2RlIjoidmNfcm93IiwiZGF0YSI6eyJ0YWJsZXQiOnt9LCJtb2JpbGUiOnt9fX0=\u00bb mobile_bg_img_hidden=\u00bbno\u00bb tablet_bg_img_hidden=\u00bbno\u00bb woodmart_parallax=\u00bb0&#8243; woodmart_gradient_switch=\u00bbno\u00bb woodmart_box_shadow=\u00bbno\u00bb wd_z_index=\u00bbno\u00bb woodmart_disable_overflow=\u00bb0&#8243; row_reverse_mobile=\u00bb0&#8243; row_reverse_tablet=\u00bb0&#8243; el_class=\u00bbocultar-destok\u00bb][vc_column]\n\t\t<div id=\"wd-641d9e06b06e4\" class=\"title-wrapper wd-wpb wd-set-mb reset-last-child  wd-rs-641d9e06b06e4 wd-title-color-white wd-title-style-default text-center  wd-underline-colored\">\n\t\t\t\n\t\t\t<div class=\"liner-continer\">\n\t\t\t\t<h1 class=\"woodmart-title-container title  wd-font-weight-500 wd-fontsize-l\" >Cuidado Intensivo de la Columna<\/h1>\n\t\t\t\t\t\t\t<\/div>\n\t\t\t\n\t\t\t\n\t\t\t\n\t\t<\/div>\n\t\t\n\t\t[vc_single_image image=\u00bb8052&#8243; img_size=\u00bbfull\u00bb onclick=\u00bbcustom_link\u00bb qode_css_animation=\u00bb\u00bb link=\u00bbhttps:\/\/sunsetchiropractor.com\/es\/cuidado-intensivo-de-la-columna-vertebral\/\u00bb][\/vc_column][\/vc_row][vc_row row_type=\u00bbrow\u00bb use_row_as_full_screen_section=\u00bbno\u00bb type=\u00bbgrid\u00bb angled_section=\u00bbno\u00bb text_align=\u00bbleft\u00bb background_image_as_pattern=\u00bbwithout_pattern\u00bb z_index=\u00bb\u00bb][vc_column][vc_empty_space height=\u00bb10px\u00bb][vc_column_text woodmart_inline=\u00bbno\u00bb text_larger=\u00bbno\u00bb]<\/p>\n<h2><strong>Hernias de disco<\/strong><\/h2>\n<div id=\"attachment_3240\" style=\"width: 187px\" class=\"wp-caption alignright\"><a href=\"https:\/\/sunsetchiropractor.com\/wp-content\/uploads\/2021\/02\/protuberancias-y-hernias-de-disco-1-177x300.jpg\"><img loading=\"lazy\" decoding=\"async\" aria-describedby=\"caption-attachment-3240\" class=\"size-medium wp-image-3240\" src=\"https:\/\/sunsetchiropractor.com\/wp-content\/uploads\/2021\/02\/protuberancias-y-hernias-de-disco-1-177x300.jpg\" alt=\"Protuberancias y Hernias de Disco \u2013 Hernias de disco\" width=\"177\" height=\"300\" srcset=\"https:\/\/sunsetchiropractor.com\/wp-content\/uploads\/2021\/02\/protuberancias-y-hernias-de-disco-1-177x300.jpg 177w, https:\/\/sunsetchiropractor.com\/wp-content\/uploads\/2021\/02\/protuberancias-y-hernias-de-disco-1-150x255.jpg 150w, https:\/\/sunsetchiropractor.com\/wp-content\/uploads\/2021\/02\/protuberancias-y-hernias-de-disco-1.jpg 306w\" sizes=\"auto, (max-width: 177px) 100vw, 177px\" \/><\/a><p id=\"caption-attachment-3240\" class=\"wp-caption-text\">Protuberancias y Hernias de Disco \u2013 Hernias de disco<\/p><\/div>\n<p>Una hernia de disco se refiere a un problema con uno de los cojines de goma (discos) entre los huesos individuales (v\u00e9rtebras) que se acumulan para hacer la columna vertebral.<\/p>\n<p>Un disco espinal es un poco como una rosquilla de gelatina, con un centro m\u00e1s suave encerrado dentro de un exterior m\u00e1s resistente. A veces llamado disco resbaladizo o un disco roto, una hernia de disco ocurre cuando parte de la \u00abjalea\u00bb m\u00e1s suave empuja hacia fuera a trav\u00e9s de un desgarro en el exterior m\u00e1s duro.<\/p>\n<p>Una hernia de disco puede irritar los nervios cercanos y provocar dolor, entumecimiento o debilidad en un brazo o una pierna. Por otro lado, muchas personas no experimentan s\u00edntomas de una hernia de disco. La mayor\u00eda de las personas que tienen una hernia de disco no necesitan cirug\u00eda para corregir el problema.<\/p>\n<h2><strong>Los s\u00edntomas pueden incluir:<\/strong><\/h2>\n<p>&nbsp;<\/p>\n<p>-Dolor de espalda intermitente o continuo<br \/>\n-Espasmo de los m\u00fasculos de la espalda.<br \/>\n-Ci\u00e1tica<br \/>\n-Debilidad muscular en las piernas.<br \/>\n-Entumecimiento en la pierna o el pie.<\/p>\n<p>-Dolor en la pierna o el pie<br \/>\n-Disminuci\u00f3n de los reflejos en la rodilla o el tobillo.<br \/>\n-Cambios en la funci\u00f3n de la vejiga o el intestino.<\/p>\n<p>El dolor causado por una hernia lumbar puede parecer que ocurre repentinamente, pero por lo general es el resultado de un proceso gradual de descomposici\u00f3n.<\/p>\n<p>Una causa menos frecuente de hernia lumbar es una lesi\u00f3n traum\u00e1tica, como una ca\u00edda o un accidente automovil\u00edstico. Una lesi\u00f3n puede ejercer tanta presi\u00f3n sobre un disco en la parte inferior de la espalda que hernia.<\/p>\n<h2><strong>Disco espinal<\/strong><\/h2>\n<p>&nbsp;<\/p>\n<p>Los discos intervertebrales est\u00e1n compuestos por un annulus fibroso y un n\u00facleo pulposo.<\/p>\n<p>El n\u00facleo pulposo es el n\u00facleo interno del disco vertebral y est\u00e1 compuesto por un material gelatinoso que consiste principalmente en agua<\/p>\n<p>Annulus es un anillo de capas fibroso s\u00f3elo externo que rodea el centro interno similar al gel, el n\u00facleo pulposo.<\/p>\n<h2><strong>Datos del disco<\/strong><\/h2>\n<p>&nbsp;<\/p>\n<ul>\n<li>Amortiguador para la columna vertebral<\/li>\n<li>estructura avascular m\u00e1s grande en el cuerpo humano<\/li>\n<li>tanto el n\u00facleo como el annulus se componen principalmente de agua (88).<\/li>\n<li>La columna vertebral se compone de 24 huesos m\u00f3viles<\/li>\n<li>La alineaci\u00f3n espinal adecuada es la necesidad de una carga espinal adecuada y movimiento segmentado<\/li>\n<li>Se requiere movimiento espinal a nivel segmental para facilitar la circulaci\u00f3n de fluidos y el ciclo de intercambio de residuos y nutrici\u00f3n.<\/li>\n<\/ul>\n<p>&nbsp;<\/p>\n<h2><strong>Causa de la hernia de disco espinal<\/strong><\/h2>\n<p>&nbsp;<\/p>\n<p>La carga asim\u00e9trica del disco como resultado de una alineaci\u00f3n anormal hace que los n\u00facleos pulposi cambien creando una presi\u00f3n focal concentrada para eventualmente descomponer las fibras de los annulus. Disminuir el movimiento del disco y las articulaciones evitando la hidrataci\u00f3n y el intercambio metab\u00f3lico de residuos nutritivos causando deshidrataci\u00f3n y degradaci\u00f3n de los tejidos.<\/p>\n<p>Hay cuatro etapas de Hernias de Disco<\/p>\n<p>(1) protuberancia del disco<\/p>\n<p>(2) disco prolapsado<\/p>\n<p>(3) extrusi\u00f3n de disco<\/p>\n<p>(4) disco secuestrado.<\/p>\n<p>Las etapas 1 y 2 se conocen como incompletas, donde 3 y 4 son hernias completas<\/p>\n<p>A lo largo de nuestras vidas, tenemos estr\u00e9s f\u00edsico en nuestro cuerpo, algunos son agudos como ca\u00eddas, traumas, accidentes y otros que pueden ser cr\u00f3nicos como sentarse durante largos per\u00edodos, trabajar en un escritorio durante largos per\u00edodos, usar computadoras o tel\u00e9fonos o incluso simplemente estar de pie durante mucho tiempo Per\u00edodos. Estas tensiones f\u00edsicas pueden hacer que perdamos nuestra alineaci\u00f3n normal y la columna vertebral se coloque en una posici\u00f3n debilitada. Al principio, esto no causa dolor pero, como las estructuras espinales est\u00e1n continuamente cargadas de forma anormal, comienzan a descomponerse que conducen a da\u00f1o de la columna vertebral y, finalmente, al desarrollo del dolor y la p\u00e9rdida funcional. La carga asim\u00e9trica del disco como resultado de una alineaci\u00f3n anormal hace que los n\u00facleos pulposi cambien, creando una presi\u00f3n concentrada para eventualmente descomponer las fibras de los annulus. La disminuci\u00f3n del movimiento del disco y las articulaciones previene la hidrataci\u00f3n y el intercambio de residuos metab\u00f3licos de nutrientes causando deshidrataci\u00f3n y el desarrollo de la discopat\u00eda (protrusi\u00f3n\/hernia).[\/vc_column_text][\/vc_column][\/vc_row]<\/p>\n<\/section>","protected":false},"excerpt":{"rendered":"<p>[vc_row row_type=\u00bbrow\u00bb use_row_as_full_screen_section=\u00bbno\u00bb type=\u00bbfull_width\u00bb angled_section=\u00bbno\u00bb text_align=\u00bbcenter\u00bb background_image=\u00bb574&#8243; background_image_as_pattern=\u00bbwithout_pattern\u00bb css=\u00bb.vc_custom_1673440377612{background-image: url(https:\/\/sunsetchiropractor.com\/wp-content\/uploads\/2022\/08\/sunset-chiropractor-34.jpg?id=8057) !important;background-position: center !important;background-repeat: no-repeat !important;background-size: contain !important;}\u00bb z_index=\u00bb\u00bb woodmart_css_id=\u00bb63beac74cf20f\u00bb responsive_spacing=\u00bbeyJwYXJhbV90eXBlIjoid29vZG1hcnRfcmVzcG9uc2l2ZV9zcGFjaW5nIiwic2VsZWN0b3JfaWQiOiI2M2JlYWM3NGNmMjBmIiwic2hvcnRjb2RlIjoidmNfcm93IiwiZGF0YSI6eyJ0YWJsZXQiOnt9LCJtb2JpbGUiOnt9fX0=\u00bb<\/p>\n","protected":false},"author":1,"featured_media":0,"parent":903,"menu_order":0,"comment_status":"closed","ping_status":"closed","template":"","meta":{"footnotes":""},"class_list":["post-1082","page","type-page","status-publish","hentry"],"_links":{"self":[{"href":"https:\/\/sunsetchiropractor.com\/es\/wp-json\/wp\/v2\/pages\/1082","targetHints":{"allow":["GET"]}}],"collection":[{"href":"https:\/\/sunsetchiropractor.com\/es\/wp-json\/wp\/v2\/pages"}],"about":[{"href":"https:\/\/sunsetchiropractor.com\/es\/wp-json\/wp\/v2\/types\/page"}],"author":[{"embeddable":true,"href":"https:\/\/sunsetchiropractor.com\/es\/wp-json\/wp\/v2\/users\/1"}],"replies":[{"embeddable":true,"href":"https:\/\/sunsetchiropractor.com\/es\/wp-json\/wp\/v2\/comments?post=1082"}],"version-history":[{"count":5,"href":"https:\/\/sunsetchiropractor.com\/es\/wp-json\/wp\/v2\/pages\/1082\/revisions"}],"predecessor-version":[{"id":8163,"href":"https:\/\/sunsetchiropractor.com\/es\/wp-json\/wp\/v2\/pages\/1082\/revisions\/8163"}],"up":[{"embeddable":true,"href":"https:\/\/sunsetchiropractor.com\/es\/wp-json\/wp\/v2\/pages\/903"}],"wp:attachment":[{"href":"https:\/\/sunsetchiropractor.com\/es\/wp-json\/wp\/v2\/media?parent=1082"}],"curies":[{"name":"wp","href":"https:\/\/api.w.org\/{rel}","templated":true}]}}