{"id":1042,"date":"2020-02-04T23:22:56","date_gmt":"2020-02-05T04:22:56","guid":{"rendered":"https:\/\/sunsetchiropractor.com\/tratamiento-de-la-escoliosis\/"},"modified":"2023-03-24T13:41:14","modified_gmt":"2023-03-24T17:41:14","slug":"tratamiento-de-la-escoliosis","status":"publish","type":"page","link":"https:\/\/sunsetchiropractor.com\/es\/tratamiento-de-la-escoliosis\/","title":{"rendered":"Tratamiento de la escoliosis"},"content":{"rendered":"<section class=\"wpb-content-wrapper\"><p>[vc_row row_type=\u00bbrow\u00bb use_row_as_full_screen_section=\u00bbno\u00bb type=\u00bbfull_width\u00bb angled_section=\u00bbno\u00bb text_align=\u00bbcenter\u00bb background_image=\u00bb574&#8243; background_image_as_pattern=\u00bbwithout_pattern\u00bb css=\u00bb.vc_custom_1673440377612{background-image: url(https:\/\/sunsetchiropractor.com\/wp-content\/uploads\/2022\/08\/sunset-chiropractor-34.jpg?id=8057) !important;background-position: center !important;background-repeat: no-repeat !important;background-size: contain !important;}\u00bb z_index=\u00bb\u00bb woodmart_css_id=\u00bb63beac74cf20f\u00bb responsive_spacing=\u00bbeyJwYXJhbV90eXBlIjoid29vZG1hcnRfcmVzcG9uc2l2ZV9zcGFjaW5nIiwic2VsZWN0b3JfaWQiOiI2M2JlYWM3NGNmMjBmIiwic2hvcnRjb2RlIjoidmNfcm93IiwiZGF0YSI6eyJ0YWJsZXQiOnt9LCJtb2JpbGUiOnt9fX0=\u00bb mobile_bg_img_hidden=\u00bbno\u00bb tablet_bg_img_hidden=\u00bbno\u00bb woodmart_parallax=\u00bb0&#8243; woodmart_gradient_switch=\u00bbno\u00bb woodmart_box_shadow=\u00bbno\u00bb wd_z_index=\u00bbno\u00bb woodmart_disable_overflow=\u00bb0&#8243; row_reverse_mobile=\u00bb0&#8243; row_reverse_tablet=\u00bb0&#8243; el_class=\u00bbocultar-sunset-mobile\u00bb][vc_column][vc_empty_space height=\u00bb10px\u00bb][vc_row_inner row_type=\u00bbrow\u00bb type=\u00bbgrid\u00bb text_align=\u00bbleft\u00bb css_animation=\u00bb\u00bb][vc_column_inner width=\u00bb1\/4&#8243;][\/vc_column_inner][vc_column_inner width=\u00bb1\/4&#8243;]\n\t\t<div id=\"wd-63bdcd581087f\" class=\"title-wrapper wd-wpb wd-set-mb reset-last-child  wd-rs-63bdcd581087f wd-title-color-white wd-title-style-default text-center  wd-underline-colored\">\n\t\t\t\n\t\t\t<div class=\"liner-continer\">\n\t\t\t\t<h1 class=\"woodmart-title-container title  wd-font-weight-500 wd-fontsize-l\" >Intensive Spine Care<\/h1>\n\t\t\t\t\t\t\t<\/div>\n\t\t\t\n\t\t\t\n\t\t\t\n\t\t<\/div>\n\t\t\n\t\t[\/vc_column_inner][vc_column_inner width=\u00bb1\/4&#8243;][vc_single_image image=\u00bb8052&#8243; img_size=\u00bbfull\u00bb onclick=\u00bbcustom_link\u00bb qode_css_animation=\u00bb\u00bb link=\u00bbhttps:\/\/sunsetchiropractor.com\/es\/cuidado-intensivo-de-la-columna-vertebral\/\u00bb][\/vc_column_inner][vc_column_inner width=\u00bb1\/4&#8243;][\/vc_column_inner][\/vc_row_inner][vc_empty_space height=\u00bb10px\u00bb][\/vc_column][\/vc_row][vc_row css=\u00bb.vc_custom_1673440324433{background-image: url(https:\/\/sunsetchiropractor.com\/wp-content\/uploads\/2022\/08\/sunset-chiropractor-333.jpg?id=8082) !important;background-position: center !important;background-repeat: no-repeat !important;background-size: cover !important;}\u00bb woodmart_css_id=\u00bb63beac36d800c\u00bb responsive_spacing=\u00bbeyJwYXJhbV90eXBlIjoid29vZG1hcnRfcmVzcG9uc2l2ZV9zcGFjaW5nIiwic2VsZWN0b3JfaWQiOiI2M2JlYWMzNmQ4MDBjIiwic2hvcnRjb2RlIjoidmNfcm93IiwiZGF0YSI6eyJ0YWJsZXQiOnt9LCJtb2JpbGUiOnt9fX0=\u00bb mobile_bg_img_hidden=\u00bbno\u00bb tablet_bg_img_hidden=\u00bbno\u00bb woodmart_parallax=\u00bb0&#8243; woodmart_gradient_switch=\u00bbno\u00bb woodmart_box_shadow=\u00bbno\u00bb wd_z_index=\u00bbno\u00bb woodmart_disable_overflow=\u00bb0&#8243; row_reverse_mobile=\u00bb0&#8243; row_reverse_tablet=\u00bb0&#8243; el_class=\u00bbocultar-destok\u00bb][vc_column]\n\t\t<div id=\"wd-641dc710af209\" class=\"title-wrapper wd-wpb wd-set-mb reset-last-child  wd-rs-641dc710af209 wd-title-color-white wd-title-style-default text-center  wd-underline-colored\">\n\t\t\t\n\t\t\t<div class=\"liner-continer\">\n\t\t\t\t<h1 class=\"woodmart-title-container title  wd-font-weight-500 wd-fontsize-l\" >Cuidado Intensivo de Columna Vertebra<\/h1>\n\t\t\t\t\t\t\t<\/div>\n\t\t\t\n\t\t\t\n\t\t\t\n\t\t<\/div>\n\t\t\n\t\t[vc_single_image image=\u00bb8052&#8243; img_size=\u00bbfull\u00bb onclick=\u00bbcustom_link\u00bb qode_css_animation=\u00bb\u00bb link=\u00bbhttps:\/\/sunsetchiropractor.com\/es\/cuidado-intensivo-de-la-columna-vertebral\/\u00bb][\/vc_column][\/vc_row][vc_row row_type=\u00bbrow\u00bb use_row_as_full_screen_section=\u00bbno\u00bb type=\u00bbgrid\u00bb angled_section=\u00bbno\u00bb text_align=\u00bbleft\u00bb background_image_as_pattern=\u00bbwithout_pattern\u00bb z_index=\u00bb\u00bb][vc_column][vc_empty_space height=\u00bb10px\u00bb][vc_column_text woodmart_inline=\u00bbno\u00bb text_larger=\u00bbno\u00bb]<\/p>\n<h2>\u00bfQu\u00e9 es la escoliosis?<\/h2>\n<p>La escoliosis es una curvatura lateral (de lado a lado) de la columna vertebral, que no debe confundirse con las curvas espinales normales de adelante hacia atr\u00e1s que son visibles desde el lado.<\/p>\n<p>&nbsp;<\/p>\n<p>Aunque una peque\u00f1a cantidad de una curva lateral no suele causar ning\u00fan problema, las curvas grandes pueden causar una variedad de problemas de salud como desequilibrio postural, fatiga muscular, dolor muscular, problemas con la respiraci\u00f3n, e incluso artritis espinal.<\/p>\n<p><a href=\"https:\/\/sunsetchiropractor.com\/wp-content\/uploads\/2021\/02\/chiropractic-scoliosis-treatment-04.jpg\"><img loading=\"lazy\" decoding=\"async\" class=\"wp-image-2360 alignright\" src=\"https:\/\/sunsetchiropractor.com\/wp-content\/uploads\/2021\/02\/chiropractic-scoliosis-treatment-04.jpg\" alt=\"\" width=\"225\" height=\"178\" \/><\/a><\/p>\n<p>Tratamiento de\u00a0<strong>la Escoliosis<\/strong>\u00a0\u2013 Utilizando los revolucionarios protocolos \u00abMix, Fix, Set\u00bb ideados por Clear Institute, en Sunset Chiropractic &amp; Wellness Dr. Alfonso, puede ayudar a las personas a revertir los s\u00edntomas de la escoliosis.<\/p>\n<p>\u00bfQu\u00e9 es \u00abMix, Fix, Set?\u00bb<\/p>\n<p>&nbsp;<\/p>\n<p><strong>\u00abThe Mix\u00bb<\/strong>\u00a0\u2013 El primer paso en el tratamiento de correcci\u00f3n de la escoliosis. Utilizando equipos de \u00faltima generaci\u00f3n dise\u00f1ados espec\u00edficamente para estos procesos, este paso ayuda a aflojar la musculatura de que las horas extras han evolucionado hasta convertirse en s\u00edntomas de escoliosis.<\/p>\n<p>&nbsp;<\/p>\n<p><strong>\u00abThe Fix\u00bb<\/strong>\u00a0\u2013 Una vez que las estructuras de soporte se aflojan y se han vuelto flexibles debido a \u00abThe Mix\u00bb este siguiente paso ahora es posible. Usando \u00abThe Fix\u00bb, el Dr. Alfonso ahora puede comenzar a dirigir la columna vertebral hacia una alineaci\u00f3n adecuada a trav\u00e9s de una serie de ajustes seguros y efectivos.<\/p>\n<p>&nbsp;<\/p>\n<p><strong>\u00abThe Set\u00bb<\/strong>\u00a0\u2013 Este \u00faltimo paso est\u00e1 dise\u00f1ado para reeducar los m\u00fasculos de apoyo del cuerpo para sostener y mantener la posici\u00f3n reci\u00e9n corregida de un individuo. En este paso, el Dr. Alfonso implementa un sistema de ponderaci\u00f3n y ejercicio espec\u00edficamente adaptado dise\u00f1ado por Clear que ayudar\u00e1 a las \u00e1reas d\u00e9biles del cuerpo a ser reconstruidas permitiendo que el sistema nervioso se reprograme haciendo que cada correcci\u00f3n sea permanente.[\/vc_column_text][vc_empty_space height=\u00bb70px\u00bb][\/vc_column][\/vc_row][vc_row full_width=\u00bbstretch_row\u00bb parallax=\u00bbcontent-moving\u00bb parallax_image=\u00bb10552&#8243; css=\u00bb.vc_custom_1673453740998{padding-top: 200px !important;padding-bottom: 200px !important;}\u00bb woodmart_css_id=\u00bb63bee0a6d8fdb\u00bb responsive_spacing=\u00bbeyJwYXJhbV90eXBlIjoid29vZG1hcnRfcmVzcG9uc2l2ZV9zcGFjaW5nIiwic2VsZWN0b3JfaWQiOiI2M2JlZTBhNmQ4ZmRiIiwic2hvcnRjb2RlIjoidmNfcm93IiwiZGF0YSI6eyJ0YWJsZXQiOnt9LCJtb2JpbGUiOnt9fX0=\u00bb mobile_bg_img_hidden=\u00bbno\u00bb tablet_bg_img_hidden=\u00bbno\u00bb woodmart_parallax=\u00bb0&#8243; woodmart_gradient_switch=\u00bbno\u00bb woodmart_box_shadow=\u00bbno\u00bb wd_z_index=\u00bbno\u00bb woodmart_disable_overflow=\u00bb0&#8243; row_reverse_mobile=\u00bb0&#8243; row_reverse_tablet=\u00bb0&#8243;][vc_column][\/vc_column][\/vc_row][vc_row][vc_column]\n\t\t<div id=\"wd-641dc7902fa74\" class=\"title-wrapper wd-wpb wd-set-mb reset-last-child  wd-rs-641dc7902fa74 wd-title-color-default wd-title-style-default text-center  wd-underline-colored\">\n\t\t\t\n\t\t\t<div class=\"liner-continer\">\n\t\t\t\t<h4 class=\"woodmart-title-container title  wd-font-weight- wd-fontsize-l\" >Grados de Escoliosis:<\/h4>\n\t\t\t\t\t\t\t<\/div>\n\t\t\t\n\t\t\t\n\t\t\t\n\t\t<\/div>\n\t\t\n\t\t[vc_empty_space height=\u00bb70px\u00bb][vc_row_inner][vc_column_inner width=\u00bb1\/3&#8243;][vc_column_text woodmart_inline=\u00bbno\u00bb text_larger=\u00bbno\u00bb]<\/p>\n<div id=\"TabbedPanels1\" class=\"TabbedPanels\">\n<h2>Escoliosis leve \u2013 Curva de 10-25o<\/h2>\n<div class=\"TabbedPanelsContentGroup\">\n<div class=\"TabbedPanelsContent\">\n<ul>\n<li>La curva de la escoliosis es inferior a 25o<\/li>\n<li>Individuo puede tener la cabeza inclinada o hombros y\/o caderas desiguales<\/li>\n<li>La curva puede no ser diagnosticada<\/li>\n<\/ul>\n<p>&nbsp;<\/p>\n<p>La escoliosis leve conlleva un riesgo significativo de progresi\u00f3n (hasta 22). Una vez que la escoliosis pasa 20o, \u00a1el riesgo de progresi\u00f3n supera los triples a 68!<\/p>\n<p><strong>La escoliosis leve<\/strong>\u00a0es la m\u00e1s f\u00e1cil de superar. Certificado en el\u00a0<a href=\"http:\/\/clear-institute.org\/ScoliosisTreatment\/TheMixFixSetProcess\/tabid\/396\/Default.aspx\" target=\"_blank\" rel=\"noopener noreferrer\">m\u00e9todo Clear\u2122,<\/a>en\u00a0<strong>Sunset Chiropractic &amp; Wellness<\/strong>\u00a0ofrecemos el \u00fanico programa de tratamiento de la escoliosis disponible hoy para combatir los s\u00edntomas de la escoliosis leve.<\/p>\n<p>&nbsp;<\/p>\n<p>&nbsp;<\/p>\n<p>&nbsp;<\/p>\n<\/div>\n<\/div>\n<\/div>\n<p>[\/vc_column_text][\/vc_column_inner][vc_column_inner width=\u00bb1\/3&#8243;][vc_column_text woodmart_inline=\u00bbno\u00bb text_larger=\u00bbno\u00bb]<\/p>\n<div id=\"TabbedPanels1\" class=\"TabbedPanels\">\n<h2>Escoliosis Moderada \u2013 Curva de 26-40o<\/h2>\n<div class=\"TabbedPanelsContentGroup\">\n<div class=\"TabbedPanelsContent\">\n<ul>\n<li>La curva de la escoliosis est\u00e1 entre 26-40o<\/li>\n<li>Individuo puede tener la cabeza inclinada o hombros y\/o caderas desiguales<\/li>\n<li>Individuo puede tener s\u00edntomas asociados con dolor, es decir, dolores de cabeza, dolor de columna vertebral, fatiga, etc.<\/li>\n<\/ul>\n<p>&nbsp;<\/p>\n<p class=\"body\"><strong>La escoliosis moderada<\/strong>\u00a0conlleva un riesgo mucho mayor de progresi\u00f3n (hasta 68). En esta etapa las personas a menudo notan s\u00edntomas como dolor de cabeza, torpeza y fatiga, y pueden ir acompa\u00f1ados de problemas adicionales como mala imagen corporal, ansiedad social y depresi\u00f3n.<\/p>\n<p class=\"body\"><strong>En Sunset Chiropractic &amp; Wellness\u00a0<\/strong>somos capaces de tratar los s\u00edntomas de\u00a0<strong>la escoliosis moderada<\/strong>\u00a0utilizando el programa\u00a0<a href=\"http:\/\/clear-institute.org\/ScoliosisTreatment\/TheMixFixSetProcess\/tabid\/396\/Default.aspx\" target=\"_blank\" rel=\"noopener noreferrer\">Clear\u2122,<\/a>una alternativa efectiva segura al refuerzo o cirug\u00eda.<\/p>\n<\/div>\n<\/div>\n<\/div>\n<p>[\/vc_column_text][\/vc_column_inner][vc_column_inner width=\u00bb1\/3&#8243;][vc_column_text woodmart_inline=\u00bbno\u00bb text_larger=\u00bbno\u00bb]<\/p>\n<div id=\"TabbedPanels1\" class=\"TabbedPanels\">\n<div id=\"TabbedPanels1\" class=\"TabbedPanels\">\n<div class=\"TabbedPanelsContentGroup\">\n<div class=\"TabbedPanelsContent\">\n<div id=\"TabbedPanels1\" class=\"TabbedPanels\">\n<div class=\"TabbedPanelsContentGroup\">\n<div class=\"TabbedPanelsContent\">\n<h2 class=\"body\">Escoliosis grave \u2013 m\u00e1s de 40o de curva<\/h2>\n<p>&nbsp;<\/p>\n<\/div>\n<div class=\"TabbedPanelsContent\">\n<div class=\"TabbedPanelsContent\">\n<ul>\n<li>La curva de la escoliosis est\u00e1 por encima de los 40o<\/li>\n<\/ul>\n<\/div>\n<div class=\"TabbedPanelsContent\">\n<ul>\n<li>Individuo puede tener la cabeza inclinada o hombros y\/o caderas desiguales<\/li>\n<li>La columna vertebral se puede visualizar como una forma \u00abC\u00bb o \u00abS\u00bb, el ombligo se puede ver descentrado<\/li>\n<\/ul>\n<p>&nbsp;<\/p>\n<p class=\"body\"><strong><br \/>\n<span class=\"body\">La progresi\u00f3n de la escoliosis grave es de 90<\/span><br \/>\n<\/strong>. Individuos con escoliosis grave a menudo experimentan dolor cr\u00f3nico; dolores de cabeza, p\u00e9rdida de equilibrio.<\/p>\n<p class=\"body\"><strong>La escoliosis<\/strong>\u00a0grave es una afecci\u00f3n grave que a menudo se recomienda para el tratamiento quir\u00fargico. En\u00a0<strong>Sunset Chiropractic &amp; Wellness<\/strong>\u00a0ofrecemos el \u00fanico programa de tratamiento de escoliosis no quir\u00fargico y no-bracing disponible hoy en d\u00eda que puede combatir con \u00e9xito los s\u00edntomas de la escoliosis grave. Certificado por\u00a0<a href=\"http:\/\/clear-institute.org\/ScoliosisTreatment\/TheMixFixSetProcess\/tabid\/396\/Default.aspx\" target=\"_blank\" rel=\"noopener noreferrer\">Clear\u2122<\/a>.<\/p>\n<\/div>\n<\/div>\n<\/div>\n<\/div>\n<p>&nbsp;<\/p>\n<\/div>\n<\/div>\n<\/div>\n<\/div>\n<p>[\/vc_column_text][\/vc_column_inner][\/vc_row_inner][\/vc_column][\/vc_row]<\/p>\n<\/section>","protected":false},"excerpt":{"rendered":"<p>[vc_row row_type=\u00bbrow\u00bb use_row_as_full_screen_section=\u00bbno\u00bb type=\u00bbfull_width\u00bb angled_section=\u00bbno\u00bb text_align=\u00bbcenter\u00bb background_image=\u00bb574&#8243; background_image_as_pattern=\u00bbwithout_pattern\u00bb css=\u00bb.vc_custom_1673440377612{background-image: url(https:\/\/sunsetchiropractor.com\/wp-content\/uploads\/2022\/08\/sunset-chiropractor-34.jpg?id=8057) !important;background-position: center !important;background-repeat: no-repeat !important;background-size: contain !important;}\u00bb z_index=\u00bb\u00bb woodmart_css_id=\u00bb63beac74cf20f\u00bb responsive_spacing=\u00bbeyJwYXJhbV90eXBlIjoid29vZG1hcnRfcmVzcG9uc2l2ZV9zcGFjaW5nIiwic2VsZWN0b3JfaWQiOiI2M2JlYWM3NGNmMjBmIiwic2hvcnRjb2RlIjoidmNfcm93IiwiZGF0YSI6eyJ0YWJsZXQiOnt9LCJtb2JpbGUiOnt9fX0=\u00bb<\/p>\n","protected":false},"author":1,"featured_media":0,"parent":0,"menu_order":0,"comment_status":"closed","ping_status":"closed","template":"","meta":{"footnotes":""},"class_list":["post-1042","page","type-page","status-publish","hentry"],"_links":{"self":[{"href":"https:\/\/sunsetchiropractor.com\/es\/wp-json\/wp\/v2\/pages\/1042","targetHints":{"allow":["GET"]}}],"collection":[{"href":"https:\/\/sunsetchiropractor.com\/es\/wp-json\/wp\/v2\/pages"}],"about":[{"href":"https:\/\/sunsetchiropractor.com\/es\/wp-json\/wp\/v2\/types\/page"}],"author":[{"embeddable":true,"href":"https:\/\/sunsetchiropractor.com\/es\/wp-json\/wp\/v2\/users\/1"}],"replies":[{"embeddable":true,"href":"https:\/\/sunsetchiropractor.com\/es\/wp-json\/wp\/v2\/comments?post=1042"}],"version-history":[{"count":7,"href":"https:\/\/sunsetchiropractor.com\/es\/wp-json\/wp\/v2\/pages\/1042\/revisions"}],"predecessor-version":[{"id":8151,"href":"https:\/\/sunsetchiropractor.com\/es\/wp-json\/wp\/v2\/pages\/1042\/revisions\/8151"}],"wp:attachment":[{"href":"https:\/\/sunsetchiropractor.com\/es\/wp-json\/wp\/v2\/media?parent=1042"}],"curies":[{"name":"wp","href":"https:\/\/api.w.org\/{rel}","templated":true}]}}