{"id":1018,"date":"2020-02-04T23:21:51","date_gmt":"2020-02-05T04:21:51","guid":{"rendered":"https:\/\/sunsetchiropractor.com\/servicios\/"},"modified":"2021-08-22T12:28:46","modified_gmt":"2021-08-22T16:28:46","slug":"servicios","status":"publish","type":"page","link":"https:\/\/sunsetchiropractor.com\/es\/servicios\/","title":{"rendered":"Servicios"},"content":{"rendered":"<section class=\"wpb-content-wrapper\"><p>[vc_row css_animation=\u00bb\u00bb row_type=\u00bbrow\u00bb use_row_as_full_screen_section=\u00bbno\u00bb type=\u00bbgrid\u00bb angled_section=\u00bbno\u00bb text_align=\u00bbleft\u00bb background_image_as_pattern=\u00bbwithout_pattern\u00bb css=\u00bb.vc_custom_1518184943934{padding-top: 90px !important;padding-bottom: 62px !important;}\u00bb z_index=\u00bb\u00bb][vc_column][vc_column_text]<\/p>\n<h1 style=\"text-align: center;\"><span style=\"color: #3fd47f;\"><span style=\"color: #000000;\">Nuestros<\/span> <span style=\"color: #9c5708;\">servicios<\/span><\/span><\/h1>\n<p>[\/vc_column_text][vc_empty_space height=\u00bb15px\u00bb][vc_column_text]En Sunset Chiropractic &amp; Wellness nuestro equipo va m\u00e1s all\u00e1 de la medicina convencional al ofrecer servicios y t\u00e9cnicas que pueden aliviar los s\u00edntomas mientras que al mismo tiempo abordar y resolver las causas subyacentes de su disfunci\u00f3n particular. Dirigidos por el Dr. Rodolfo Alfonso, creemos en proporcionar atenci\u00f3n de calidad en un ambiente tranquilo que facilita el bienestar tanto en el cuerpo como en la mente.[\/vc_column_text][\/vc_column][\/vc_row][vc_row css_animation=\u00bb\u00bb row_type=\u00bbrow\u00bb use_row_as_full_screen_section=\u00bbno\u00bb type=\u00bbgrid\u00bb angled_section=\u00bbno\u00bb text_align=\u00bbleft\u00bb background_image_as_pattern=\u00bbwithout_pattern\u00bb z_index=\u00bb\u00bb][vc_column width=\u00bb1\/3&#8243;][vc_single_image image=\u00bb2970&#8243; img_size=\u00bbfull\u00bb add_caption=\u00bbyes\u00bb alignment=\u00bbcenter\u00bb onclick=\u00bbcustom_link\u00bb qode_css_animation=\u00bb\u00bb link=\u00bb\/corrective-chiropractic-care\/\u00bb][vc_empty_space height=\u00bb35px\u00bb][vc_column_text]<\/p>\n<h2 class=\"div-postheader\"><a href=\"https:\/\/sunsetchiropractor.com\/es\/cuidado-quiropractico-correctivo\/\">Cuidado quiropr\u00e1ctico correctivo<\/a><\/h2>\n<p>[\/vc_column_text][vc_empty_space height=\u00bb11px\u00bb][vc_column_text]Corrective Chiropractic Care rehabilita el sistema espinal debilitado y da\u00f1ado y sus partes (m\u00fasculos, ligamentos, fascia, discos, huesos y nervios) disminuyendo el dolor, mejorando la funci\u00f3n, mejorando la estructura y la calidad de vida.[\/vc_column_text][vc_empty_space height=\u00bb65px\u00bb][\/vc_column][vc_column width=\u00bb1\/3&#8243;][vc_single_image image=\u00bb2972&#8243; img_size=\u00bbfull\u00bb add_caption=\u00bbyes\u00bb alignment=\u00bbcenter\u00bb onclick=\u00bbcustom_link\u00bb qode_css_animation=\u00bb\u00bb link=\u00bb\/scoliosis-treatment\/\u00bb][vc_empty_space height=\u00bb35px\u00bb][vc_column_text]<\/p>\n<h2 class=\"div-postheader\"><a href=\"https:\/\/sunsetchiropractor.com\/es\/tratamiento-de-la-escoliosis\/\">Tratamiento de la escoliosis<\/a><\/h2>\n<p>[\/vc_column_text][vc_empty_space height=\u00bb11px\u00bb][vc_column_text]Utilizando los revolucionarios protocolos \u00abMix, Fix, Set\u00bb ideados por Clear Institute, en Sunset Chiropractic &amp; Wellness Dr. Alfonso, puede ayudar a las personas a revertir los s\u00edntomas de la escoliosis.[\/vc_column_text][vc_empty_space height=\u00bb65px\u00bb][\/vc_column][vc_column width=\u00bb1\/3&#8243;][vc_single_image image=\u00bb2974&#8243; img_size=\u00bbfull\u00bb add_caption=\u00bbyes\u00bb alignment=\u00bbcenter\u00bb onclick=\u00bbcustom_link\u00bb qode_css_animation=\u00bb\u00bb link=\u00bb\/neuropathy-treatment\/\u00bb][vc_empty_space height=\u00bb35px\u00bb][vc_column_text]<\/p>\n<h2 class=\"div-postheader\"><a href=\"https:\/\/sunsetchiropractor.com\/en\/neuropathy-treatment\/\">Tratamiento de la neuropat\u00eda<\/a><\/h2>\n<p>[\/vc_column_text][vc_empty_space height=\u00bb11px\u00bb][vc_column_text]El Protocolo de Neuropat\u00eda del Dr. Alfonso combina m\u00faltiples terapias de tratamiento que incluyen terapia l\u00e1ser de pulso y estimulaci\u00f3n neuromec\u00e1nica. Cada paciente recibe una reevaluaci\u00f3n y evaluaci\u00f3n continuas para garantizar el m\u00e1ximo alivio de los s\u00edntomas.[\/vc_column_text][vc_empty_space height=\u00bb65px\u00bb][\/vc_column][\/vc_row][vc_row css_animation=\u00bb\u00bb row_type=\u00bbrow\u00bb use_row_as_full_screen_section=\u00bbno\u00bb type=\u00bbgrid\u00bb angled_section=\u00bbno\u00bb text_align=\u00bbleft\u00bb background_image_as_pattern=\u00bbwithout_pattern\u00bb z_index=\u00bb\u00bb][vc_column width=\u00bb1\/3&#8243;][vc_single_image image=\u00bb2974&#8243; img_size=\u00bbfull\u00bb add_caption=\u00bbyes\u00bb alignment=\u00bbcenter\u00bb qode_css_animation=\u00bb\u00bb][vc_empty_space height=\u00bb35px\u00bb][vc_column_text]<\/p>\n<h2 class=\"title-headline text-center \">Terapia de masaje<\/h2>\n<p>[\/vc_column_text][vc_empty_space height=\u00bb11px\u00bb][vc_column_text]El masaje puede ayudar a relajar los m\u00fasculos apretados, aliviar el estr\u00e9s, ayudar a eliminar las toxinas y acelerar la curaci\u00f3n. Cuando se utiliza junto con la atenci\u00f3n del estilo de vida quiropr\u00e1ctico, puede ayudarle a lograr una salud \u00f3ptima. Nuestra oficina ofrece un ambiente muy profesional para la terapia de masaje en la que puede confiar.[\/vc_column_text][vc_empty_space height=\u00bb65px\u00bb][\/vc_column][vc_column width=\u00bb1\/3&#8243;][vc_single_image image=\u00bb4704&#8243; img_size=\u00bbfull\u00bb add_caption=\u00bbyes\u00bb alignment=\u00bbcenter\u00bb onclick=\u00bbcustom_link\u00bb qode_css_animation=\u00bb\u00bb link=\u00bb\/digital-motion-x-ray\/\u00bb][vc_empty_space height=\u00bb35px\u00bb][vc_column_text]<\/p>\n<h2 class=\"div-postheader\"><a href=\"https:\/\/sunsetchiropractor.com\/es\/radiografia-de-movimiento-digital\/?lang=es\">Radiograf\u00eda de movimiento digital<\/a><\/h2>\n<p>[\/vc_column_text][vc_empty_space height=\u00bb11px\u00bb][vc_column_text]DMX (Digital Motion X-Ray) es un sistema de rayos X basado en movimiento que permite al m\u00e9dico analizar las \u00e1reas lesionadas de la columna vertebral y las extremidades en movimiento en tiempo real.[\/vc_column_text][vc_empty_space height=\u00bb65px\u00bb][\/vc_column][vc_column width=\u00bb1\/3&#8243;][vc_single_image image=\u00bb3330&#8243; img_size=\u00bbfull\u00bb add_caption=\u00bbyes\u00bb alignment=\u00bbcenter\u00bb onclick=\u00bbcustom_link\u00bb qode_css_animation=\u00bb\u00bb link=\u00bb\/personal-injury\/\u00bb][vc_empty_space height=\u00bb35px\u00bb][vc_column_text]<\/p>\n<h2 class=\"div-postheader\"><a href=\"https:\/\/sunsetchiropractor.com\/es\/accidente-automovilistico\/?lang=es\">Accidente automovil\u00edstico<\/a><\/h2>\n<p>[\/vc_column_text][vc_empty_space height=\u00bb11px\u00bb][vc_column_text]Si usted ha estado en un accidente automovil\u00edstico o involucrado en una lesi\u00f3n personal, deje que Sunset Chiropractic y Wellness le ayuden a comenzar en el camino hacia la recuperaci\u00f3n. Ofrecemos atenci\u00f3n quiropr\u00e1ctica por lesiones personales y trabajaremos con usted o su abogado para presentar las reclamaciones de seguro necesarias.[\/vc_column_text][vc_empty_space height=\u00bb65px\u00bb][\/vc_column][\/vc_row]<\/p>\n<\/section>","protected":false},"excerpt":{"rendered":"<p>[vc_row css_animation=\u00bb\u00bb row_type=\u00bbrow\u00bb use_row_as_full_screen_section=\u00bbno\u00bb type=\u00bbgrid\u00bb angled_section=\u00bbno\u00bb text_align=\u00bbleft\u00bb background_image_as_pattern=\u00bbwithout_pattern\u00bb css=\u00bb.vc_custom_1518184943934{padding-top: 90px !important;padding-bottom: 62px !important;}\u00bb z_index=\u00bb\u00bb][vc_column][vc_column_text] Nuestros servicios [\/vc_column_text][vc_empty_space height=\u00bb15px\u00bb][vc_column_text]En Sunset Chiropractic<\/p>\n","protected":false},"author":1,"featured_media":0,"parent":0,"menu_order":0,"comment_status":"closed","ping_status":"closed","template":"","meta":{"footnotes":""},"class_list":["post-1018","page","type-page","status-publish","hentry"],"_links":{"self":[{"href":"https:\/\/sunsetchiropractor.com\/es\/wp-json\/wp\/v2\/pages\/1018","targetHints":{"allow":["GET"]}}],"collection":[{"href":"https:\/\/sunsetchiropractor.com\/es\/wp-json\/wp\/v2\/pages"}],"about":[{"href":"https:\/\/sunsetchiropractor.com\/es\/wp-json\/wp\/v2\/types\/page"}],"author":[{"embeddable":true,"href":"https:\/\/sunsetchiropractor.com\/es\/wp-json\/wp\/v2\/users\/1"}],"replies":[{"embeddable":true,"href":"https:\/\/sunsetchiropractor.com\/es\/wp-json\/wp\/v2\/comments?post=1018"}],"version-history":[{"count":1,"href":"https:\/\/sunsetchiropractor.com\/es\/wp-json\/wp\/v2\/pages\/1018\/revisions"}],"predecessor-version":[{"id":4706,"href":"https:\/\/sunsetchiropractor.com\/es\/wp-json\/wp\/v2\/pages\/1018\/revisions\/4706"}],"wp:attachment":[{"href":"https:\/\/sunsetchiropractor.com\/es\/wp-json\/wp\/v2\/media?parent=1018"}],"curies":[{"name":"wp","href":"https:\/\/api.w.org\/{rel}","templated":true}]}}