{"id":10082,"date":"2023-01-03T07:33:52","date_gmt":"2023-01-03T12:33:52","guid":{"rendered":"https:\/\/sunsetchiropractor.com\/neuropathy-treatment\/"},"modified":"2023-03-24T13:56:43","modified_gmt":"2023-03-24T17:56:43","slug":"neuropathy-treatment","status":"publish","type":"page","link":"https:\/\/sunsetchiropractor.com\/es\/neuropathy-treatment\/","title":{"rendered":"Tratamiento de neuropat\u00eda"},"content":{"rendered":"<section class=\"wpb-content-wrapper\"><p>[vc_row row_type=\u00bbrow\u00bb use_row_as_full_screen_section=\u00bbno\u00bb type=\u00bbfull_width\u00bb angled_section=\u00bbno\u00bb text_align=\u00bbcenter\u00bb background_image=\u00bb574&#8243; background_image_as_pattern=\u00bbwithout_pattern\u00bb css=\u00bb.vc_custom_1673440377612{background-image: url(https:\/\/sunsetchiropractor.com\/wp-content\/uploads\/2022\/08\/sunset-chiropractor-34.jpg?id=8057) !important;background-position: center !important;background-repeat: no-repeat !important;background-size: contain !important;}\u00bb z_index=\u00bb\u00bb woodmart_css_id=\u00bb63beac74cf20f\u00bb responsive_spacing=\u00bbeyJwYXJhbV90eXBlIjoid29vZG1hcnRfcmVzcG9uc2l2ZV9zcGFjaW5nIiwic2VsZWN0b3JfaWQiOiI2M2JlYWM3NGNmMjBmIiwic2hvcnRjb2RlIjoidmNfcm93IiwiZGF0YSI6eyJ0YWJsZXQiOnt9LCJtb2JpbGUiOnt9fX0=\u00bb mobile_bg_img_hidden=\u00bbno\u00bb tablet_bg_img_hidden=\u00bbno\u00bb woodmart_parallax=\u00bb0&#8243; woodmart_gradient_switch=\u00bbno\u00bb woodmart_box_shadow=\u00bbno\u00bb wd_z_index=\u00bbno\u00bb woodmart_disable_overflow=\u00bb0&#8243; row_reverse_mobile=\u00bb0&#8243; row_reverse_tablet=\u00bb0&#8243; el_class=\u00bbocultar-sunset-mobile\u00bb][vc_column][vc_empty_space height=\u00bb10px\u00bb][vc_empty_space height=\u00bb10px\u00bb][vc_empty_space height=\u00bb10px\u00bb][vc_row_inner row_type=\u00bbrow\u00bb type=\u00bbgrid\u00bb text_align=\u00bbleft\u00bb css_animation=\u00bb\u00bb][vc_column_inner width=\u00bb1\/4&#8243;][\/vc_column_inner][vc_column_inner width=\u00bb1\/4&#8243;]\n\t\t<div id=\"wd-641d9e06b06e4\" class=\"title-wrapper wd-wpb wd-set-mb reset-last-child  wd-rs-641d9e06b06e4 wd-title-color-white wd-title-style-default text-center  wd-underline-colored\">\n\t\t\t\n\t\t\t<div class=\"liner-continer\">\n\t\t\t\t<h1 class=\"woodmart-title-container title  wd-font-weight-500 wd-fontsize-l\" >Cuidado Intensivo de la Columna<\/h1>\n\t\t\t\t\t\t\t<\/div>\n\t\t\t\n\t\t\t\n\t\t\t\n\t\t<\/div>\n\t\t\n\t\t[\/vc_column_inner][vc_column_inner width=\u00bb1\/4&#8243;][vc_empty_space height=\u00bb10px\u00bb][vc_empty_space height=\u00bb10px\u00bb][vc_empty_space height=\u00bb10px\u00bb][vc_single_image image=\u00bb11080&#8243; img_size=\u00bbfull\u00bb onclick=\u00bbcustom_link\u00bb qode_css_animation=\u00bb\u00bb link=\u00bbhttps:\/\/sunsetchiropractor.com\/es\/cuidado-intensivo-de-la-columna-vertebral\/\u00bb parallax_scroll=\u00bbno\u00bb woodmart_inline=\u00bbno\u00bb][\/vc_column_inner][vc_column_inner width=\u00bb1\/4&#8243;][\/vc_column_inner][\/vc_row_inner][vc_empty_space height=\u00bb10px\u00bb][vc_empty_space height=\u00bb10px\u00bb][vc_empty_space height=\u00bb10px\u00bb][\/vc_column][\/vc_row][vc_row css=\u00bb.vc_custom_1673440324433{background-image: url(https:\/\/sunsetchiropractor.com\/wp-content\/uploads\/2022\/08\/sunset-chiropractor-333.jpg?id=8082) !important;background-position: center !important;background-repeat: no-repeat !important;background-size: cover !important;}\u00bb woodmart_css_id=\u00bb63beac36d800c\u00bb responsive_spacing=\u00bbeyJwYXJhbV90eXBlIjoid29vZG1hcnRfcmVzcG9uc2l2ZV9zcGFjaW5nIiwic2VsZWN0b3JfaWQiOiI2M2JlYWMzNmQ4MDBjIiwic2hvcnRjb2RlIjoidmNfcm93IiwiZGF0YSI6eyJ0YWJsZXQiOnt9LCJtb2JpbGUiOnt9fX0=\u00bb mobile_bg_img_hidden=\u00bbno\u00bb tablet_bg_img_hidden=\u00bbno\u00bb woodmart_parallax=\u00bb0&#8243; woodmart_gradient_switch=\u00bbno\u00bb woodmart_box_shadow=\u00bbno\u00bb wd_z_index=\u00bbno\u00bb woodmart_disable_overflow=\u00bb0&#8243; row_reverse_mobile=\u00bb0&#8243; row_reverse_tablet=\u00bb0&#8243; el_class=\u00bbocultar-destok\u00bb][vc_column]\n\t\t<div id=\"wd-641d9e06b06e4\" class=\"title-wrapper wd-wpb wd-set-mb reset-last-child  wd-rs-641d9e06b06e4 wd-title-color-white wd-title-style-default text-center  wd-underline-colored\">\n\t\t\t\n\t\t\t<div class=\"liner-continer\">\n\t\t\t\t<h1 class=\"woodmart-title-container title  wd-font-weight-500 wd-fontsize-l\" >Cuidado Intensivo de la Columna<\/h1>\n\t\t\t\t\t\t\t<\/div>\n\t\t\t\n\t\t\t\n\t\t\t\n\t\t<\/div>\n\t\t\n\t\t[vc_single_image image=\u00bb8052&#8243; img_size=\u00bbfull\u00bb onclick=\u00bbcustom_link\u00bb qode_css_animation=\u00bb\u00bb link=\u00bbhttps:\/\/sunsetchiropractor.com\/es\/cuidado-intensivo-de-la-columna-vertebral\/\u00bb][\/vc_column][\/vc_row][vc_row row_type=\u00bbrow\u00bb use_row_as_full_screen_section=\u00bbno\u00bb type=\u00bbgrid\u00bb angled_section=\u00bbno\u00bb text_align=\u00bbleft\u00bb background_image_as_pattern=\u00bbwithout_pattern\u00bb z_index=\u00bb\u00bb][vc_column][vc_row_inner][vc_column_inner]\t\t<div id=\"wd-641de33645d72\" class=\"wd-text-block wd-wpb reset-last-child wd-rs-641de33645d72 text-left \">\n\t\t\t<h1 style=\"text-align: center;\">El Protocolo de Tratamiento de la Neuropat\u00eda del Dr. Alfonso<\/h1>\n\t\t<\/div>\n\t\t[vc_column_text woodmart_inline=\u00bbno\u00bb text_larger=\u00bbno\u00bb]La neuropat\u00eda perif\u00e9rica es una condici\u00f3n que afecta a millones de personas en todo el mundo. Es un tipo de da\u00f1o a los nervios que puede causar s\u00edntomas como entumecimiento, hormigueo y dolor en las manos y los pies. El Protocolo de Tratamiento de Neuropat\u00eda del Dr. Alfonso es un programa de tratamiento dise\u00f1ado para ayudar a las personas con neuropat\u00eda, sus s\u00edntomas y mejorar su calidad de vida. En este blog, discutiremos qu\u00e9 es el protocolo, c\u00f3mo funciona y su efectividad.<\/p>\n<p>Actualmente, la medicina convencional no tiene cura para las personas que padecen neuropat\u00eda perif\u00e9rica. A los pacientes se les recetan medicamentos potentes (analg\u00e9sicos, antidepresivos, anticonvulsivos) que no tratan la causa de los nervios perif\u00e9ricos da\u00f1ados que causan el dolor, el entumecimiento, la decoloraci\u00f3n, los calambres, las piernas inquietas y los problemas de equilibrio.<\/p>\n<p><strong><em>Desafortunadamente, estos medicamentos no rehabilitan los vasos sangu\u00edneos da\u00f1ados o los nervios perif\u00e9ricos da\u00f1ados que causan los s\u00edntomas de neuropat\u00eda (muerte de c\u00e9lulas nerviosas).<\/em><\/strong><\/p>\n<p>Los nervios de la salud reciben sangre oxigenada y nutrici\u00f3n a trav\u00e9s de capilares microsc\u00f3picos. El da\u00f1o y\/o la obstrucci\u00f3n de estos peque\u00f1os vasos sangu\u00edneos como resultado del alto nivel de az\u00facar en la sangre, las toxinas y el atrapamiento mec\u00e1nico restringen la transferencia de ox\u00edgeno y nutrici\u00f3n a las c\u00e9lulas nerviosas, lo que provoca la muerte de las c\u00e9lulas nerviosas.[\/vc_column_text][\/vc_column_inner][\/vc_row_inner][vc_empty_space height=\u00bb10px\u00bb woodmart_hide_large=\u00bb0&#8243; woodmart_hide_medium=\u00bb0&#8243; woodmart_hide_small=\u00bb0&#8243;][vc_single_image image=\u00bb5188&#8243; img_size=\u00bblarge\u00bb alignment=\u00bbcenter\u00bb onclick=\u00bbcustom_link\u00bb img_link_target=\u00bb_blank\u00bb qode_css_animation=\u00bb\u00bb link=\u00bbhttps:\/\/www.neuropathyreliefmiami.com\/en\/treatment\/\u00bb][vc_empty_space height=\u00bb10px\u00bb woodmart_hide_large=\u00bb0&#8243; woodmart_hide_medium=\u00bb0&#8243; woodmart_hide_small=\u00bb0&#8243;]\t\t<div id=\"wd-641de36d439e2\" class=\"wd-text-block wd-wpb reset-last-child wd-rs-641de36d439e2 text-left \">\n\t\t\t<h1 style=\"text-align: center;\">\u00bfQu\u00e9 es el Protocolo de Tratamiento de la Neuropat\u00eda del Dr. Alfonso?<\/h1>\n\t\t<\/div>\n\t\t[vc_column_text woodmart_inline=\u00bbno\u00bb text_larger=\u00bbno\u00bb]El Protocolo de tratamiento de neuropat\u00eda del Dr. Alfonso es un programa de tratamiento integral dise\u00f1ado para abordar las causas subyacentes de la neuropat\u00eda y controlar sus s\u00edntomas. Fue desarrollado por el Dr. Rodolfo Alfonso, quiropr\u00e1ctico con m\u00e1s de 15 a\u00f1os de experiencia en el tratamiento de pacientes con neuropat\u00eda.<\/p>\n<p>El Protocolo de tratamiento de neuropat\u00eda del Dr. Alfonso utiliza 7 tratamientos especializados dise\u00f1ados para mejorar el suministro de ox\u00edgeno, eliminar los desechos y mejorar la nutrici\u00f3n de los nervios da\u00f1ados. Aumento de la circulaci\u00f3n en los nervios perif\u00e9ricos da\u00f1ados combinado con tratamientos para estimular la regeneraci\u00f3n y reparaci\u00f3n de las c\u00e9lulas nerviosas perif\u00e9ricas.<\/p>\n<p>Mejora y aumenta el ox\u00edgeno y la nutrici\u00f3n a trav\u00e9s del aumento de la circulaci\u00f3n a los nervios da\u00f1ados.<br \/>\nRepara las fibras perif\u00e9ricas estimulando la regeneraci\u00f3n de nuevas c\u00e9lulas nerviosas.<br \/>\nElimina y elimina los atrapamientos y compresiones mec\u00e1nicas de los nervios perif\u00e9ricos en la columna vertebral y las extremidades.<\/p>\n<p style=\"text-align: center;\"><strong>Si le han diagnosticado neuropat\u00eda perif\u00e9rica o tiene s\u00edntomas de neuropat\u00eda como dolor, ardor, entumecimiento en brazos, manos, piernas o pies. Comun\u00edquese con nosotros al (305) 275-7474 para programar y discutir sus preguntas con nuestro nuevo especialista en pacientes o env\u00edenos un mensaje con su n\u00famero\/correo electr\u00f3nico y nuestro miembro del equipo se comunicar\u00e1 con usted para programar una cita.<\/strong><\/p>\n<p>[\/vc_column_text][\/vc_column][\/vc_row][vc_row full_width=\u00bbstretch_row\u00bb woodmart_css_id=\u00bb641cac11c0601&#8243; responsive_spacing=\u00bbeyJwYXJhbV90eXBlIjoid29vZG1hcnRfcmVzcG9uc2l2ZV9zcGFjaW5nIiwic2VsZWN0b3JfaWQiOiI2NDFjYWMxMWMwNjAxIiwic2hvcnRjb2RlIjoidmNfcm93IiwiZGF0YSI6eyJ0YWJsZXQiOnt9LCJtb2JpbGUiOnt9fX0=\u00bb mobile_bg_img_hidden=\u00bbno\u00bb tablet_bg_img_hidden=\u00bbno\u00bb woodmart_parallax=\u00bb0&#8243; woodmart_gradient_switch=\u00bbno\u00bb woodmart_box_shadow=\u00bbno\u00bb wd_z_index=\u00bbno\u00bb woodmart_disable_overflow=\u00bb0&#8243; row_reverse_mobile=\u00bb0&#8243; row_reverse_tablet=\u00bb0&#8243; css=\u00bb.vc_custom_1679600663882{background-color: rgba(170,93,34,0.17) !important;*background-color: rgb(170,93,34) !important;}\u00bb][vc_column][vc_column_text woodmart_inline=\u00bbno\u00bb text_larger=\u00bbno\u00bb]<\/p>\n<p style=\"text-align: center;\">Los pacientes que viven fuera de la ciudad pueden programar una consulta de llamada de WhatsApp gratuita, una consulta de reuni\u00f3n de Zoom o una consulta telef\u00f3nica tradicional con el Dr. Alfonso. Comun\u00edquese por sitio web, correo electr\u00f3nico o por tel\u00e9fono si tiene alguna pregunta. \u00a1Estamos aqu\u00ed para ayudarlo a superar la neuropat\u00eda perif\u00e9rica y que pueda volver a disfrutar de la vida! \u00a1Puede vencer la neuropat\u00eda perif\u00e9rica sin medicamentos ni cirug\u00eda!<br \/>\n<a href=\"https:\/\/www.neuropathyreliefmiami.com\/es\/contact\/\">https:\/\/www.neuropathyreliefmiami.com\/es\/contact\/<\/a><\/p>\n<p style=\"text-align: center;\">Para obtener m\u00e1s informaci\u00f3n sobre el Protocolo de tratamiento de neuropat\u00eda del Dr. Alfonso, visite nuestra p\u00e1gina de tratamiento de nuestro sitio web o llame a nuestra oficina.<br \/>\n<a href=\"https:\/\/www.neuropathyreliefmiami.com\/es\/tratamiento\/\">https:\/\/www.neuropathyreliefmiami.com\/es\/tratamiento\/<\/a><\/p>\n<p>[\/vc_column_text][\/vc_column][\/vc_row][vc_row][vc_column][vc_column_text woodmart_inline=\u00bbno\u00bb text_larger=\u00bbno\u00bb]<\/p>\n<p style=\"text-align: center;\">\u00a1Espero conocerte y ayudarte!<\/p>\n<p style=\"text-align: center;\">Atentamente para la Salud,<br \/>\nDr. Rodolfo Alfonso, D.C.<br \/>\n8585 Sunset Drive, STE 104 Miami, FL 33143<br \/>\nTel\u00e9fono: 305-275.7475<\/p>\n<p>[\/vc_column_text][\/vc_column][\/vc_row]<\/p>\n<\/section>","protected":false},"excerpt":{"rendered":"<p>[vc_row row_type=\u00bbrow\u00bb use_row_as_full_screen_section=\u00bbno\u00bb type=\u00bbfull_width\u00bb angled_section=\u00bbno\u00bb text_align=\u00bbcenter\u00bb background_image=\u00bb574&#8243; background_image_as_pattern=\u00bbwithout_pattern\u00bb css=\u00bb.vc_custom_1673440377612{background-image: url(https:\/\/sunsetchiropractor.com\/wp-content\/uploads\/2022\/08\/sunset-chiropractor-34.jpg?id=8057) !important;background-position: center !important;background-repeat: no-repeat !important;background-size: contain !important;}\u00bb z_index=\u00bb\u00bb woodmart_css_id=\u00bb63beac74cf20f\u00bb responsive_spacing=\u00bbeyJwYXJhbV90eXBlIjoid29vZG1hcnRfcmVzcG9uc2l2ZV9zcGFjaW5nIiwic2VsZWN0b3JfaWQiOiI2M2JlYWM3NGNmMjBmIiwic2hvcnRjb2RlIjoidmNfcm93IiwiZGF0YSI6eyJ0YWJsZXQiOnt9LCJtb2JpbGUiOnt9fX0=\u00bb<\/p>\n","protected":false},"author":1,"featured_media":0,"parent":0,"menu_order":0,"comment_status":"closed","ping_status":"closed","template":"","meta":{"footnotes":""},"class_list":["post-10082","page","type-page","status-publish","hentry"],"_links":{"self":[{"href":"https:\/\/sunsetchiropractor.com\/es\/wp-json\/wp\/v2\/pages\/10082","targetHints":{"allow":["GET"]}}],"collection":[{"href":"https:\/\/sunsetchiropractor.com\/es\/wp-json\/wp\/v2\/pages"}],"about":[{"href":"https:\/\/sunsetchiropractor.com\/es\/wp-json\/wp\/v2\/types\/page"}],"author":[{"embeddable":true,"href":"https:\/\/sunsetchiropractor.com\/es\/wp-json\/wp\/v2\/users\/1"}],"replies":[{"embeddable":true,"href":"https:\/\/sunsetchiropractor.com\/es\/wp-json\/wp\/v2\/comments?post=10082"}],"version-history":[{"count":10,"href":"https:\/\/sunsetchiropractor.com\/es\/wp-json\/wp\/v2\/pages\/10082\/revisions"}],"predecessor-version":[{"id":11124,"href":"https:\/\/sunsetchiropractor.com\/es\/wp-json\/wp\/v2\/pages\/10082\/revisions\/11124"}],"wp:attachment":[{"href":"https:\/\/sunsetchiropractor.com\/es\/wp-json\/wp\/v2\/media?parent=10082"}],"curies":[{"name":"wp","href":"https:\/\/api.w.org\/{rel}","templated":true}]}}